{"id":1132,"date":"2017-01-17T13:05:53","date_gmt":"2017-01-17T12:05:53","guid":{"rendered":"https:\/\/i-bau.es\/deutsch\/?page_id=1132"},"modified":"2025-07-18T14:51:11","modified_gmt":"2025-07-18T12:51:11","slug":"bueros-und-industrie","status":"publish","type":"page","link":"https:\/\/i-bau.es\/deutsch\/projekte\/bueros-und-industrie\/","title":{"rendered":"B\u00dcROS UND INDUSTRIE"},"content":{"rendered":"<p>[et_pb_section admin_label=&#8220;Secci\u00f3n&#8220; global_module=&#8220;952&#8243; transparent_background=&#8220;off&#8220; allow_player_pause=&#8220;off&#8220; inner_shadow=&#8220;off&#8220; parallax=&#8220;off&#8220; parallax_method=&#8220;off&#8220; padding_mobile=&#8220;off&#8220; make_fullwidth=&#8220;off&#8220; use_custom_width=&#8220;off&#8220; width_unit=&#8220;on&#8220; custom_width_px=&#8220;1080px&#8220; custom_width_percent=&#8220;80%&#8220; make_equal=&#8220;off&#8220; use_custom_gutter=&#8220;off&#8220; fullwidth=&#8220;on&#8220; specialty=&#8220;off&#8220; module_class=&#8220;cabecera&#8220; disabled=&#8220;off&#8220;][et_pb_fullwidth_header global_parent=&#8220;952&#8243; admin_label=&#8220;Cabecera \/ Logotipo&#8220; background_layout=&#8220;dark&#8220; text_orientation=&#8220;left&#8220; header_fullscreen=&#8220;off&#8220; header_scroll_down=&#8220;off&#8220; scroll_down_icon=&#8220;%%3%%&#8220; background_url=&#8220;https:\/\/i-bau.es\/wp-content\/uploads\/2016\/09\/cabecera03.jpg&#8220; parallax=&#8220;off&#8220; parallax_method=&#8220;off&#8220; logo_image_url=&#8220;https:\/\/i-bau.es\/wp-content\/uploads\/2016\/09\/logotipo.png&#8220; logo_alt_text=&#8220;i-bau arquitectos&#8220; content_orientation=&#8220;center&#8220; image_orientation=&#8220;bottom&#8220; title_font_size=&#8220;30px&#8220; content_font_size=&#8220;14px&#8220; custom_button_one=&#8220;off&#8220; button_one_text_size=&#8220;20&#8243; button_one_letter_spacing=&#8220;0&#8243; button_one_use_icon=&#8220;default&#8220; button_one_icon_placement=&#8220;right&#8220; button_one_on_hover=&#8220;on&#8220; button_one_letter_spacing_hover=&#8220;0&#8243; custom_button_two=&#8220;off&#8220; button_two_text_size=&#8220;20&#8243; button_two_letter_spacing=&#8220;0&#8243; button_two_use_icon=&#8220;default&#8220; button_two_icon_placement=&#8220;right&#8220; button_two_on_hover=&#8220;on&#8220; button_two_letter_spacing_hover=&#8220;0&#8243; custom_css_logo=&#8220;max-width:40%;&#8220; disabled=&#8220;off&#8220;]<\/p>\n<p>[\/et_pb_fullwidth_header][\/et_pb_section][et_pb_section admin_label=&#8220;Secci\u00f3n&#8220; transparent_background=&#8220;off&#8220; allow_player_pause=&#8220;off&#8220; inner_shadow=&#8220;off&#8220; parallax=&#8220;off&#8220; parallax_method=&#8220;on&#8220; padding_mobile=&#8220;off&#8220; make_fullwidth=&#8220;off&#8220; use_custom_width=&#8220;off&#8220; width_unit=&#8220;off&#8220; custom_width_px=&#8220;1080px&#8220; custom_width_percent=&#8220;80%&#8220; make_equal=&#8220;off&#8220; use_custom_gutter=&#8220;off&#8220; fullwidth=&#8220;off&#8220; specialty=&#8220;off&#8220; disabled=&#8220;off&#8220;][et_pb_row admin_label=&#8220;Fila&#8220; make_fullwidth=&#8220;off&#8220; use_custom_width=&#8220;off&#8220; width_unit=&#8220;on&#8220; custom_width_px=&#8220;1080px&#8220; custom_width_percent=&#8220;80%&#8220; use_custom_gutter=&#8220;off&#8220; gutter_width=&#8220;3&#8243; custom_padding=&#8220;||0px|&#8220; padding_mobile=&#8220;on&#8220; allow_player_pause=&#8220;off&#8220; parallax=&#8220;off&#8220; parallax_method=&#8220;off&#8220; make_equal=&#8220;off&#8220; column_padding_mobile=&#8220;on&#8220; parallax_1=&#8220;off&#8220; parallax_method_1=&#8220;off&#8220; parallax_2=&#8220;off&#8220; parallax_method_2=&#8220;on&#8220; parallax_3=&#8220;off&#8220; parallax_method_3=&#8220;on&#8220; parallax_4=&#8220;off&#8220; parallax_method_4=&#8220;on&#8220; custom_css_main_1=&#8220;margin:0;&#8220; disabled=&#8220;off&#8220;][et_pb_column type=&#8220;4_4&#8243;][et_pb_text admin_label=&#8220;Texto&#8220; background_layout=&#8220;light&#8220; text_orientation=&#8220;center&#8220; use_border_color=&#8220;off&#8220; border_style=&#8220;solid&#8220; disabled=&#8220;off&#8220;]<\/p>\n<p><a style=\"color: #808080;\" href=\"https:\/\/i-bau.es\/deutsch\/projekte\/\">PROJEKTE<\/a> | <strong>B\u00dcROS UND INDUSTRIE<\/strong><\/p>\n<p>[\/et_pb_text][\/et_pb_column][\/et_pb_row][et_pb_row admin_label=&#8220;Fila&#8220; make_fullwidth=&#8220;off&#8220; use_custom_width=&#8220;off&#8220; width_unit=&#8220;on&#8220; custom_width_px=&#8220;1080px&#8220; custom_width_percent=&#8220;80%&#8220; use_custom_gutter=&#8220;off&#8220; gutter_width=&#8220;3&#8243; padding_mobile=&#8220;off&#8220; allow_player_pause=&#8220;off&#8220; parallax=&#8220;off&#8220; parallax_method=&#8220;off&#8220; make_equal=&#8220;off&#8220; column_padding_mobile=&#8220;on&#8220; parallax_1=&#8220;off&#8220; parallax_method_1=&#8220;off&#8220; parallax_2=&#8220;off&#8220; parallax_method_2=&#8220;off&#8220; parallax_3=&#8220;off&#8220; parallax_method_3=&#8220;off&#8220; parallax_4=&#8220;off&#8220; parallax_method_4=&#8220;off&#8220; disabled=&#8220;off&#8220;][et_pb_column type=&#8220;1_4&#8243;][et_pb_image admin_label=&#8220;Imagen&#8220; src=&#8220;https:\/\/i-bau.es\/wp-content\/uploads\/2016\/12\/torrecristal-cuadrada.jpg&#8220; show_in_lightbox=&#8220;off&#8220; url=&#8220;https:\/\/i-bau.es\/deutsch\/projekte\/bueros-und-industrie\/commerzbankbueros-madrid\/&#8220; url_new_window=&#8220;off&#8220; use_overlay=&#8220;off&#8220; animation=&#8220;fade_in&#8220; sticky=&#8220;off&#8220; align=&#8220;left&#8220; force_fullwidth=&#8220;off&#8220; always_center_on_mobile=&#8220;on&#8220; use_border_color=&#8220;off&#8220; border_color=&#8220;#ffffff&#8220; border_style=&#8220;solid&#8220; custom_margin=&#8220;||0px|&#8220; disabled=&#8220;off&#8220;]<\/p>\n<p>[\/et_pb_image][et_pb_text admin_label=&#8220;Texto&#8220; background_layout=&#8220;light&#8220; text_orientation=&#8220;center&#8220; text_font=&#8220;|||on|&#8220; text_font_size=&#8220;11&#8243; use_border_color=&#8220;off&#8220; border_style=&#8220;solid&#8220; disabled=&#8220;off&#8220; border_color=&#8220;#ffffff&#8220;]<\/p>\n<p><a style=\"color: #000000;\" href=\"https:\/\/i-bau.es\/deutsch\/projekte\/bueros-und-industrie\/commerzbankbueros-madrid\/\">COMMERZBANKB\u00dcROS, MADRID<\/a><\/p>\n<p>[\/et_pb_text][\/et_pb_column][et_pb_column type=&#8220;1_4&#8243;][et_pb_image admin_label=&#8220;Imagen&#8220; src=&#8220;https:\/\/i-bau.es\/deutsch\/wp-content\/uploads\/sites\/2\/2017\/01\/PREVIA.jpg&#8220; show_in_lightbox=&#8220;off&#8220; url=&#8220;https:\/\/i-bau.es\/deutsch\/projekte\/bueros-und-industrie\/ball-packaging\/&#8220; url_new_window=&#8220;off&#8220; use_overlay=&#8220;off&#8220; animation=&#8220;fade_in&#8220; sticky=&#8220;off&#8220; align=&#8220;left&#8220; force_fullwidth=&#8220;off&#8220; always_center_on_mobile=&#8220;on&#8220; use_border_color=&#8220;off&#8220; border_color=&#8220;#ffffff&#8220; border_style=&#8220;solid&#8220; custom_margin=&#8220;||0px|&#8220; disabled=&#8220;off&#8220;]<\/p>\n<p>[\/et_pb_image][et_pb_text admin_label=&#8220;Texto&#8220; background_layout=&#8220;light&#8220; text_orientation=&#8220;center&#8220; text_font=&#8220;|||on|&#8220; text_font_size=&#8220;11&#8243; use_border_color=&#8220;off&#8220; border_style=&#8220;solid&#8220; disabled=&#8220;off&#8220; border_color=&#8220;#ffffff&#8220;]<\/p>\n<p><span style=\"color: #000000;\"><a style=\"color: #000000;\" href=\"https:\/\/i-bau.es\/deutsch\/projekte\/bueros-und-industrie\/ball-packaging\/\">BALL BEVERAGE PACKAGING&nbsp;GEWERBEBAU<\/a><\/span><\/p>\n<p>[\/et_pb_text][\/et_pb_column][et_pb_column type=&#8220;1_4&#8243;][et_pb_image admin_label=&#8220;Imagen&#8220; src=&#8220;https:\/\/i-bau.es\/deutsch\/wp-content\/uploads\/sites\/2\/2018\/12\/00-CUADRADA.jpg&#8220; show_in_lightbox=&#8220;off&#8220; url=&#8220;https:\/\/i-bau.es\/deutsch\/projekte\/bueros-und-industrie\/burogebaude-serrano-madrid\/&#8220; url_new_window=&#8220;off&#8220; use_overlay=&#8220;off&#8220; animation=&#8220;fade_in&#8220; sticky=&#8220;off&#8220; align=&#8220;left&#8220; force_fullwidth=&#8220;off&#8220; always_center_on_mobile=&#8220;on&#8220; use_border_color=&#8220;off&#8220; border_color=&#8220;#ffffff&#8220; border_style=&#8220;solid&#8220; custom_margin=&#8220;||0px|&#8220; disabled=&#8220;off&#8220;]<\/p>\n<p>[\/et_pb_image][et_pb_text admin_label=&#8220;Texto&#8220; background_layout=&#8220;light&#8220; text_orientation=&#8220;center&#8220; text_font=&#8220;|||on|&#8220; text_font_size=&#8220;11&#8243; use_border_color=&#8220;off&#8220; border_style=&#8220;solid&#8220; disabled=&#8220;off&#8220; border_color=&#8220;#ffffff&#8220;]<\/p>\n<p><span style=\"color: #000000;\"><a style=\"color: #000000;\" href=\"https:\/\/i-bau.es\/deutsch\/projekte\/bueros-und-industrie\/burogebaude-serrano-madrid\/\">B\u00dcROGEB\u00c4UDE IN<br \/>\nSERRANO STRASSE<\/a><\/span><\/p>\n<p>[\/et_pb_text][\/et_pb_column][et_pb_column type=&#8220;1_4&#8243;][et_pb_image admin_label=&#8220;Imagen&#8220; src=&#8220;https:\/\/i-bau.es\/deutsch\/wp-content\/uploads\/sites\/2\/2018\/12\/00-CUADRADA-1.jpg&#8220; show_in_lightbox=&#8220;off&#8220; url=&#8220;https:\/\/i-bau.es\/deutsch\/projekte\/burogebaeude\/buerogebaude-velazquez-madrid\/&#8220; url_new_window=&#8220;off&#8220; use_overlay=&#8220;off&#8220; animation=&#8220;fade_in&#8220; sticky=&#8220;off&#8220; align=&#8220;left&#8220; force_fullwidth=&#8220;off&#8220; always_center_on_mobile=&#8220;on&#8220; use_border_color=&#8220;off&#8220; border_color=&#8220;#ffffff&#8220; border_style=&#8220;solid&#8220; custom_margin=&#8220;||0px|&#8220; disabled=&#8220;off&#8220;]<\/p>\n<p>[\/et_pb_image][et_pb_text admin_label=&#8220;Texto&#8220; background_layout=&#8220;light&#8220; text_orientation=&#8220;center&#8220; text_font=&#8220;|||on|&#8220; text_font_size=&#8220;11&#8243; use_border_color=&#8220;off&#8220; border_style=&#8220;solid&#8220; disabled=&#8220;off&#8220; border_color=&#8220;#ffffff&#8220;]<\/p>\n<p><span style=\"color: #000000;\"><a style=\"color: #000000;\" href=\"https:\/\/i-bau.es\/deutsch\/projekte\/burogebaeude\/buerogebaude-velazquez-madrid\/\">B\u00dcROGEB\u00c4UDE IN<br \/>\nVEL\u00c1ZQUEZ STRASSE<\/a><\/span><\/p>\n<p>[\/et_pb_text][\/et_pb_column][\/et_pb_row][et_pb_row admin_label=&#8220;Fila&#8220; make_fullwidth=&#8220;off&#8220; use_custom_width=&#8220;off&#8220; width_unit=&#8220;off&#8220; custom_width_px=&#8220;1080px&#8220; custom_width_percent=&#8220;80%&#8220; use_custom_gutter=&#8220;off&#8220; gutter_width=&#8220;3&#8243; padding_mobile=&#8220;off&#8220; allow_player_pause=&#8220;off&#8220; parallax=&#8220;off&#8220; parallax_method=&#8220;on&#8220; make_equal=&#8220;off&#8220; column_padding_mobile=&#8220;on&#8220; parallax_1=&#8220;off&#8220; parallax_method_1=&#8220;on&#8220; parallax_2=&#8220;off&#8220; parallax_method_2=&#8220;on&#8220; parallax_3=&#8220;off&#8220; parallax_method_3=&#8220;on&#8220; parallax_4=&#8220;off&#8220; parallax_method_4=&#8220;on&#8220; disabled=&#8220;off&#8220;][et_pb_column type=&#8220;1_4&#8243;][et_pb_image admin_label=&#8220;Imagen&#8220; src=&#8220;https:\/\/i-bau.es\/deutsch\/wp-content\/uploads\/sites\/2\/2017\/01\/ARD_cuadrada.jpg&#8220; show_in_lightbox=&#8220;off&#8220; url=&#8220;https:\/\/i-bau.es\/deutsch\/projekte\/burogebaeude\/ard\/&#8220; url_new_window=&#8220;off&#8220; use_overlay=&#8220;off&#8220; animation=&#8220;fade_in&#8220; sticky=&#8220;off&#8220; align=&#8220;left&#8220; force_fullwidth=&#8220;off&#8220; always_center_on_mobile=&#8220;on&#8220; use_border_color=&#8220;off&#8220; border_color=&#8220;#ffffff&#8220; border_style=&#8220;solid&#8220; custom_margin=&#8220;||0px|&#8220; disabled=&#8220;off&#8220;]<\/p>\n<p>[\/et_pb_image][et_pb_text admin_label=&#8220;Texto&#8220; background_layout=&#8220;light&#8220; text_orientation=&#8220;center&#8220; text_font_size=&#8220;11&#8243; use_border_color=&#8220;off&#8220; border_style=&#8220;solid&#8220; disabled=&#8220;off&#8220;]<\/p>\n<p><a style=\"color: #000000;\" href=\"ard\/\">ARD STUDIO, MADRID<\/a><\/p>\n<p>[\/et_pb_text][\/et_pb_column][et_pb_column type=&#8220;1_4&#8243;][et_pb_image admin_label=&#8220;Imagen&#8220; src=&#8220;https:\/\/i-bau.es\/deutsch\/wp-content\/uploads\/sites\/2\/2019\/02\/CMB_BCN_01_c.jpg&#8220; show_in_lightbox=&#8220;off&#8220; url=&#8220;https:\/\/i-bau.es\/deutsch\/projekte\/burogebaeude\/commerzbankbueros-barcelona\/&#8220; url_new_window=&#8220;off&#8220; use_overlay=&#8220;off&#8220; animation=&#8220;fade_in&#8220; sticky=&#8220;off&#8220; align=&#8220;left&#8220; force_fullwidth=&#8220;off&#8220; always_center_on_mobile=&#8220;on&#8220; use_border_color=&#8220;off&#8220; border_color=&#8220;#ffffff&#8220; border_style=&#8220;solid&#8220; custom_margin=&#8220;||0px|&#8220; disabled=&#8220;off&#8220;]<\/p>\n<p>[\/et_pb_image][et_pb_text admin_label=&#8220;Texto&#8220; background_layout=&#8220;light&#8220; text_orientation=&#8220;center&#8220; text_font_size=&#8220;11&#8243; use_border_color=&#8220;off&#8220; border_style=&#8220;solid&#8220; disabled=&#8220;off&#8220; border_color=&#8220;#ffffff&#8220;]<\/p>\n<p><a style=\"color: #000000;\" href=\"commerzbankbueros-barcelona\/\">COMMERZBANKB\u00dcROS, BARCELONA<\/a><\/p>\n<p>[\/et_pb_text][\/et_pb_column][et_pb_column type=&#8220;1_4&#8243;][\/et_pb_column][et_pb_column type=&#8220;1_4&#8243;][\/et_pb_column][\/et_pb_row][et_pb_row admin_label=&#8220;Fila&#8220; make_fullwidth=&#8220;off&#8220; use_custom_width=&#8220;off&#8220; width_unit=&#8220;on&#8220; custom_width_px=&#8220;1080px&#8220; custom_width_percent=&#8220;80%&#8220; use_custom_gutter=&#8220;off&#8220; gutter_width=&#8220;3&#8243; padding_mobile=&#8220;off&#8220; allow_player_pause=&#8220;off&#8220; parallax=&#8220;off&#8220; parallax_method=&#8220;off&#8220; make_equal=&#8220;off&#8220; column_padding_mobile=&#8220;on&#8220; parallax_1=&#8220;off&#8220; parallax_method_1=&#8220;off&#8220; parallax_2=&#8220;off&#8220; parallax_method_2=&#8220;on&#8220; parallax_3=&#8220;off&#8220; parallax_method_3=&#8220;on&#8220; parallax_4=&#8220;off&#8220; parallax_method_4=&#8220;on&#8220; disabled=&#8220;off&#8220;][et_pb_column type=&#8220;4_4&#8243;][et_pb_text admin_label=&#8220;Enlace: Colaboraciones&#8220; background_layout=&#8220;light&#8220; text_orientation=&#8220;right&#8220; disabled_on=&#8220;on|on|on&#8220; module_class=&#8220;colaboraciones&#8220; text_font=&#8220;|||on|&#8220; use_border_color=&#8220;off&#8220; border_style=&#8220;solid&#8220; disabled=&#8220;on&#8220;]<\/p>\n<p><span style=\"color: #00ccff;\"><a style=\"color: #00ccff;\" href=\"https:\/\/i-bau.es\/deutsch\/buro\/erfahrung-des-teams\/#verwaltung\/\"><strong>B\u00dcROS UND INDUSTRIE PROJEKTE<\/strong> \u00a0 \u00a0 \u00a0 \u00a0 \u00a0 \u00a0 \u00a0 \u00a0 \u00a0 \u00a0ZUSAMMENARBEIT IN ANDEREN ARCHITEKTURB\u00dcROS<\/a><\/span><\/p>\n<p>[\/et_pb_text][\/et_pb_column][\/et_pb_row][\/et_pb_section][et_pb_section admin_label=&#8220;Secci\u00f3n&#8220; global_module=&#8220;662&#8243; fullwidth=&#8220;on&#8220; specialty=&#8220;off&#8220; transparent_background=&#8220;off&#8220; allow_player_pause=&#8220;off&#8220; inner_shadow=&#8220;off&#8220; parallax=&#8220;off&#8220; parallax_method=&#8220;off&#8220; padding_mobile=&#8220;off&#8220; make_fullwidth=&#8220;off&#8220; use_custom_width=&#8220;off&#8220; width_unit=&#8220;on&#8220; make_equal=&#8220;off&#8220; use_custom_gutter=&#8220;off&#8220; module_class=&#8220;volver-atras&#8220;][et_pb_fullwidth_code global_parent=&#8220;662&#8243; admin_label=&#8220;Enlace: Volver atr\u00e1s&#8220;]&lt;a href=&quot;https:\/\/i-bau.es\/deutsch\/projekte\/&quot;&gt;&lt;\/a&gt;[\/et_pb_fullwidth_code][\/et_pb_section]<\/p>\n","protected":false},"excerpt":{"rendered":"<p>PROJEKTE | B\u00dcROS UND INDUSTRIE COMMERZBANKB\u00dcROS, MADRID BALL BEVERAGE PACKAGING&nbsp;GEWERBEBAU B\u00dcROGEB\u00c4UDE IN SERRANO STRASSE B\u00dcROGEB\u00c4UDE IN VEL\u00c1ZQUEZ STRASSE ARD STUDIO, MADRID COMMERZBANKB\u00dcROS, BARCELONA B\u00dcROS UND INDUSTRIE PROJEKTE \u00a0 \u00a0 \u00a0 \u00a0 \u00a0 \u00a0 \u00a0 \u00a0 \u00a0 \u00a0ZUSAMMENARBEIT IN ANDEREN ARCHITEKTURB\u00dcROS<\/p>\n","protected":false},"author":4,"featured_media":0,"parent":51,"menu_order":7,"comment_status":"closed","ping_status":"closed","template":"","meta":{"_et_pb_use_builder":"on","_et_pb_old_content":"","_et_gb_content_width":"","footnotes":""},"class_list":["post-1132","page","type-page","status-publish","hentry"],"yoast_head":"<!-- This site is optimized with the Yoast SEO plugin v26.9 - https:\/\/yoast.com\/product\/yoast-seo-wordpress\/ -->\n<title>B\u00dcROS UND INDUSTRIE - i-bau Architekten<\/title>\n<meta name=\"robots\" content=\"index, follow, max-snippet:-1, max-image-preview:large, max-video-preview:-1\" \/>\n<link rel=\"canonical\" href=\"https:\/\/i-bau.es\/deutsch\/projekte\/bueros-und-industrie\/\" \/>\n<meta property=\"og:locale\" content=\"de_DE\" \/>\n<meta property=\"og:type\" content=\"article\" \/>\n<meta property=\"og:title\" content=\"B\u00dcROS UND INDUSTRIE - i-bau Architekten\" \/>\n<meta property=\"og:description\" content=\"PROJEKTE | B\u00dcROS UND INDUSTRIE COMMERZBANKB\u00dcROS, MADRID BALL BEVERAGE PACKAGING&nbsp;GEWERBEBAU B\u00dcROGEB\u00c4UDE IN SERRANO STRASSE B\u00dcROGEB\u00c4UDE IN VEL\u00c1ZQUEZ STRASSE ARD STUDIO, MADRID COMMERZBANKB\u00dcROS, BARCELONA B\u00dcROS UND INDUSTRIE PROJEKTE \u00a0 \u00a0 \u00a0 \u00a0 \u00a0 \u00a0 \u00a0 \u00a0 \u00a0 \u00a0ZUSAMMENARBEIT IN ANDEREN ARCHITEKTURB\u00dcROS\" \/>\n<meta property=\"og:url\" content=\"https:\/\/i-bau.es\/deutsch\/projekte\/bueros-und-industrie\/\" \/>\n<meta property=\"og:site_name\" content=\"i-bau Architekten\" \/>\n<meta property=\"article:modified_time\" content=\"2025-07-18T12:51:11+00:00\" \/>\n<meta name=\"twitter:card\" content=\"summary_large_image\" \/>\n<meta name=\"twitter:label1\" content=\"Gesch\u00e4tzte Lesezeit\" \/>\n\t<meta name=\"twitter:data1\" content=\"7\u00a0Minuten\" \/>\n<script type=\"application\/ld+json\" class=\"yoast-schema-graph\">{\"@context\":\"https:\/\/schema.org\",\"@graph\":[{\"@type\":\"WebPage\",\"@id\":\"https:\/\/i-bau.es\/deutsch\/projekte\/bueros-und-industrie\/\",\"url\":\"https:\/\/i-bau.es\/deutsch\/projekte\/bueros-und-industrie\/\",\"name\":\"B\u00dcROS UND INDUSTRIE - i-bau Architekten\",\"isPartOf\":{\"@id\":\"https:\/\/i-bau.es\/deutsch\/#website\"},\"datePublished\":\"2017-01-17T12:05:53+00:00\",\"dateModified\":\"2025-07-18T12:51:11+00:00\",\"breadcrumb\":{\"@id\":\"https:\/\/i-bau.es\/deutsch\/projekte\/bueros-und-industrie\/#breadcrumb\"},\"inLanguage\":\"de\",\"potentialAction\":[{\"@type\":\"ReadAction\",\"target\":[\"https:\/\/i-bau.es\/deutsch\/projekte\/bueros-und-industrie\/\"]}]},{\"@type\":\"BreadcrumbList\",\"@id\":\"https:\/\/i-bau.es\/deutsch\/projekte\/bueros-und-industrie\/#breadcrumb\",\"itemListElement\":[{\"@type\":\"ListItem\",\"position\":1,\"name\":\"Portada\",\"item\":\"https:\/\/i-bau.es\/deutsch\/\"},{\"@type\":\"ListItem\",\"position\":2,\"name\":\"PROJEKTE\",\"item\":\"https:\/\/i-bau.es\/deutsch\/projekte\/\"},{\"@type\":\"ListItem\",\"position\":3,\"name\":\"B\u00dcROS UND INDUSTRIE\"}]},{\"@type\":\"WebSite\",\"@id\":\"https:\/\/i-bau.es\/deutsch\/#website\",\"url\":\"https:\/\/i-bau.es\/deutsch\/\",\"name\":\"i-bau Architekten\",\"description\":\"Deutsch-spanisches Architekturb\u00fcro in Madrid und Mallorca.\",\"potentialAction\":[{\"@type\":\"SearchAction\",\"target\":{\"@type\":\"EntryPoint\",\"urlTemplate\":\"https:\/\/i-bau.es\/deutsch\/?s={search_term_string}\"},\"query-input\":{\"@type\":\"PropertyValueSpecification\",\"valueRequired\":true,\"valueName\":\"search_term_string\"}}],\"inLanguage\":\"de\"}]}<\/script>\n<!-- \/ Yoast SEO plugin. -->","yoast_head_json":{"title":"B\u00dcROS UND INDUSTRIE - i-bau Architekten","robots":{"index":"index","follow":"follow","max-snippet":"max-snippet:-1","max-image-preview":"max-image-preview:large","max-video-preview":"max-video-preview:-1"},"canonical":"https:\/\/i-bau.es\/deutsch\/projekte\/bueros-und-industrie\/","og_locale":"de_DE","og_type":"article","og_title":"B\u00dcROS UND INDUSTRIE - i-bau Architekten","og_description":"PROJEKTE | B\u00dcROS UND INDUSTRIE COMMERZBANKB\u00dcROS, MADRID BALL BEVERAGE PACKAGING&nbsp;GEWERBEBAU B\u00dcROGEB\u00c4UDE IN SERRANO STRASSE B\u00dcROGEB\u00c4UDE IN VEL\u00c1ZQUEZ STRASSE ARD STUDIO, MADRID COMMERZBANKB\u00dcROS, BARCELONA B\u00dcROS UND INDUSTRIE PROJEKTE \u00a0 \u00a0 \u00a0 \u00a0 \u00a0 \u00a0 \u00a0 \u00a0 \u00a0 \u00a0ZUSAMMENARBEIT IN ANDEREN ARCHITEKTURB\u00dcROS","og_url":"https:\/\/i-bau.es\/deutsch\/projekte\/bueros-und-industrie\/","og_site_name":"i-bau Architekten","article_modified_time":"2025-07-18T12:51:11+00:00","twitter_card":"summary_large_image","twitter_misc":{"Gesch\u00e4tzte Lesezeit":"7\u00a0Minuten"},"schema":{"@context":"https:\/\/schema.org","@graph":[{"@type":"WebPage","@id":"https:\/\/i-bau.es\/deutsch\/projekte\/bueros-und-industrie\/","url":"https:\/\/i-bau.es\/deutsch\/projekte\/bueros-und-industrie\/","name":"B\u00dcROS UND INDUSTRIE - i-bau Architekten","isPartOf":{"@id":"https:\/\/i-bau.es\/deutsch\/#website"},"datePublished":"2017-01-17T12:05:53+00:00","dateModified":"2025-07-18T12:51:11+00:00","breadcrumb":{"@id":"https:\/\/i-bau.es\/deutsch\/projekte\/bueros-und-industrie\/#breadcrumb"},"inLanguage":"de","potentialAction":[{"@type":"ReadAction","target":["https:\/\/i-bau.es\/deutsch\/projekte\/bueros-und-industrie\/"]}]},{"@type":"BreadcrumbList","@id":"https:\/\/i-bau.es\/deutsch\/projekte\/bueros-und-industrie\/#breadcrumb","itemListElement":[{"@type":"ListItem","position":1,"name":"Portada","item":"https:\/\/i-bau.es\/deutsch\/"},{"@type":"ListItem","position":2,"name":"PROJEKTE","item":"https:\/\/i-bau.es\/deutsch\/projekte\/"},{"@type":"ListItem","position":3,"name":"B\u00dcROS UND INDUSTRIE"}]},{"@type":"WebSite","@id":"https:\/\/i-bau.es\/deutsch\/#website","url":"https:\/\/i-bau.es\/deutsch\/","name":"i-bau Architekten","description":"Deutsch-spanisches Architekturb\u00fcro in Madrid und Mallorca.","potentialAction":[{"@type":"SearchAction","target":{"@type":"EntryPoint","urlTemplate":"https:\/\/i-bau.es\/deutsch\/?s={search_term_string}"},"query-input":{"@type":"PropertyValueSpecification","valueRequired":true,"valueName":"search_term_string"}}],"inLanguage":"de"}]}},"_links":{"self":[{"href":"https:\/\/i-bau.es\/deutsch\/wp-json\/wp\/v2\/pages\/1132","targetHints":{"allow":["GET"]}}],"collection":[{"href":"https:\/\/i-bau.es\/deutsch\/wp-json\/wp\/v2\/pages"}],"about":[{"href":"https:\/\/i-bau.es\/deutsch\/wp-json\/wp\/v2\/types\/page"}],"author":[{"embeddable":true,"href":"https:\/\/i-bau.es\/deutsch\/wp-json\/wp\/v2\/users\/4"}],"replies":[{"embeddable":true,"href":"https:\/\/i-bau.es\/deutsch\/wp-json\/wp\/v2\/comments?post=1132"}],"version-history":[{"count":47,"href":"https:\/\/i-bau.es\/deutsch\/wp-json\/wp\/v2\/pages\/1132\/revisions"}],"predecessor-version":[{"id":4023,"href":"https:\/\/i-bau.es\/deutsch\/wp-json\/wp\/v2\/pages\/1132\/revisions\/4023"}],"up":[{"embeddable":true,"href":"https:\/\/i-bau.es\/deutsch\/wp-json\/wp\/v2\/pages\/51"}],"wp:attachment":[{"href":"https:\/\/i-bau.es\/deutsch\/wp-json\/wp\/v2\/media?parent=1132"}],"curies":[{"name":"wp","href":"https:\/\/api.w.org\/{rel}","templated":true}]}}