{"id":1487,"date":"2018-12-13T18:30:19","date_gmt":"2018-12-13T17:30:19","guid":{"rendered":"https:\/\/i-bau.es\/deutsch\/?page_id=1487"},"modified":"2025-07-18T14:43:01","modified_gmt":"2025-07-18T12:43:01","slug":"burogebaude-serrano-madrid","status":"publish","type":"page","link":"https:\/\/i-bau.es\/deutsch\/projekte\/bueros-und-industrie\/burogebaude-serrano-madrid\/","title":{"rendered":"B\u00dcROGEB\u00c4UDE IN SERRANO STRASSE"},"content":{"rendered":"<p>[et_pb_section transparent_background=&#8220;off&#8220; allow_player_pause=&#8220;off&#8220; inner_shadow=&#8220;off&#8220; parallax=&#8220;off&#8220; parallax_method=&#8220;off&#8220; padding_mobile=&#8220;off&#8220; make_fullwidth=&#8220;off&#8220; use_custom_width=&#8220;off&#8220; width_unit=&#8220;on&#8220; custom_width_px=&#8220;1080px&#8220; custom_width_percent=&#8220;80%&#8220; make_equal=&#8220;off&#8220; use_custom_gutter=&#8220;off&#8220; fullwidth=&#8220;on&#8220; specialty=&#8220;off&#8220; admin_label=&#8220;Secci\u00f3n&#8220; module_class=&#8220;cabecera&#8220; disabled=&#8220;off&#8220; global_module=&#8220;952&#8243;][et_pb_fullwidth_header background_layout=&#8220;dark&#8220; text_orientation=&#8220;left&#8220; header_fullscreen=&#8220;off&#8220; header_scroll_down=&#8220;off&#8220; scroll_down_icon=&#8220;%%3%%&#8220; background_url=&#8220;https:\/\/i-bau.es\/wp-content\/uploads\/2016\/09\/cabecera03.jpg&#8220; parallax=&#8220;off&#8220; parallax_method=&#8220;off&#8220; logo_image_url=&#8220;https:\/\/i-bau.es\/wp-content\/uploads\/2016\/09\/logotipo.png&#8220; logo_alt_text=&#8220;i-bau arquitectos&#8220; content_orientation=&#8220;center&#8220; image_orientation=&#8220;bottom&#8220; admin_label=&#8220;Cabecera \/ Logotipo&#8220; title_font_size=&#8220;30px&#8220; content_font_size=&#8220;14px&#8220; custom_button_one=&#8220;off&#8220; button_one_text_size=&#8220;20&#8243; button_one_letter_spacing=&#8220;0&#8243; button_one_use_icon=&#8220;default&#8220; button_one_icon_placement=&#8220;right&#8220; button_one_on_hover=&#8220;on&#8220; button_one_letter_spacing_hover=&#8220;0&#8243; custom_button_two=&#8220;off&#8220; button_two_text_size=&#8220;20&#8243; button_two_letter_spacing=&#8220;0&#8243; button_two_use_icon=&#8220;default&#8220; button_two_icon_placement=&#8220;right&#8220; button_two_on_hover=&#8220;on&#8220; button_two_letter_spacing_hover=&#8220;0&#8243; custom_css_logo=&#8220;max-width:40%;&#8220; disabled=&#8220;off&#8220;]<\/p>\n<p>[\/et_pb_fullwidth_header][\/et_pb_section][et_pb_section transparent_background=&#8220;off&#8220; allow_player_pause=&#8220;off&#8220; inner_shadow=&#8220;off&#8220; parallax=&#8220;off&#8220; parallax_method=&#8220;off&#8220; padding_mobile=&#8220;off&#8220; make_fullwidth=&#8220;off&#8220; use_custom_width=&#8220;off&#8220; width_unit=&#8220;on&#8220; custom_width_px=&#8220;1080px&#8220; custom_width_percent=&#8220;80%&#8220; make_equal=&#8220;off&#8220; use_custom_gutter=&#8220;off&#8220; fullwidth=&#8220;off&#8220; specialty=&#8220;off&#8220; admin_label=&#8220;Secci\u00f3n&#8220; disabled=&#8220;off&#8220;][et_pb_row make_fullwidth=&#8220;off&#8220; use_custom_width=&#8220;off&#8220; width_unit=&#8220;on&#8220; custom_width_px=&#8220;1080px&#8220; custom_width_percent=&#8220;80%&#8220; use_custom_gutter=&#8220;off&#8220; gutter_width=&#8220;3&#8243; custom_padding=&#8220;||0px|&#8220; padding_mobile=&#8220;on&#8220; allow_player_pause=&#8220;off&#8220; parallax=&#8220;off&#8220; parallax_method=&#8220;off&#8220; make_equal=&#8220;off&#8220; column_padding_mobile=&#8220;on&#8220; parallax_1=&#8220;off&#8220; parallax_method_1=&#8220;off&#8220; parallax_2=&#8220;off&#8220; parallax_method_2=&#8220;on&#8220; parallax_3=&#8220;off&#8220; parallax_method_3=&#8220;on&#8220; parallax_4=&#8220;off&#8220; parallax_method_4=&#8220;on&#8220; custom_css_main_1=&#8220;margin: 0;&#8220; admin_label=&#8220;Fila&#8220; disabled=&#8220;off&#8220;][et_pb_column type=&#8220;4_4&#8243; disabled=&#8220;off&#8220; custom_css_main=&#8220;margin: 0;&#8220; parallax=&#8220;off&#8220; parallax_method=&#8220;off&#8220; column_padding_mobile=&#8220;on&#8220;][et_pb_text background_layout=&#8220;light&#8220; text_orientation=&#8220;center&#8220; admin_label=&#8220;Texto&#8220; text_font=&#8220;|||on|&#8220; use_border_color=&#8220;off&#8220; border_style=&#8220;solid&#8220; custom_margin=&#8220;||2em|&#8220; disabled=&#8220;off&#8220;]<\/p>\n<p><a style=\"color: #808080;\" href=\"https:\/\/i-bau.es\/deutsch\/projekte\/\">PROJEKTE<\/a>\u00a0|\u00a0<span style=\"color: #808080;\"><a style=\"color: #808080;\" href=\"https:\/\/i-bau.es\/deutsch\/projekte\/bueros-und-industrie\/\">B\u00dcROS UND INDUSTRIE<\/a><\/span>\u00a0| <span lang=\"en-US\"><b>B\u00dcROGEB\u00c4UDE IN SERRANO STRASSE, MADRID<\/b><\/span><\/p>\n<p>[\/et_pb_text][\/et_pb_column][\/et_pb_row][et_pb_row make_fullwidth=&#8220;off&#8220; use_custom_width=&#8220;off&#8220; width_unit=&#8220;on&#8220; custom_width_px=&#8220;1080px&#8220; custom_width_percent=&#8220;80%&#8220; use_custom_gutter=&#8220;off&#8220; gutter_width=&#8220;3&#8243; custom_padding=&#8220;0px|||&#8220; custom_padding_tablet=&#8220;0px||0px|&#8220; padding_mobile=&#8220;off&#8220; allow_player_pause=&#8220;off&#8220; parallax=&#8220;off&#8220; parallax_method=&#8220;off&#8220; make_equal=&#8220;on&#8220; column_padding_mobile=&#8220;on&#8220; bg_img_1=&#8220;https:\/\/i-bau.es\/deutsch\/wp-content\/uploads\/sites\/2\/2018\/12\/00-CUADRADA.jpg&#8220; parallax_1=&#8220;off&#8220; parallax_method_1=&#8220;off&#8220; parallax_2=&#8220;off&#8220; parallax_method_2=&#8220;off&#8220; parallax_3=&#8220;off&#8220; parallax_method_3=&#8220;on&#8220; parallax_4=&#8220;off&#8220; parallax_method_4=&#8220;on&#8220; module_class_1=&#8220;imagen-central&#8220; custom_css_main_1=&#8220;border: 1px solid #DCDCDC;&#8220; custom_css_main_2=&#8220;margin-bottom:0;&#8220; admin_label=&#8220;Fila&#8220; disabled=&#8220;off&#8220;][et_pb_column type=&#8220;1_2&#8243; disabled=&#8220;off&#8220; bg_img=&#8220;https:\/\/i-bau.es\/deutsch\/wp-content\/uploads\/sites\/2\/2018\/12\/00-CUADRADA.jpg&#8220; custom_css_main=&#8220;border: 1px solid #DCDCDC;&#8220; module_class=&#8220;imagen-central&#8220; parallax=&#8220;off&#8220; parallax_method=&#8220;off&#8220; column_padding_mobile=&#8220;on&#8220;][et_pb_code admin_label=&#8220;C\u00f3digo&#8220; module_class=&#8220;et_pb_gallery_image&#8220; custom_css_main_element=&#8220;width:100%;||height:100%;&#8220; disabled=&#8220;off&#8220;]<a href=\"https:\/\/i-bau.es\/deutsch\/wp-content\/uploads\/sites\/2\/2018\/12\/00-CUADRADA.jpg\" title=\"\"><img decoding=\"async\" src=\"https:\/\/i-bau.es\/deutsch\/wp-content\/uploads\/sites\/2\/2018\/12\/00-CUADRADA.jpg\" style=\"width:100%; height:100%; padding:0 2px;\" \/><span class=\"et_overlay et_pb_inline_icon\" data-icon=\"P\"><\/span><\/a>[\/et_pb_code][\/et_pb_column][et_pb_column type=&#8220;1_2&#8243; disabled=&#8220;off&#8220; custom_css_main=&#8220;margin-bottom:0;&#8220; parallax=&#8220;off&#8220; parallax_method=&#8220;off&#8220; column_padding_mobile=&#8220;on&#8220;][et_pb_text background_layout=&#8220;light&#8220; text_orientation=&#8220;left&#8220; admin_label=&#8220;Texto&#8220; use_border_color=&#8220;on&#8220; border_color=&#8220;#dcdcdc&#8220; border_style=&#8220;solid&#8220; custom_margin=&#8220;||10.55%|&#8220; custom_margin_tablet=&#8220;||7.5%|&#8220; custom_padding=&#8220;1em|1em|1em|1em&#8220; custom_css_main_element=&#8220;min-height:230px;&#8220; disabled=&#8220;off&#8220;]<\/p>\n<p><span lang=\"en-US\">Umbau und Sanierung eines B\u00fcrogeb\u00e4udes\u00a0f\u00fcr AEW <\/span><\/p>\n<p><span lang=\"en-US\">in Serrano Strasse 240, Madrid<\/span><\/p>\n<p><span lang=\"en-US\">Zusammenarbeit mit Architekturb\u00fcro Arq2gether<\/span><\/p>\n<p><span lang=\"en-US\">Leistungsphasen 5 &#8211; 8<\/span><\/p>\n<p><span lang=\"en-US\">BGF: 11.107 m\u00b2 <\/span><\/p>\n<p><span lang=\"en-US\">2017 &#8211; 2018<\/span><\/p>\n<p>[\/et_pb_text][et_pb_gallery gallery_ids=&#8220;1476,1479&#8243; fullwidth=&#8220;off&#8220; posts_number=&#8220;2&#8243; show_title_and_caption=&#8220;off&#8220; show_pagination=&#8220;off&#8220; background_layout=&#8220;light&#8220; auto=&#8220;off&#8220; auto_speed=&#8220;7000&#8243; zoom_icon_color=&#8220;#3a3a3a&#8220; hover_icon=&#8220;%%47%%&#8220; admin_label=&#8220;Galer\u00eda&#8220; module_class=&#8220;galeria_proyectos1&#8243; caption_all_caps=&#8220;off&#8220; use_border_color=&#8220;off&#8220; border_color=&#8220;#ffffff&#8220; border_width=&#8220;1px&#8220; border_style=&#8220;solid&#8220; disabled=&#8220;off&#8220; saved_tabs=&#8220;all&#8220;]<\/p>\n<p>[\/et_pb_gallery][\/et_pb_column][\/et_pb_row][et_pb_row make_fullwidth=&#8220;off&#8220; use_custom_width=&#8220;off&#8220; width_unit=&#8220;on&#8220; custom_width_px=&#8220;1080px&#8220; custom_width_percent=&#8220;80%&#8220; use_custom_gutter=&#8220;off&#8220; gutter_width=&#8220;3&#8243; custom_padding_tablet=&#8220;0px|||&#8220; padding_mobile=&#8220;off&#8220; allow_player_pause=&#8220;off&#8220; parallax=&#8220;off&#8220; parallax_method=&#8220;off&#8220; make_equal=&#8220;off&#8220; column_padding_mobile=&#8220;on&#8220; parallax_1=&#8220;off&#8220; parallax_method_1=&#8220;off&#8220; parallax_2=&#8220;off&#8220; parallax_method_2=&#8220;on&#8220; parallax_3=&#8220;off&#8220; parallax_method_3=&#8220;on&#8220; parallax_4=&#8220;off&#8220; parallax_method_4=&#8220;on&#8220; admin_label=&#8220;Fila&#8220; disabled=&#8220;off&#8220;][et_pb_column type=&#8220;4_4&#8243; disabled=&#8220;off&#8220; parallax=&#8220;off&#8220; parallax_method=&#8220;off&#8220; column_padding_mobile=&#8220;on&#8220;][et_pb_gallery gallery_ids=&#8220;1476,1477,1481&#8243; fullwidth=&#8220;off&#8220; posts_number=&#8220;2&#8243; show_title_and_caption=&#8220;off&#8220; show_pagination=&#8220;off&#8220; background_layout=&#8220;light&#8220; auto=&#8220;off&#8220; auto_speed=&#8220;7000&#8243; zoom_icon_color=&#8220;#3a3a3a&#8220; hover_icon=&#8220;%%47%%&#8220; admin_label=&#8220;Galer\u00eda&#8220; module_class=&#8220;galeria_proyectos2&#8243; caption_all_caps=&#8220;off&#8220; use_border_color=&#8220;off&#8220; border_color=&#8220;#ffffff&#8220; border_width=&#8220;1px&#8220; border_style=&#8220;solid&#8220; disabled=&#8220;off&#8220; saved_tabs=&#8220;all&#8220;]<\/p>\n<p>[\/et_pb_gallery][\/et_pb_column][\/et_pb_row][\/et_pb_section][et_pb_section transparent_background=&#8220;off&#8220; allow_player_pause=&#8220;off&#8220; inner_shadow=&#8220;off&#8220; parallax=&#8220;off&#8220; parallax_method=&#8220;off&#8220; padding_mobile=&#8220;off&#8220; make_fullwidth=&#8220;off&#8220; use_custom_width=&#8220;off&#8220; width_unit=&#8220;on&#8220; custom_width_px=&#8220;1080px&#8220; custom_width_percent=&#8220;80%&#8220; make_equal=&#8220;off&#8220; use_custom_gutter=&#8220;off&#8220; fullwidth=&#8220;on&#8220; specialty=&#8220;off&#8220; admin_label=&#8220;Secci\u00f3n&#8220; module_class=&#8220;volver-atras&#8220; disabled=&#8220;off&#8220; global_module=&#8220;961&#8243;][et_pb_fullwidth_code admin_label=&#8220;Enlace: Volver atr\u00e1s&#8220; disabled=&#8220;off&#8220;]<a href=\"https:\/\/i-bau.es\/deutsch\/projekte\/bueros-und-industrie\/><\/a>[\/et_pb_fullwidth_code][\/et_pb_section]<\/p>\n","protected":false},"excerpt":{"rendered":"<p>PROJEKTE\u00a0|\u00a0B\u00dcROS UND INDUSTRIE\u00a0| B\u00dcROGEB\u00c4UDE IN SERRANO STRASSE, MADRID Umbau und Sanierung eines B\u00fcrogeb\u00e4udes\u00a0f\u00fcr AEW in Serrano Strasse 240, Madrid Zusammenarbeit mit Architekturb\u00fcro Arq2gether Leistungsphasen 5 &#8211; 8 BGF: 11.107 m\u00b2 2017 &#8211; 2018<\/p>\n","protected":false},"author":4,"featured_media":0,"parent":1132,"menu_order":0,"comment_status":"closed","ping_status":"closed","template":"","meta":{"_et_pb_use_builder":"on","_et_pb_old_content":"","_et_gb_content_width":"","footnotes":""},"class_list":["post-1487","page","type-page","status-publish","hentry"],"yoast_head":"<!-- This site is optimized with the Yoast SEO plugin v26.9 - https:\/\/yoast.com\/product\/yoast-seo-wordpress\/ -->\n<title>B\u00dcROGEB\u00c4UDE IN SERRANO STRASSE - i-bau Architekten<\/title>\n<meta name=\"robots\" content=\"index, follow, max-snippet:-1, max-image-preview:large, max-video-preview:-1\" \/>\n<link rel=\"canonical\" href=\"https:\/\/i-bau.es\/deutsch\/projekte\/bueros-und-industrie\/burogebaude-serrano-madrid\/\" \/>\n<meta property=\"og:locale\" content=\"de_DE\" \/>\n<meta property=\"og:type\" content=\"article\" \/>\n<meta property=\"og:title\" content=\"B\u00dcROGEB\u00c4UDE IN SERRANO STRASSE - i-bau Architekten\" \/>\n<meta property=\"og:description\" content=\"PROJEKTE\u00a0|\u00a0B\u00dcROS UND INDUSTRIE\u00a0| B\u00dcROGEB\u00c4UDE IN SERRANO STRASSE, MADRID Umbau und Sanierung eines B\u00fcrogeb\u00e4udes\u00a0f\u00fcr AEW in Serrano Strasse 240, Madrid Zusammenarbeit mit Architekturb\u00fcro Arq2gether Leistungsphasen 5 - 8 BGF: 11.107 m\u00b2 2017 - 2018\" \/>\n<meta property=\"og:url\" content=\"https:\/\/i-bau.es\/deutsch\/projekte\/bueros-und-industrie\/burogebaude-serrano-madrid\/\" \/>\n<meta property=\"og:site_name\" content=\"i-bau Architekten\" \/>\n<meta property=\"article:modified_time\" content=\"2025-07-18T12:43:01+00:00\" \/>\n<meta property=\"og:image\" content=\"https:\/\/i-bau.es\/deutsch\/wp-content\/uploads\/sites\/2\/2018\/12\/00-CUADRADA.jpg\" \/>\n<meta name=\"twitter:card\" content=\"summary_large_image\" \/>\n<meta name=\"twitter:label1\" content=\"Gesch\u00e4tzte Lesezeit\" \/>\n\t<meta name=\"twitter:data1\" content=\"5\u00a0Minuten\" \/>\n<script type=\"application\/ld+json\" class=\"yoast-schema-graph\">{\"@context\":\"https:\/\/schema.org\",\"@graph\":[{\"@type\":\"WebPage\",\"@id\":\"https:\/\/i-bau.es\/deutsch\/projekte\/bueros-und-industrie\/burogebaude-serrano-madrid\/\",\"url\":\"https:\/\/i-bau.es\/deutsch\/projekte\/bueros-und-industrie\/burogebaude-serrano-madrid\/\",\"name\":\"B\u00dcROGEB\u00c4UDE IN SERRANO STRASSE - i-bau Architekten\",\"isPartOf\":{\"@id\":\"https:\/\/i-bau.es\/deutsch\/#website\"},\"primaryImageOfPage\":{\"@id\":\"https:\/\/i-bau.es\/deutsch\/projekte\/bueros-und-industrie\/burogebaude-serrano-madrid\/#primaryimage\"},\"image\":{\"@id\":\"https:\/\/i-bau.es\/deutsch\/projekte\/bueros-und-industrie\/burogebaude-serrano-madrid\/#primaryimage\"},\"thumbnailUrl\":\"https:\/\/i-bau.es\/deutsch\/wp-content\/uploads\/sites\/2\/2018\/12\/00-CUADRADA.jpg\",\"datePublished\":\"2018-12-13T17:30:19+00:00\",\"dateModified\":\"2025-07-18T12:43:01+00:00\",\"breadcrumb\":{\"@id\":\"https:\/\/i-bau.es\/deutsch\/projekte\/bueros-und-industrie\/burogebaude-serrano-madrid\/#breadcrumb\"},\"inLanguage\":\"de\",\"potentialAction\":[{\"@type\":\"ReadAction\",\"target\":[\"https:\/\/i-bau.es\/deutsch\/projekte\/bueros-und-industrie\/burogebaude-serrano-madrid\/\"]}]},{\"@type\":\"ImageObject\",\"inLanguage\":\"de\",\"@id\":\"https:\/\/i-bau.es\/deutsch\/projekte\/bueros-und-industrie\/burogebaude-serrano-madrid\/#primaryimage\",\"url\":\"https:\/\/i-bau.es\/deutsch\/wp-content\/uploads\/sites\/2\/2018\/12\/00-CUADRADA.jpg\",\"contentUrl\":\"https:\/\/i-bau.es\/deutsch\/wp-content\/uploads\/sites\/2\/2018\/12\/00-CUADRADA.jpg\",\"width\":1080,\"height\":1080},{\"@type\":\"BreadcrumbList\",\"@id\":\"https:\/\/i-bau.es\/deutsch\/projekte\/bueros-und-industrie\/burogebaude-serrano-madrid\/#breadcrumb\",\"itemListElement\":[{\"@type\":\"ListItem\",\"position\":1,\"name\":\"Portada\",\"item\":\"https:\/\/i-bau.es\/deutsch\/\"},{\"@type\":\"ListItem\",\"position\":2,\"name\":\"PROJEKTE\",\"item\":\"https:\/\/i-bau.es\/deutsch\/projekte\/\"},{\"@type\":\"ListItem\",\"position\":3,\"name\":\"B\u00dcROS UND INDUSTRIE\",\"item\":\"https:\/\/i-bau.es\/deutsch\/projekte\/bueros-und-industrie\/\"},{\"@type\":\"ListItem\",\"position\":4,\"name\":\"B\u00dcROGEB\u00c4UDE IN SERRANO STRASSE\"}]},{\"@type\":\"WebSite\",\"@id\":\"https:\/\/i-bau.es\/deutsch\/#website\",\"url\":\"https:\/\/i-bau.es\/deutsch\/\",\"name\":\"i-bau Architekten\",\"description\":\"Deutsch-spanisches Architekturb\u00fcro in Madrid und Mallorca.\",\"potentialAction\":[{\"@type\":\"SearchAction\",\"target\":{\"@type\":\"EntryPoint\",\"urlTemplate\":\"https:\/\/i-bau.es\/deutsch\/?s={search_term_string}\"},\"query-input\":{\"@type\":\"PropertyValueSpecification\",\"valueRequired\":true,\"valueName\":\"search_term_string\"}}],\"inLanguage\":\"de\"}]}<\/script>\n<!-- \/ Yoast SEO plugin. -->","yoast_head_json":{"title":"B\u00dcROGEB\u00c4UDE IN SERRANO STRASSE - i-bau Architekten","robots":{"index":"index","follow":"follow","max-snippet":"max-snippet:-1","max-image-preview":"max-image-preview:large","max-video-preview":"max-video-preview:-1"},"canonical":"https:\/\/i-bau.es\/deutsch\/projekte\/bueros-und-industrie\/burogebaude-serrano-madrid\/","og_locale":"de_DE","og_type":"article","og_title":"B\u00dcROGEB\u00c4UDE IN SERRANO STRASSE - i-bau Architekten","og_description":"PROJEKTE\u00a0|\u00a0B\u00dcROS UND INDUSTRIE\u00a0| B\u00dcROGEB\u00c4UDE IN SERRANO STRASSE, MADRID Umbau und Sanierung eines B\u00fcrogeb\u00e4udes\u00a0f\u00fcr AEW in Serrano Strasse 240, Madrid Zusammenarbeit mit Architekturb\u00fcro Arq2gether Leistungsphasen 5 - 8 BGF: 11.107 m\u00b2 2017 - 2018","og_url":"https:\/\/i-bau.es\/deutsch\/projekte\/bueros-und-industrie\/burogebaude-serrano-madrid\/","og_site_name":"i-bau Architekten","article_modified_time":"2025-07-18T12:43:01+00:00","og_image":[{"url":"https:\/\/i-bau.es\/deutsch\/wp-content\/uploads\/sites\/2\/2018\/12\/00-CUADRADA.jpg","type":"","width":"","height":""}],"twitter_card":"summary_large_image","twitter_misc":{"Gesch\u00e4tzte Lesezeit":"5\u00a0Minuten"},"schema":{"@context":"https:\/\/schema.org","@graph":[{"@type":"WebPage","@id":"https:\/\/i-bau.es\/deutsch\/projekte\/bueros-und-industrie\/burogebaude-serrano-madrid\/","url":"https:\/\/i-bau.es\/deutsch\/projekte\/bueros-und-industrie\/burogebaude-serrano-madrid\/","name":"B\u00dcROGEB\u00c4UDE IN SERRANO STRASSE - i-bau Architekten","isPartOf":{"@id":"https:\/\/i-bau.es\/deutsch\/#website"},"primaryImageOfPage":{"@id":"https:\/\/i-bau.es\/deutsch\/projekte\/bueros-und-industrie\/burogebaude-serrano-madrid\/#primaryimage"},"image":{"@id":"https:\/\/i-bau.es\/deutsch\/projekte\/bueros-und-industrie\/burogebaude-serrano-madrid\/#primaryimage"},"thumbnailUrl":"https:\/\/i-bau.es\/deutsch\/wp-content\/uploads\/sites\/2\/2018\/12\/00-CUADRADA.jpg","datePublished":"2018-12-13T17:30:19+00:00","dateModified":"2025-07-18T12:43:01+00:00","breadcrumb":{"@id":"https:\/\/i-bau.es\/deutsch\/projekte\/bueros-und-industrie\/burogebaude-serrano-madrid\/#breadcrumb"},"inLanguage":"de","potentialAction":[{"@type":"ReadAction","target":["https:\/\/i-bau.es\/deutsch\/projekte\/bueros-und-industrie\/burogebaude-serrano-madrid\/"]}]},{"@type":"ImageObject","inLanguage":"de","@id":"https:\/\/i-bau.es\/deutsch\/projekte\/bueros-und-industrie\/burogebaude-serrano-madrid\/#primaryimage","url":"https:\/\/i-bau.es\/deutsch\/wp-content\/uploads\/sites\/2\/2018\/12\/00-CUADRADA.jpg","contentUrl":"https:\/\/i-bau.es\/deutsch\/wp-content\/uploads\/sites\/2\/2018\/12\/00-CUADRADA.jpg","width":1080,"height":1080},{"@type":"BreadcrumbList","@id":"https:\/\/i-bau.es\/deutsch\/projekte\/bueros-und-industrie\/burogebaude-serrano-madrid\/#breadcrumb","itemListElement":[{"@type":"ListItem","position":1,"name":"Portada","item":"https:\/\/i-bau.es\/deutsch\/"},{"@type":"ListItem","position":2,"name":"PROJEKTE","item":"https:\/\/i-bau.es\/deutsch\/projekte\/"},{"@type":"ListItem","position":3,"name":"B\u00dcROS UND INDUSTRIE","item":"https:\/\/i-bau.es\/deutsch\/projekte\/bueros-und-industrie\/"},{"@type":"ListItem","position":4,"name":"B\u00dcROGEB\u00c4UDE IN SERRANO STRASSE"}]},{"@type":"WebSite","@id":"https:\/\/i-bau.es\/deutsch\/#website","url":"https:\/\/i-bau.es\/deutsch\/","name":"i-bau Architekten","description":"Deutsch-spanisches Architekturb\u00fcro in Madrid und Mallorca.","potentialAction":[{"@type":"SearchAction","target":{"@type":"EntryPoint","urlTemplate":"https:\/\/i-bau.es\/deutsch\/?s={search_term_string}"},"query-input":{"@type":"PropertyValueSpecification","valueRequired":true,"valueName":"search_term_string"}}],"inLanguage":"de"}]}},"_links":{"self":[{"href":"https:\/\/i-bau.es\/deutsch\/wp-json\/wp\/v2\/pages\/1487","targetHints":{"allow":["GET"]}}],"collection":[{"href":"https:\/\/i-bau.es\/deutsch\/wp-json\/wp\/v2\/pages"}],"about":[{"href":"https:\/\/i-bau.es\/deutsch\/wp-json\/wp\/v2\/types\/page"}],"author":[{"embeddable":true,"href":"https:\/\/i-bau.es\/deutsch\/wp-json\/wp\/v2\/users\/4"}],"replies":[{"embeddable":true,"href":"https:\/\/i-bau.es\/deutsch\/wp-json\/wp\/v2\/comments?post=1487"}],"version-history":[{"count":16,"href":"https:\/\/i-bau.es\/deutsch\/wp-json\/wp\/v2\/pages\/1487\/revisions"}],"predecessor-version":[{"id":4029,"href":"https:\/\/i-bau.es\/deutsch\/wp-json\/wp\/v2\/pages\/1487\/revisions\/4029"}],"up":[{"embeddable":true,"href":"https:\/\/i-bau.es\/deutsch\/wp-json\/wp\/v2\/pages\/1132"}],"wp:attachment":[{"href":"https:\/\/i-bau.es\/deutsch\/wp-json\/wp\/v2\/media?parent=1487"}],"curies":[{"name":"wp","href":"https:\/\/api.w.org\/{rel}","templated":true}]}}