{"id":3715,"date":"2023-04-14T14:19:37","date_gmt":"2023-04-14T12:19:37","guid":{"rendered":"https:\/\/i-bau.es\/deutsch\/?page_id=3715"},"modified":"2025-06-17T12:27:38","modified_gmt":"2025-06-17T10:27:38","slug":"creo","status":"publish","type":"page","link":"https:\/\/i-bau.es\/deutsch\/projekte\/wohnen\/creo\/","title":{"rendered":"CREO"},"content":{"rendered":"<p>[et_pb_section admin_label=&#8220;Secci\u00f3n&#8220; transparent_background=&#8220;off&#8220; allow_player_pause=&#8220;off&#8220; inner_shadow=&#8220;off&#8220; parallax=&#8220;off&#8220; parallax_method=&#8220;on&#8220; padding_mobile=&#8220;off&#8220; make_fullwidth=&#8220;off&#8220; use_custom_width=&#8220;off&#8220; width_unit=&#8220;off&#8220; custom_width_px=&#8220;1080px&#8220; custom_width_percent=&#8220;80%&#8220; make_equal=&#8220;off&#8220; use_custom_gutter=&#8220;off&#8220; fullwidth=&#8220;on&#8220; specialty=&#8220;off&#8220; disabled=&#8220;off&#8220;][et_pb_fullwidth_header admin_label=&#8220;Cabecera \/ Logotipo&#8220; background_layout=&#8220;light&#8220; text_orientation=&#8220;left&#8220; header_fullscreen=&#8220;off&#8220; header_scroll_down=&#8220;off&#8220; scroll_down_icon=&#8220;%%3%%&#8220; background_url=&#8220;https:\/\/i-bau.es\/wp-content\/uploads\/2016\/09\/cabecera03.jpg&#8220; parallax=&#8220;off&#8220; parallax_method=&#8220;off&#8220; logo_image_url=&#8220;https:\/\/i-bau.es\/wp-content\/uploads\/2016\/09\/logotipo.png&#8220; logo_alt_text=&#8220;i-bau arquitectos&#8220; content_orientation=&#8220;center&#8220; image_orientation=&#8220;bottom&#8220; title_font_size=&#8220;30px&#8220; content_font_size=&#8220;14px&#8220; custom_button_one=&#8220;off&#8220; button_one_text_size=&#8220;20&#8243; button_one_letter_spacing=&#8220;0&#8243; button_one_use_icon=&#8220;default&#8220; button_one_icon_placement=&#8220;right&#8220; button_one_on_hover=&#8220;on&#8220; button_one_letter_spacing_hover=&#8220;0&#8243; custom_button_two=&#8220;off&#8220; button_two_text_size=&#8220;20&#8243; button_two_letter_spacing=&#8220;0&#8243; button_two_use_icon=&#8220;default&#8220; button_two_icon_placement=&#8220;right&#8220; button_two_on_hover=&#8220;on&#8220; button_two_letter_spacing_hover=&#8220;0&#8243; disabled=&#8220;off&#8220;]<\/p>\n<p>[\/et_pb_fullwidth_header][\/et_pb_section][et_pb_section admin_label=&#8220;section&#8220; transparent_background=&#8220;off&#8220; allow_player_pause=&#8220;off&#8220; inner_shadow=&#8220;off&#8220; parallax=&#8220;off&#8220; parallax_method=&#8220;on&#8220; padding_mobile=&#8220;off&#8220; make_fullwidth=&#8220;off&#8220; use_custom_width=&#8220;off&#8220; width_unit=&#8220;off&#8220; custom_width_px=&#8220;1080px&#8220; custom_width_percent=&#8220;80%&#8220; make_equal=&#8220;off&#8220; use_custom_gutter=&#8220;off&#8220; fullwidth=&#8220;off&#8220; specialty=&#8220;off&#8220; disabled=&#8220;off&#8220;][et_pb_row admin_label=&#8220;row&#8220; make_fullwidth=&#8220;off&#8220; use_custom_width=&#8220;off&#8220; width_unit=&#8220;off&#8220; custom_width_px=&#8220;1080px&#8220; custom_width_percent=&#8220;80%&#8220; use_custom_gutter=&#8220;off&#8220; gutter_width=&#8220;3&#8243; padding_mobile=&#8220;off&#8220; allow_player_pause=&#8220;off&#8220; parallax=&#8220;off&#8220; parallax_method=&#8220;on&#8220; make_equal=&#8220;off&#8220; column_padding_mobile=&#8220;on&#8220; parallax_1=&#8220;off&#8220; parallax_method_1=&#8220;on&#8220; parallax_2=&#8220;off&#8220; parallax_method_2=&#8220;on&#8220; parallax_3=&#8220;off&#8220; parallax_method_3=&#8220;on&#8220; parallax_4=&#8220;off&#8220; parallax_method_4=&#8220;on&#8220; disabled=&#8220;off&#8220;][et_pb_column type=&#8220;4_4&#8243;][et_pb_text admin_label=&#8220;Texto&#8220; background_layout=&#8220;light&#8220; text_orientation=&#8220;left&#8220; use_border_color=&#8220;off&#8220; border_style=&#8220;solid&#8220; disabled=&#8220;off&#8220; border_color=&#8220;#ffffff&#8220;]<\/p>\n<p style=\"text-align: center;\"><span style=\"color: #808080;\"><a style=\"color: #808080;\" href=\"https:\/\/i-bau.es\/deutsch\/projekte\/\">PROJEKTE<\/a>\u00a0|\u00a0<a style=\"color: #808080;\" href=\"https:\/\/i-bau.es\/deutsch\/projekte\/wohnen\/\">WOHNEN<\/a>\u00a0| <strong>CREO, IBIZA<\/strong><\/span><\/p>\n<p>[\/et_pb_text][\/et_pb_column][\/et_pb_row][et_pb_row admin_label=&#8220;Fila&#8220; make_fullwidth=&#8220;off&#8220; use_custom_width=&#8220;off&#8220; width_unit=&#8220;off&#8220; custom_width_px=&#8220;1080px&#8220; custom_width_percent=&#8220;80%&#8220; use_custom_gutter=&#8220;off&#8220; gutter_width=&#8220;3&#8243; padding_mobile=&#8220;off&#8220; allow_player_pause=&#8220;off&#8220; parallax=&#8220;off&#8220; parallax_method=&#8220;on&#8220; make_equal=&#8220;off&#8220; column_padding_mobile=&#8220;on&#8220; parallax_1=&#8220;off&#8220; parallax_method_1=&#8220;on&#8220; parallax_2=&#8220;off&#8220; parallax_method_2=&#8220;on&#8220; parallax_3=&#8220;off&#8220; parallax_method_3=&#8220;on&#8220; parallax_4=&#8220;off&#8220; parallax_method_4=&#8220;on&#8220; disabled=&#8220;off&#8220;][et_pb_column type=&#8220;1_2&#8243;][et_pb_image admin_label=&#8220;Imagen&#8220; src=&#8220;https:\/\/i-bau.es\/deutsch\/wp-content\/uploads\/sites\/2\/2023\/04\/CREO-portada-de.jpg&#8220; show_in_lightbox=&#8220;off&#8220; url_new_window=&#8220;off&#8220; use_overlay=&#8220;off&#8220; animation=&#8220;fade_in&#8220; sticky=&#8220;off&#8220; align=&#8220;left&#8220; force_fullwidth=&#8220;off&#8220; always_center_on_mobile=&#8220;on&#8220; use_border_color=&#8220;off&#8220; border_color=&#8220;#ffffff&#8220; border_style=&#8220;solid&#8220; disabled=&#8220;off&#8220;]<\/p>\n<p>[\/et_pb_image][\/et_pb_column][et_pb_column type=&#8220;1_2&#8243;][et_pb_text admin_label=&#8220;Texto&#8220; background_layout=&#8220;light&#8220; text_orientation=&#8220;left&#8220; use_border_color=&#8220;on&#8220; border_color=&#8220;#dcdcdc&#8220; border_style=&#8220;solid&#8220; custom_padding=&#8220;1em|1em|1em|1em&#8220; disabled=&#8220;off&#8220;]<\/p>\n<p>CREO: Neubau von Ensemble 148 Wohnungen inklusive Schwimmbad und Garagen, in Playa d\u2019en Bossa, Ibiza<\/p>\n<p>Leistungsphasen 1 \u2013 9<\/p>\n<p>BGF: 22.000 m\u00b2\u00a0 \u00a0 \u00a0|\u00a0 \u00a0 \u00a02022 &#8211; 2025<\/p>\n<p><span style=\"color: #5ebbd4;\">Mit BIM entworfen<\/span><\/p>\n<p>[\/et_pb_text][\/et_pb_column][\/et_pb_row][et_pb_row admin_label=&#8220;Fila&#8220; make_fullwidth=&#8220;off&#8220; use_custom_width=&#8220;off&#8220; width_unit=&#8220;off&#8220; custom_width_px=&#8220;1080px&#8220; custom_width_percent=&#8220;80%&#8220; use_custom_gutter=&#8220;off&#8220; gutter_width=&#8220;3&#8243; padding_mobile=&#8220;off&#8220; allow_player_pause=&#8220;off&#8220; parallax=&#8220;off&#8220; parallax_method=&#8220;on&#8220; make_equal=&#8220;off&#8220; column_padding_mobile=&#8220;on&#8220; parallax_1=&#8220;off&#8220; parallax_method_1=&#8220;on&#8220; parallax_2=&#8220;off&#8220; parallax_method_2=&#8220;on&#8220; parallax_3=&#8220;off&#8220; parallax_method_3=&#8220;on&#8220; parallax_4=&#8220;off&#8220; parallax_method_4=&#8220;on&#8220; custom_css_main_element=&#8220;padding-top:0px;&#8220; disabled=&#8220;off&#8220;][et_pb_column type=&#8220;4_4&#8243;][et_pb_gallery admin_label=&#8220;Galer\u00eda&#8220; gallery_ids=&#8220;3719,3722,3733&#8243; fullwidth=&#8220;off&#8220; posts_number=&#8220;36&#8243; show_title_and_caption=&#8220;off&#8220; show_pagination=&#8220;off&#8220; background_layout=&#8220;light&#8220; auto=&#8220;off&#8220; auto_speed=&#8220;7000&#8243; caption_all_caps=&#8220;off&#8220; use_border_color=&#8220;off&#8220; border_color=&#8220;#ffffff&#8220; border_style=&#8220;solid&#8220; disabled=&#8220;off&#8220; hover_overlay_color=&#8220;rgba(255,255,255,0.9)&#8220;]<\/p>\n<p>[\/et_pb_gallery][\/et_pb_column][\/et_pb_row][\/et_pb_section][et_pb_section admin_label=&#8220;Secci\u00f3n&#8220; transparent_background=&#8220;off&#8220; allow_player_pause=&#8220;off&#8220; inner_shadow=&#8220;off&#8220; parallax=&#8220;off&#8220; parallax_method=&#8220;off&#8220; padding_mobile=&#8220;off&#8220; make_fullwidth=&#8220;off&#8220; use_custom_width=&#8220;off&#8220; width_unit=&#8220;on&#8220; custom_width_px=&#8220;1080px&#8220; custom_width_percent=&#8220;80%&#8220; make_equal=&#8220;off&#8220; use_custom_gutter=&#8220;off&#8220; fullwidth=&#8220;on&#8220; specialty=&#8220;off&#8220; module_class=&#8220;volver-atras&#8220; disabled=&#8220;off&#8220;][et_pb_fullwidth_code admin_label=&#8220;Enlace: Volver atr\u00e1s&#8220; disabled=&#8220;off&#8220;]&lt;A href=&#8220;https:\/\/i-bau.es\/deutsch\/projekte\/wohnen\/&#8220;&gt;&lt;\/a&gt;[\/et_pb_fullwidth_code][\/et_pb_section]<\/p>\n","protected":false},"excerpt":{"rendered":"<p>PROJEKTE\u00a0|\u00a0WOHNEN\u00a0| CREO, IBIZA CREO: Neubau von Ensemble 148 Wohnungen inklusive Schwimmbad und Garagen, in Playa d\u2019en Bossa, Ibiza Leistungsphasen 1 \u2013 9 BGF: 22.000 m\u00b2\u00a0 \u00a0 \u00a0|\u00a0 \u00a0 \u00a02022 &#8211; 2025 Mit BIM entworfen<\/p>\n","protected":false},"author":4,"featured_media":0,"parent":55,"menu_order":25,"comment_status":"closed","ping_status":"closed","template":"","meta":{"_et_pb_use_builder":"on","_et_pb_old_content":"[et_pb_section admin_label=\"Secci\u00f3n\" transparent_background=\"off\" allow_player_pause=\"off\" inner_shadow=\"off\" parallax=\"off\" parallax_method=\"on\" padding_mobile=\"off\" make_fullwidth=\"off\" use_custom_width=\"off\" width_unit=\"off\" custom_width_px=\"1080px\" custom_width_percent=\"80%\" make_equal=\"off\" use_custom_gutter=\"off\" fullwidth=\"on\" specialty=\"off\" disabled=\"off\"][et_pb_fullwidth_header admin_label=\"Cabecera \/ Logotipo\" background_layout=\"light\" text_orientation=\"left\" header_fullscreen=\"off\" header_scroll_down=\"off\" scroll_down_icon=\"%%3%%\" background_url=\"https:\/\/i-bau.es\/wp-content\/uploads\/2016\/09\/cabecera03.jpg\" parallax=\"off\" parallax_method=\"off\" logo_image_url=\"https:\/\/i-bau.es\/wp-content\/uploads\/2016\/09\/logotipo.png\" logo_alt_text=\"i-bau arquitectos\" content_orientation=\"center\" image_orientation=\"bottom\" title_font_size=\"30px\" content_font_size=\"14px\" custom_button_one=\"off\" button_one_text_size=\"20\" button_one_letter_spacing=\"0\" button_one_use_icon=\"default\" button_one_icon_placement=\"right\" button_one_on_hover=\"on\" button_one_letter_spacing_hover=\"0\" custom_button_two=\"off\" button_two_text_size=\"20\" button_two_letter_spacing=\"0\" button_two_use_icon=\"default\" button_two_icon_placement=\"right\" button_two_on_hover=\"on\" button_two_letter_spacing_hover=\"0\" disabled=\"off\"]\r\n\r\n\r\n\r\n[\/et_pb_fullwidth_header][\/et_pb_section][et_pb_section admin_label=\"section\" transparent_background=\"off\" allow_player_pause=\"off\" inner_shadow=\"off\" parallax=\"off\" parallax_method=\"on\" padding_mobile=\"off\" make_fullwidth=\"off\" use_custom_width=\"off\" width_unit=\"off\" custom_width_px=\"1080px\" custom_width_percent=\"80%\" make_equal=\"off\" use_custom_gutter=\"off\" fullwidth=\"off\" specialty=\"off\" disabled=\"off\"][et_pb_row admin_label=\"row\" make_fullwidth=\"off\" use_custom_width=\"off\" width_unit=\"off\" custom_width_px=\"1080px\" custom_width_percent=\"80%\" use_custom_gutter=\"off\" gutter_width=\"3\" padding_mobile=\"off\" allow_player_pause=\"off\" parallax=\"off\" parallax_method=\"on\" make_equal=\"off\" column_padding_mobile=\"on\" parallax_1=\"off\" parallax_method_1=\"on\" parallax_2=\"off\" parallax_method_2=\"on\" parallax_3=\"off\" parallax_method_3=\"on\" parallax_4=\"off\" parallax_method_4=\"on\" disabled=\"off\"][et_pb_column type=\"4_4\"][et_pb_text admin_label=\"Texto\" background_layout=\"light\" text_orientation=\"left\" use_border_color=\"off\" border_style=\"solid\" disabled=\"off\" border_color=\"#ffffff\"]\r\n\r\n<p style=\"text-align: center;\"><span style=\"color: #808080;\"><a style=\"color: #808080;\" href=\"https:\/\/i-bau.es\/proyectos\/\">PROYECTOS<\/a>\u00a0|\u00a0<a style=\"color: #808080;\" href=\"https:\/\/i-bau.es\/proyectos\/viviendas\/\">VIVIENDAS<\/a>\u00a0|\u00a0<strong>CREO, IBIZA<\/strong><\/span><\/p>\r\n\u00a0\r\n\r\n[\/et_pb_text][\/et_pb_column][\/et_pb_row][et_pb_row admin_label=\"Fila\" make_fullwidth=\"off\" use_custom_width=\"off\" width_unit=\"off\" custom_width_px=\"1080px\" custom_width_percent=\"80%\" use_custom_gutter=\"off\" gutter_width=\"3\" padding_mobile=\"off\" allow_player_pause=\"off\" parallax=\"off\" parallax_method=\"on\" make_equal=\"off\" column_padding_mobile=\"on\" parallax_1=\"off\" parallax_method_1=\"on\" parallax_2=\"off\" parallax_method_2=\"on\" parallax_3=\"off\" parallax_method_3=\"on\" parallax_4=\"off\" parallax_method_4=\"on\" disabled=\"off\"][et_pb_column type=\"1_2\"][et_pb_image admin_label=\"Imagen\" src=\"https:\/\/i-bau.es\/wp-content\/uploads\/2023\/03\/CREO-portada.jpg\" show_in_lightbox=\"off\" url_new_window=\"off\" use_overlay=\"off\" animation=\"fade_in\" sticky=\"off\" align=\"left\" force_fullwidth=\"off\" always_center_on_mobile=\"on\" use_border_color=\"off\" border_color=\"#ffffff\" border_style=\"solid\" disabled=\"off\"]\r\n\r\n\r\n\r\n[\/et_pb_image][\/et_pb_column][et_pb_column type=\"1_2\"][et_pb_text admin_label=\"Texto\" background_layout=\"light\" text_orientation=\"left\" use_border_color=\"on\" border_color=\"#dcdcdc\" border_style=\"solid\" custom_padding=\"1em|1em|1em|1em\" disabled=\"off\"]\r\n\r\nCREO: Nueva Construcci\u00f3n de 148 viviendas de alto nivel repartidas en 4 edificios con piscina y garajes, frente al mar en Playa d'en Bossa, Ibiza\r\n\r\nAnteproyecto, Proyecto B\u00e1sico, Proyecto de Ejecuci\u00f3n, Direcci\u00f3n de Obra y Direcci\u00f3n de Ejecuci\u00f3n de Obra\r\n\r\nSuperficie: 22.000 m\u00b2\u00a0 \u00a0 \u00a0|\u00a0 \u00a0 \u00a02022 - 2025\r\n\r\n<em>Im\u00e1genes cedidas por Domus Vivendi Group<\/em>\r\n\r\n<span style=\"color: #5ebbd4;\">Realizado en BIM<\/span>\r\n\r\n[\/et_pb_text][\/et_pb_column][\/et_pb_row][et_pb_row admin_label=\"Fila\" make_fullwidth=\"off\" use_custom_width=\"off\" width_unit=\"off\" custom_width_px=\"1080px\" custom_width_percent=\"80%\" use_custom_gutter=\"off\" gutter_width=\"3\" padding_mobile=\"off\" allow_player_pause=\"off\" parallax=\"off\" parallax_method=\"on\" make_equal=\"off\" column_padding_mobile=\"on\" parallax_1=\"off\" parallax_method_1=\"on\" parallax_2=\"off\" parallax_method_2=\"on\" parallax_3=\"off\" parallax_method_3=\"on\" parallax_4=\"off\" parallax_method_4=\"on\" custom_css_main_element=\"padding-top:0px;\" disabled=\"off\"][et_pb_column type=\"4_4\"][et_pb_gallery admin_label=\"Galer\u00eda\" gallery_ids=\"6739,6738,6742\" fullwidth=\"off\" posts_number=\"36\" show_title_and_caption=\"off\" show_pagination=\"off\" background_layout=\"light\" auto=\"off\" auto_speed=\"7000\" caption_all_caps=\"off\" use_border_color=\"off\" border_color=\"#ffffff\" border_style=\"solid\" disabled=\"off\" hover_overlay_color=\"rgba(255,255,255,0.9)\"]\r\n\r\n\r\n\r\n[\/et_pb_gallery][\/et_pb_column][\/et_pb_row][\/et_pb_section][et_pb_section admin_label=\"Secci\u00f3n\" transparent_background=\"off\" allow_player_pause=\"off\" inner_shadow=\"off\" parallax=\"off\" parallax_method=\"off\" padding_mobile=\"off\" make_fullwidth=\"off\" use_custom_width=\"off\" width_unit=\"on\" custom_width_px=\"1080px\" custom_width_percent=\"80%\" make_equal=\"off\" use_custom_gutter=\"off\" fullwidth=\"on\" specialty=\"off\" module_class=\"volver-atras\" disabled=\"off\"][et_pb_fullwidth_code admin_label=\"Enlace: Volver atr\u00e1s\" disabled=\"off\"]<a href=\"https:\/\/i-bau.es\/proyectos\/viviendas\/\"><\/a>[\/et_pb_fullwidth_code][\/et_pb_section]","_et_gb_content_width":"","footnotes":""},"class_list":["post-3715","page","type-page","status-publish","hentry"],"yoast_head":"<!-- This site is optimized with the Yoast SEO plugin v26.9 - https:\/\/yoast.com\/product\/yoast-seo-wordpress\/ -->\n<title>CREO - i-bau Architekten<\/title>\n<meta name=\"robots\" content=\"index, follow, max-snippet:-1, max-image-preview:large, max-video-preview:-1\" \/>\n<link rel=\"canonical\" href=\"https:\/\/i-bau.es\/deutsch\/projekte\/wohnen\/creo\/\" \/>\n<meta property=\"og:locale\" content=\"de_DE\" \/>\n<meta property=\"og:type\" content=\"article\" \/>\n<meta property=\"og:title\" content=\"CREO - i-bau Architekten\" \/>\n<meta property=\"og:description\" content=\"PROJEKTE\u00a0|\u00a0WOHNEN\u00a0| CREO, IBIZA CREO: Neubau von Ensemble 148 Wohnungen inklusive Schwimmbad und Garagen, in Playa d\u2019en Bossa, Ibiza Leistungsphasen 1 \u2013 9 BGF: 22.000 m\u00b2\u00a0 \u00a0 \u00a0|\u00a0 \u00a0 \u00a02022 - 2025 Mit BIM entworfen\" \/>\n<meta property=\"og:url\" content=\"https:\/\/i-bau.es\/deutsch\/projekte\/wohnen\/creo\/\" \/>\n<meta property=\"og:site_name\" content=\"i-bau Architekten\" \/>\n<meta property=\"article:modified_time\" content=\"2025-06-17T10:27:38+00:00\" \/>\n<meta name=\"twitter:card\" content=\"summary_large_image\" \/>\n<meta name=\"twitter:label1\" content=\"Gesch\u00e4tzte Lesezeit\" \/>\n\t<meta name=\"twitter:data1\" content=\"4\u00a0Minuten\" \/>\n<script type=\"application\/ld+json\" class=\"yoast-schema-graph\">{\"@context\":\"https:\/\/schema.org\",\"@graph\":[{\"@type\":\"WebPage\",\"@id\":\"https:\/\/i-bau.es\/deutsch\/projekte\/wohnen\/creo\/\",\"url\":\"https:\/\/i-bau.es\/deutsch\/projekte\/wohnen\/creo\/\",\"name\":\"CREO - i-bau Architekten\",\"isPartOf\":{\"@id\":\"https:\/\/i-bau.es\/deutsch\/#website\"},\"datePublished\":\"2023-04-14T12:19:37+00:00\",\"dateModified\":\"2025-06-17T10:27:38+00:00\",\"breadcrumb\":{\"@id\":\"https:\/\/i-bau.es\/deutsch\/projekte\/wohnen\/creo\/#breadcrumb\"},\"inLanguage\":\"de\",\"potentialAction\":[{\"@type\":\"ReadAction\",\"target\":[\"https:\/\/i-bau.es\/deutsch\/projekte\/wohnen\/creo\/\"]}]},{\"@type\":\"BreadcrumbList\",\"@id\":\"https:\/\/i-bau.es\/deutsch\/projekte\/wohnen\/creo\/#breadcrumb\",\"itemListElement\":[{\"@type\":\"ListItem\",\"position\":1,\"name\":\"Portada\",\"item\":\"https:\/\/i-bau.es\/deutsch\/\"},{\"@type\":\"ListItem\",\"position\":2,\"name\":\"PROJEKTE\",\"item\":\"https:\/\/i-bau.es\/deutsch\/projekte\/\"},{\"@type\":\"ListItem\",\"position\":3,\"name\":\"WOHNEN\",\"item\":\"https:\/\/i-bau.es\/deutsch\/projekte\/wohnen\/\"},{\"@type\":\"ListItem\",\"position\":4,\"name\":\"CREO\"}]},{\"@type\":\"WebSite\",\"@id\":\"https:\/\/i-bau.es\/deutsch\/#website\",\"url\":\"https:\/\/i-bau.es\/deutsch\/\",\"name\":\"i-bau Architekten\",\"description\":\"Deutsch-spanisches Architekturb\u00fcro in Madrid und Mallorca.\",\"potentialAction\":[{\"@type\":\"SearchAction\",\"target\":{\"@type\":\"EntryPoint\",\"urlTemplate\":\"https:\/\/i-bau.es\/deutsch\/?s={search_term_string}\"},\"query-input\":{\"@type\":\"PropertyValueSpecification\",\"valueRequired\":true,\"valueName\":\"search_term_string\"}}],\"inLanguage\":\"de\"}]}<\/script>\n<!-- \/ Yoast SEO plugin. -->","yoast_head_json":{"title":"CREO - i-bau Architekten","robots":{"index":"index","follow":"follow","max-snippet":"max-snippet:-1","max-image-preview":"max-image-preview:large","max-video-preview":"max-video-preview:-1"},"canonical":"https:\/\/i-bau.es\/deutsch\/projekte\/wohnen\/creo\/","og_locale":"de_DE","og_type":"article","og_title":"CREO - i-bau Architekten","og_description":"PROJEKTE\u00a0|\u00a0WOHNEN\u00a0| CREO, IBIZA CREO: Neubau von Ensemble 148 Wohnungen inklusive Schwimmbad und Garagen, in Playa d\u2019en Bossa, Ibiza Leistungsphasen 1 \u2013 9 BGF: 22.000 m\u00b2\u00a0 \u00a0 \u00a0|\u00a0 \u00a0 \u00a02022 - 2025 Mit BIM entworfen","og_url":"https:\/\/i-bau.es\/deutsch\/projekte\/wohnen\/creo\/","og_site_name":"i-bau Architekten","article_modified_time":"2025-06-17T10:27:38+00:00","twitter_card":"summary_large_image","twitter_misc":{"Gesch\u00e4tzte Lesezeit":"4\u00a0Minuten"},"schema":{"@context":"https:\/\/schema.org","@graph":[{"@type":"WebPage","@id":"https:\/\/i-bau.es\/deutsch\/projekte\/wohnen\/creo\/","url":"https:\/\/i-bau.es\/deutsch\/projekte\/wohnen\/creo\/","name":"CREO - i-bau Architekten","isPartOf":{"@id":"https:\/\/i-bau.es\/deutsch\/#website"},"datePublished":"2023-04-14T12:19:37+00:00","dateModified":"2025-06-17T10:27:38+00:00","breadcrumb":{"@id":"https:\/\/i-bau.es\/deutsch\/projekte\/wohnen\/creo\/#breadcrumb"},"inLanguage":"de","potentialAction":[{"@type":"ReadAction","target":["https:\/\/i-bau.es\/deutsch\/projekte\/wohnen\/creo\/"]}]},{"@type":"BreadcrumbList","@id":"https:\/\/i-bau.es\/deutsch\/projekte\/wohnen\/creo\/#breadcrumb","itemListElement":[{"@type":"ListItem","position":1,"name":"Portada","item":"https:\/\/i-bau.es\/deutsch\/"},{"@type":"ListItem","position":2,"name":"PROJEKTE","item":"https:\/\/i-bau.es\/deutsch\/projekte\/"},{"@type":"ListItem","position":3,"name":"WOHNEN","item":"https:\/\/i-bau.es\/deutsch\/projekte\/wohnen\/"},{"@type":"ListItem","position":4,"name":"CREO"}]},{"@type":"WebSite","@id":"https:\/\/i-bau.es\/deutsch\/#website","url":"https:\/\/i-bau.es\/deutsch\/","name":"i-bau Architekten","description":"Deutsch-spanisches Architekturb\u00fcro in Madrid und Mallorca.","potentialAction":[{"@type":"SearchAction","target":{"@type":"EntryPoint","urlTemplate":"https:\/\/i-bau.es\/deutsch\/?s={search_term_string}"},"query-input":{"@type":"PropertyValueSpecification","valueRequired":true,"valueName":"search_term_string"}}],"inLanguage":"de"}]}},"_links":{"self":[{"href":"https:\/\/i-bau.es\/deutsch\/wp-json\/wp\/v2\/pages\/3715","targetHints":{"allow":["GET"]}}],"collection":[{"href":"https:\/\/i-bau.es\/deutsch\/wp-json\/wp\/v2\/pages"}],"about":[{"href":"https:\/\/i-bau.es\/deutsch\/wp-json\/wp\/v2\/types\/page"}],"author":[{"embeddable":true,"href":"https:\/\/i-bau.es\/deutsch\/wp-json\/wp\/v2\/users\/4"}],"replies":[{"embeddable":true,"href":"https:\/\/i-bau.es\/deutsch\/wp-json\/wp\/v2\/comments?post=3715"}],"version-history":[{"count":7,"href":"https:\/\/i-bau.es\/deutsch\/wp-json\/wp\/v2\/pages\/3715\/revisions"}],"predecessor-version":[{"id":4004,"href":"https:\/\/i-bau.es\/deutsch\/wp-json\/wp\/v2\/pages\/3715\/revisions\/4004"}],"up":[{"embeddable":true,"href":"https:\/\/i-bau.es\/deutsch\/wp-json\/wp\/v2\/pages\/55"}],"wp:attachment":[{"href":"https:\/\/i-bau.es\/deutsch\/wp-json\/wp\/v2\/media?parent=3715"}],"curies":[{"name":"wp","href":"https:\/\/api.w.org\/{rel}","templated":true}]}}