{"id":69,"date":"2016-09-28T13:24:42","date_gmt":"2016-09-28T13:24:42","guid":{"rendered":"https:\/\/i-bau.es\/deutsch\/?page_id=69"},"modified":"2021-05-05T17:31:02","modified_gmt":"2021-05-05T15:31:02","slug":"studentenwohnheim-isabel-de-espana-madrid","status":"publish","type":"page","link":"https:\/\/i-bau.es\/deutsch\/projekte\/wohnheime-und-hotels\/studentenwohnheim-isabel-de-espana-madrid\/","title":{"rendered":"STUDENTENWOHNHEIM ISABEL DE ESPA\u00d1A"},"content":{"rendered":"<p>[et_pb_section admin_label=&#8220;Secci\u00f3n&#8220; global_module=&#8220;952&#8243; transparent_background=&#8220;off&#8220; allow_player_pause=&#8220;off&#8220; inner_shadow=&#8220;off&#8220; parallax=&#8220;off&#8220; parallax_method=&#8220;off&#8220; padding_mobile=&#8220;off&#8220; make_fullwidth=&#8220;off&#8220; use_custom_width=&#8220;off&#8220; width_unit=&#8220;on&#8220; custom_width_px=&#8220;1080px&#8220; custom_width_percent=&#8220;80%&#8220; make_equal=&#8220;off&#8220; use_custom_gutter=&#8220;off&#8220; fullwidth=&#8220;on&#8220; specialty=&#8220;off&#8220; module_class=&#8220;cabecera&#8220; disabled=&#8220;off&#8220;][et_pb_fullwidth_header global_parent=&#8220;952&#8243; admin_label=&#8220;Cabecera \/ Logotipo&#8220; background_layout=&#8220;dark&#8220; text_orientation=&#8220;left&#8220; header_fullscreen=&#8220;off&#8220; header_scroll_down=&#8220;off&#8220; scroll_down_icon=&#8220;%%3%%&#8220; background_url=&#8220;https:\/\/i-bau.es\/wp-content\/uploads\/2016\/09\/cabecera03.jpg&#8220; parallax=&#8220;off&#8220; parallax_method=&#8220;off&#8220; logo_image_url=&#8220;https:\/\/i-bau.es\/wp-content\/uploads\/2016\/09\/logotipo.png&#8220; logo_alt_text=&#8220;i-bau arquitectos&#8220; content_orientation=&#8220;center&#8220; image_orientation=&#8220;bottom&#8220; title_font_size=&#8220;30px&#8220; content_font_size=&#8220;14px&#8220; custom_button_one=&#8220;off&#8220; button_one_text_size=&#8220;20&#8243; button_one_letter_spacing=&#8220;0&#8243; button_one_use_icon=&#8220;default&#8220; button_one_icon_placement=&#8220;right&#8220; button_one_on_hover=&#8220;on&#8220; button_one_letter_spacing_hover=&#8220;0&#8243; custom_button_two=&#8220;off&#8220; button_two_text_size=&#8220;20&#8243; button_two_letter_spacing=&#8220;0&#8243; button_two_use_icon=&#8220;default&#8220; button_two_icon_placement=&#8220;right&#8220; button_two_on_hover=&#8220;on&#8220; button_two_letter_spacing_hover=&#8220;0&#8243; custom_css_logo=&#8220;max-width:40%;&#8220; disabled=&#8220;off&#8220;]<\/p>\n<p>[\/et_pb_fullwidth_header][\/et_pb_section][et_pb_section admin_label=&#8220;Secci\u00f3n&#8220; transparent_background=&#8220;off&#8220; allow_player_pause=&#8220;off&#8220; inner_shadow=&#8220;off&#8220; parallax=&#8220;off&#8220; parallax_method=&#8220;off&#8220; padding_mobile=&#8220;off&#8220; make_fullwidth=&#8220;off&#8220; use_custom_width=&#8220;off&#8220; width_unit=&#8220;on&#8220; custom_width_px=&#8220;1080px&#8220; custom_width_percent=&#8220;80%&#8220; make_equal=&#8220;off&#8220; use_custom_gutter=&#8220;off&#8220; fullwidth=&#8220;off&#8220; specialty=&#8220;off&#8220; disabled=&#8220;off&#8220;][et_pb_row admin_label=&#8220;Fila&#8220; make_fullwidth=&#8220;off&#8220; use_custom_width=&#8220;off&#8220; width_unit=&#8220;on&#8220; custom_width_px=&#8220;1080px&#8220; custom_width_percent=&#8220;80%&#8220; use_custom_gutter=&#8220;off&#8220; gutter_width=&#8220;3&#8243; custom_padding=&#8220;||0px|&#8220; padding_mobile=&#8220;on&#8220; allow_player_pause=&#8220;off&#8220; parallax=&#8220;off&#8220; parallax_method=&#8220;off&#8220; make_equal=&#8220;off&#8220; column_padding_mobile=&#8220;on&#8220; parallax_1=&#8220;off&#8220; parallax_method_1=&#8220;off&#8220; parallax_2=&#8220;off&#8220; parallax_method_2=&#8220;on&#8220; parallax_3=&#8220;off&#8220; parallax_method_3=&#8220;on&#8220; parallax_4=&#8220;off&#8220; parallax_method_4=&#8220;on&#8220; custom_css_main_1=&#8220;margin: 0;&#8220; disabled=&#8220;off&#8220;][et_pb_column type=&#8220;4_4&#8243;][et_pb_text admin_label=&#8220;Texto&#8220; background_layout=&#8220;light&#8220; text_orientation=&#8220;center&#8220; text_font=&#8220;|||on|&#8220; use_border_color=&#8220;off&#8220; border_style=&#8220;solid&#8220; custom_margin=&#8220;||2em|&#8220; disabled=&#8220;off&#8220; border_color=&#8220;#ffffff&#8220;]<\/p>\n<p><a style=\"color: #808080;\" href=\"https:\/\/i-bau.es\/deutsch\/projekte\/\">PROJEKTE<\/a> | <a style=\"color: #808080;\" href=\"https:\/\/i-bau.es\/deutsch\/projekte\/wohnheime-und-hotels\/\">WOHNHEIME UND HOTELS<\/a> | <strong>STUDENTENWOHNHEIM ISABEL DE ESPA\u00d1A, Madrid<\/strong><\/p>\n<p>[\/et_pb_text][\/et_pb_column][\/et_pb_row][et_pb_row admin_label=&#8220;Fila&#8220; make_fullwidth=&#8220;off&#8220; use_custom_width=&#8220;off&#8220; width_unit=&#8220;on&#8220; custom_width_px=&#8220;1080px&#8220; custom_width_percent=&#8220;80%&#8220; use_custom_gutter=&#8220;off&#8220; gutter_width=&#8220;3&#8243; custom_padding=&#8220;0px|||&#8220; custom_padding_tablet=&#8220;0px||0px|&#8220; padding_mobile=&#8220;off&#8220; allow_player_pause=&#8220;off&#8220; parallax=&#8220;off&#8220; parallax_method=&#8220;off&#8220; make_equal=&#8220;on&#8220; column_padding_mobile=&#8220;on&#8220; bg_img_1=&#8220;https:\/\/i-bau.es\/wp-content\/uploads\/2016\/09\/1-7.jpg&#8220; parallax_1=&#8220;off&#8220; parallax_method_1=&#8220;off&#8220; parallax_2=&#8220;off&#8220; parallax_method_2=&#8220;off&#8220; parallax_3=&#8220;off&#8220; parallax_method_3=&#8220;on&#8220; parallax_4=&#8220;off&#8220; parallax_method_4=&#8220;on&#8220; module_class_1=&#8220;imagen-central&#8220; custom_css_main_1=&#8220;border: 1px solid #DCDCDC;&#8220; custom_css_main_2=&#8220;margin-bottom:0;&#8220; disabled=&#8220;off&#8220;][et_pb_column type=&#8220;1_2&#8243;][et_pb_code admin_label=&#8220;C\u00f3digo&#8220; module_class=&#8220;et_pb_gallery_image&#8220; custom_css_main_element=&#8220;width:100%;||height:100%;&#8220; disabled=&#8220;off&#8220;]&lt;a style=&quot;display: block;&quot; title=&quot;&quot; href=&quot;https:\/\/i-bau.es\/wp-content\/uploads\/2016\/09\/1-7.jpg&quot;&gt;&lt;img style=&quot;width: 100%; height: 100%; padding: 0 2px;&quot; src=&quot;https:\/\/i-bau.es\/wp-content\/uploads\/2016\/09\/blank.png&quot; \/&gt;&lt;\/a&gt;[\/et_pb_code][\/et_pb_column][et_pb_column type=&#8220;1_2&#8243;][et_pb_text admin_label=&#8220;Texto&#8220; background_layout=&#8220;light&#8220; text_orientation=&#8220;left&#8220; use_border_color=&#8220;on&#8220; border_color=&#8220;#dcdcdc&#8220; border_style=&#8220;solid&#8220; custom_margin=&#8220;||10.55%|&#8220; custom_margin_tablet=&#8220;||7.5%|&#8220; custom_padding=&#8220;1em|1em|1em|1em&#8220; custom_css_main_element=&#8220;min-height:230px;&#8220; disabled=&#8220;off&#8220;]<\/p>\n<p>Umbau und Sanierung der Au\u00dfenbereiche und der Cafeteria des Studentenwohnheims<\/p>\n<p>Architekten: Luis Miguel Su\u00e1rez and Antonio Viloria<\/p>\n<p>Generalplanung und Bauleitung (inkl. Aparejador)<\/p>\n<p>BGF: 1.300 m\u00b2<\/p>\n<p>2012 &#8211; 2014<\/p>\n<p>[\/et_pb_text][et_pb_gallery admin_label=&#8220;Galer\u00eda&#8220; gallery_ids=&#8220;467,468&#8243; fullwidth=&#8220;off&#8220; posts_number=&#8220;2&#8243; show_title_and_caption=&#8220;off&#8220; show_pagination=&#8220;off&#8220; background_layout=&#8220;light&#8220; auto=&#8220;off&#8220; auto_speed=&#8220;7000&#8243; zoom_icon_color=&#8220;#3a3a3a&#8220; hover_icon=&#8220;%%47%%&#8220; module_class=&#8220;galeria_proyectos1&#8243; caption_all_caps=&#8220;off&#8220; use_border_color=&#8220;off&#8220; border_color=&#8220;#ffffff&#8220; border_width=&#8220;1px&#8220; border_style=&#8220;solid&#8220; disabled=&#8220;off&#8220; saved_tabs=&#8220;all&#8220;]<\/p>\n<p>[\/et_pb_gallery][\/et_pb_column][\/et_pb_row][et_pb_row admin_label=&#8220;Fila&#8220; make_fullwidth=&#8220;off&#8220; use_custom_width=&#8220;off&#8220; width_unit=&#8220;on&#8220; custom_width_px=&#8220;1080px&#8220; custom_width_percent=&#8220;80%&#8220; use_custom_gutter=&#8220;off&#8220; gutter_width=&#8220;3&#8243; custom_padding_tablet=&#8220;0px|||&#8220; padding_mobile=&#8220;off&#8220; allow_player_pause=&#8220;off&#8220; parallax=&#8220;off&#8220; parallax_method=&#8220;off&#8220; make_equal=&#8220;off&#8220; column_padding_mobile=&#8220;on&#8220; parallax_1=&#8220;off&#8220; parallax_method_1=&#8220;off&#8220; parallax_2=&#8220;off&#8220; parallax_method_2=&#8220;on&#8220; parallax_3=&#8220;off&#8220; parallax_method_3=&#8220;on&#8220; parallax_4=&#8220;off&#8220; parallax_method_4=&#8220;on&#8220; disabled=&#8220;off&#8220;][et_pb_column type=&#8220;4_4&#8243;][et_pb_gallery admin_label=&#8220;Galer\u00eda&#8220; gallery_ids=&#8220;469,470,471,472,473,474&#8243; fullwidth=&#8220;off&#8220; posts_number=&#8220;6&#8243; show_title_and_caption=&#8220;off&#8220; show_pagination=&#8220;off&#8220; background_layout=&#8220;light&#8220; auto=&#8220;off&#8220; auto_speed=&#8220;7000&#8243; zoom_icon_color=&#8220;#3a3a3a&#8220; hover_icon=&#8220;%%47%%&#8220; module_class=&#8220;galeria_proyectos2&#8243; caption_all_caps=&#8220;off&#8220; use_border_color=&#8220;off&#8220; border_color=&#8220;#ffffff&#8220; border_width=&#8220;1px&#8220; border_style=&#8220;solid&#8220; disabled=&#8220;off&#8220; saved_tabs=&#8220;all&#8220;]<\/p>\n<p>[\/et_pb_gallery][et_pb_text admin_label=&#8220;Texto&#8220; background_layout=&#8220;light&#8220; text_orientation=&#8220;left&#8220; use_border_color=&#8220;off&#8220; border_style=&#8220;solid&#8220; disabled=&#8220;off&#8220;]<\/p>\n<p>URSPR\u00dcNGLICHER ZUSTAND<\/p>\n<p>[\/et_pb_text][et_pb_gallery admin_label=&#8220;Galer\u00eda&#8220; gallery_ids=&#8220;475,476,477,478,479,480,481,482,483&#8243; fullwidth=&#8220;off&#8220; posts_number=&#8220;9&#8243; show_title_and_caption=&#8220;off&#8220; show_pagination=&#8220;off&#8220; background_layout=&#8220;light&#8220; auto=&#8220;off&#8220; auto_speed=&#8220;7000&#8243; zoom_icon_color=&#8220;#3a3a3a&#8220; hover_icon=&#8220;%%47%%&#8220; module_class=&#8220;galeria_proyectos2&#8243; caption_all_caps=&#8220;off&#8220; use_border_color=&#8220;off&#8220; border_color=&#8220;#ffffff&#8220; border_width=&#8220;1px&#8220; border_style=&#8220;solid&#8220; disabled=&#8220;off&#8220; saved_tabs=&#8220;all&#8220;]<\/p>\n<p>[\/et_pb_gallery][\/et_pb_column][\/et_pb_row][\/et_pb_section][et_pb_section admin_label=&#8220;Secci\u00f3n&#8220; global_module=&#8220;961&#8243; fullwidth=&#8220;on&#8220; specialty=&#8220;off&#8220; transparent_background=&#8220;off&#8220; allow_player_pause=&#8220;off&#8220; inner_shadow=&#8220;off&#8220; parallax=&#8220;off&#8220; parallax_method=&#8220;off&#8220; padding_mobile=&#8220;off&#8220; make_fullwidth=&#8220;off&#8220; use_custom_width=&#8220;off&#8220; width_unit=&#8220;on&#8220; make_equal=&#8220;off&#8220; use_custom_gutter=&#8220;off&#8220; module_class=&#8220;volver-atras&#8220;][et_pb_fullwidth_code global_parent=&#8220;961&#8243; admin_label=&#8220;Enlace: Volver atr\u00e1s&#8220;]&lt;a href=&quot;https:\/\/i-bau.es\/deutsch\/projekte\/wohnheime-und-hotels\/&quot;&gt;&lt;\/a&gt;[\/et_pb_fullwidth_code][\/et_pb_section]<\/p>\n","protected":false},"excerpt":{"rendered":"<p>PROJEKTE | WOHNHEIME UND HOTELS | STUDENTENWOHNHEIM ISABEL DE ESPA\u00d1A, Madrid Umbau und Sanierung der Au\u00dfenbereiche und der Cafeteria des Studentenwohnheims Architekten: Luis Miguel Su\u00e1rez and Antonio Viloria Generalplanung und Bauleitung (inkl. Aparejador) BGF: 1.300 m\u00b2 2012 &#8211; 2014 URSPR\u00dcNGLICHER ZUSTAND<\/p>\n","protected":false},"author":2,"featured_media":0,"parent":52,"menu_order":0,"comment_status":"closed","ping_status":"closed","template":"","meta":{"_et_pb_use_builder":"on","_et_pb_old_content":"","_et_gb_content_width":"","footnotes":""},"class_list":["post-69","page","type-page","status-publish","hentry"],"yoast_head":"<!-- This site is optimized with the Yoast SEO plugin v26.9 - https:\/\/yoast.com\/product\/yoast-seo-wordpress\/ -->\n<title>STUDENTENWOHNHEIM ISABEL DE ESPA\u00d1A - i-bau Architekten<\/title>\n<meta name=\"robots\" content=\"index, follow, max-snippet:-1, max-image-preview:large, max-video-preview:-1\" \/>\n<link rel=\"canonical\" href=\"https:\/\/i-bau.es\/deutsch\/projekte\/wohnheime-und-hotels\/studentenwohnheim-isabel-de-espana-madrid\/\" \/>\n<meta property=\"og:locale\" content=\"de_DE\" \/>\n<meta property=\"og:type\" content=\"article\" \/>\n<meta property=\"og:title\" content=\"STUDENTENWOHNHEIM ISABEL DE ESPA\u00d1A - i-bau Architekten\" \/>\n<meta property=\"og:description\" content=\"PROJEKTE | WOHNHEIME UND HOTELS | STUDENTENWOHNHEIM ISABEL DE ESPA\u00d1A, Madrid Umbau und Sanierung der Au\u00dfenbereiche und der Cafeteria des Studentenwohnheims Architekten: Luis Miguel Su\u00e1rez and Antonio Viloria Generalplanung und Bauleitung (inkl. Aparejador) BGF: 1.300 m\u00b2 2012 - 2014 URSPR\u00dcNGLICHER ZUSTAND\" \/>\n<meta property=\"og:url\" content=\"https:\/\/i-bau.es\/deutsch\/projekte\/wohnheime-und-hotels\/studentenwohnheim-isabel-de-espana-madrid\/\" \/>\n<meta property=\"og:site_name\" content=\"i-bau Architekten\" \/>\n<meta property=\"article:modified_time\" content=\"2021-05-05T15:31:02+00:00\" \/>\n<meta name=\"twitter:card\" content=\"summary_large_image\" \/>\n<meta name=\"twitter:label1\" content=\"Gesch\u00e4tzte Lesezeit\" \/>\n\t<meta name=\"twitter:data1\" content=\"5\u00a0Minuten\" \/>\n<script type=\"application\/ld+json\" class=\"yoast-schema-graph\">{\"@context\":\"https:\/\/schema.org\",\"@graph\":[{\"@type\":\"WebPage\",\"@id\":\"https:\/\/i-bau.es\/deutsch\/projekte\/wohnheime-und-hotels\/studentenwohnheim-isabel-de-espana-madrid\/\",\"url\":\"https:\/\/i-bau.es\/deutsch\/projekte\/wohnheime-und-hotels\/studentenwohnheim-isabel-de-espana-madrid\/\",\"name\":\"STUDENTENWOHNHEIM ISABEL DE ESPA\u00d1A - i-bau Architekten\",\"isPartOf\":{\"@id\":\"https:\/\/i-bau.es\/deutsch\/#website\"},\"datePublished\":\"2016-09-28T13:24:42+00:00\",\"dateModified\":\"2021-05-05T15:31:02+00:00\",\"breadcrumb\":{\"@id\":\"https:\/\/i-bau.es\/deutsch\/projekte\/wohnheime-und-hotels\/studentenwohnheim-isabel-de-espana-madrid\/#breadcrumb\"},\"inLanguage\":\"de\",\"potentialAction\":[{\"@type\":\"ReadAction\",\"target\":[\"https:\/\/i-bau.es\/deutsch\/projekte\/wohnheime-und-hotels\/studentenwohnheim-isabel-de-espana-madrid\/\"]}]},{\"@type\":\"BreadcrumbList\",\"@id\":\"https:\/\/i-bau.es\/deutsch\/projekte\/wohnheime-und-hotels\/studentenwohnheim-isabel-de-espana-madrid\/#breadcrumb\",\"itemListElement\":[{\"@type\":\"ListItem\",\"position\":1,\"name\":\"Portada\",\"item\":\"https:\/\/i-bau.es\/deutsch\/\"},{\"@type\":\"ListItem\",\"position\":2,\"name\":\"PROJEKTE\",\"item\":\"https:\/\/i-bau.es\/deutsch\/projekte\/\"},{\"@type\":\"ListItem\",\"position\":3,\"name\":\"WOHNHEIME UND HOTELS\",\"item\":\"https:\/\/i-bau.es\/deutsch\/projekte\/wohnheime-und-hotels\/\"},{\"@type\":\"ListItem\",\"position\":4,\"name\":\"STUDENTENWOHNHEIM ISABEL DE ESPA\u00d1A\"}]},{\"@type\":\"WebSite\",\"@id\":\"https:\/\/i-bau.es\/deutsch\/#website\",\"url\":\"https:\/\/i-bau.es\/deutsch\/\",\"name\":\"i-bau Architekten\",\"description\":\"Deutsch-spanisches Architekturb\u00fcro in Madrid und Mallorca.\",\"potentialAction\":[{\"@type\":\"SearchAction\",\"target\":{\"@type\":\"EntryPoint\",\"urlTemplate\":\"https:\/\/i-bau.es\/deutsch\/?s={search_term_string}\"},\"query-input\":{\"@type\":\"PropertyValueSpecification\",\"valueRequired\":true,\"valueName\":\"search_term_string\"}}],\"inLanguage\":\"de\"}]}<\/script>\n<!-- \/ Yoast SEO plugin. -->","yoast_head_json":{"title":"STUDENTENWOHNHEIM ISABEL DE ESPA\u00d1A - i-bau Architekten","robots":{"index":"index","follow":"follow","max-snippet":"max-snippet:-1","max-image-preview":"max-image-preview:large","max-video-preview":"max-video-preview:-1"},"canonical":"https:\/\/i-bau.es\/deutsch\/projekte\/wohnheime-und-hotels\/studentenwohnheim-isabel-de-espana-madrid\/","og_locale":"de_DE","og_type":"article","og_title":"STUDENTENWOHNHEIM ISABEL DE ESPA\u00d1A - i-bau Architekten","og_description":"PROJEKTE | WOHNHEIME UND HOTELS | STUDENTENWOHNHEIM ISABEL DE ESPA\u00d1A, Madrid Umbau und Sanierung der Au\u00dfenbereiche und der Cafeteria des Studentenwohnheims Architekten: Luis Miguel Su\u00e1rez and Antonio Viloria Generalplanung und Bauleitung (inkl. Aparejador) BGF: 1.300 m\u00b2 2012 - 2014 URSPR\u00dcNGLICHER ZUSTAND","og_url":"https:\/\/i-bau.es\/deutsch\/projekte\/wohnheime-und-hotels\/studentenwohnheim-isabel-de-espana-madrid\/","og_site_name":"i-bau Architekten","article_modified_time":"2021-05-05T15:31:02+00:00","twitter_card":"summary_large_image","twitter_misc":{"Gesch\u00e4tzte Lesezeit":"5\u00a0Minuten"},"schema":{"@context":"https:\/\/schema.org","@graph":[{"@type":"WebPage","@id":"https:\/\/i-bau.es\/deutsch\/projekte\/wohnheime-und-hotels\/studentenwohnheim-isabel-de-espana-madrid\/","url":"https:\/\/i-bau.es\/deutsch\/projekte\/wohnheime-und-hotels\/studentenwohnheim-isabel-de-espana-madrid\/","name":"STUDENTENWOHNHEIM ISABEL DE ESPA\u00d1A - i-bau Architekten","isPartOf":{"@id":"https:\/\/i-bau.es\/deutsch\/#website"},"datePublished":"2016-09-28T13:24:42+00:00","dateModified":"2021-05-05T15:31:02+00:00","breadcrumb":{"@id":"https:\/\/i-bau.es\/deutsch\/projekte\/wohnheime-und-hotels\/studentenwohnheim-isabel-de-espana-madrid\/#breadcrumb"},"inLanguage":"de","potentialAction":[{"@type":"ReadAction","target":["https:\/\/i-bau.es\/deutsch\/projekte\/wohnheime-und-hotels\/studentenwohnheim-isabel-de-espana-madrid\/"]}]},{"@type":"BreadcrumbList","@id":"https:\/\/i-bau.es\/deutsch\/projekte\/wohnheime-und-hotels\/studentenwohnheim-isabel-de-espana-madrid\/#breadcrumb","itemListElement":[{"@type":"ListItem","position":1,"name":"Portada","item":"https:\/\/i-bau.es\/deutsch\/"},{"@type":"ListItem","position":2,"name":"PROJEKTE","item":"https:\/\/i-bau.es\/deutsch\/projekte\/"},{"@type":"ListItem","position":3,"name":"WOHNHEIME UND HOTELS","item":"https:\/\/i-bau.es\/deutsch\/projekte\/wohnheime-und-hotels\/"},{"@type":"ListItem","position":4,"name":"STUDENTENWOHNHEIM ISABEL DE ESPA\u00d1A"}]},{"@type":"WebSite","@id":"https:\/\/i-bau.es\/deutsch\/#website","url":"https:\/\/i-bau.es\/deutsch\/","name":"i-bau Architekten","description":"Deutsch-spanisches Architekturb\u00fcro in Madrid und Mallorca.","potentialAction":[{"@type":"SearchAction","target":{"@type":"EntryPoint","urlTemplate":"https:\/\/i-bau.es\/deutsch\/?s={search_term_string}"},"query-input":{"@type":"PropertyValueSpecification","valueRequired":true,"valueName":"search_term_string"}}],"inLanguage":"de"}]}},"_links":{"self":[{"href":"https:\/\/i-bau.es\/deutsch\/wp-json\/wp\/v2\/pages\/69","targetHints":{"allow":["GET"]}}],"collection":[{"href":"https:\/\/i-bau.es\/deutsch\/wp-json\/wp\/v2\/pages"}],"about":[{"href":"https:\/\/i-bau.es\/deutsch\/wp-json\/wp\/v2\/types\/page"}],"author":[{"embeddable":true,"href":"https:\/\/i-bau.es\/deutsch\/wp-json\/wp\/v2\/users\/2"}],"replies":[{"embeddable":true,"href":"https:\/\/i-bau.es\/deutsch\/wp-json\/wp\/v2\/comments?post=69"}],"version-history":[{"count":12,"href":"https:\/\/i-bau.es\/deutsch\/wp-json\/wp\/v2\/pages\/69\/revisions"}],"predecessor-version":[{"id":2731,"href":"https:\/\/i-bau.es\/deutsch\/wp-json\/wp\/v2\/pages\/69\/revisions\/2731"}],"up":[{"embeddable":true,"href":"https:\/\/i-bau.es\/deutsch\/wp-json\/wp\/v2\/pages\/52"}],"wp:attachment":[{"href":"https:\/\/i-bau.es\/deutsch\/wp-json\/wp\/v2\/media?parent=69"}],"curies":[{"name":"wp","href":"https:\/\/api.w.org\/{rel}","templated":true}]}}