{"id":111,"date":"2016-09-28T12:48:42","date_gmt":"2016-09-28T12:48:42","guid":{"rendered":"https:\/\/i-bau.es\/english\/?page_id=111"},"modified":"2020-09-22T12:34:17","modified_gmt":"2020-09-22T10:34:17","slug":"santo-tomas-de-aquino-aquinas-residence-hall-madrid","status":"publish","type":"page","link":"https:\/\/i-bau.es\/english\/projects\/interior-design\/santo-tomas-de-aquino-aquinas-residence-hall-madrid\/","title":{"rendered":"SANTO TOM\u00c1S DE AQUINO &#8220;AQUINAS&#8221; RESIDENCE HALL"},"content":{"rendered":"<p>[et_pb_section admin_label=&#8221;Secci\u00f3n&#8221; global_module=&#8221;952&#8243; fullwidth=&#8221;on&#8221; specialty=&#8221;off&#8221; transparent_background=&#8221;off&#8221; allow_player_pause=&#8221;off&#8221; inner_shadow=&#8221;off&#8221; parallax=&#8221;off&#8221; parallax_method=&#8221;off&#8221; padding_mobile=&#8221;off&#8221; make_fullwidth=&#8221;off&#8221; use_custom_width=&#8221;off&#8221; width_unit=&#8221;on&#8221; make_equal=&#8221;off&#8221; use_custom_gutter=&#8221;off&#8221; module_class=&#8221;cabecera&#8221;][et_pb_fullwidth_header global_parent=&#8221;952&#8243; admin_label=&#8221;Cabecera \/ Logotipo&#8221; background_layout=&#8221;dark&#8221; text_orientation=&#8221;left&#8221; header_fullscreen=&#8221;off&#8221; header_scroll_down=&#8221;off&#8221; background_url=&#8221;https:\/\/i-bau.es\/wp-content\/uploads\/2016\/09\/cabecera03.jpg&#8221; parallax=&#8221;off&#8221; parallax_method=&#8221;off&#8221; content_orientation=&#8221;center&#8221; image_orientation=&#8221;bottom&#8221; custom_button_one=&#8221;off&#8221; button_one_letter_spacing=&#8221;0&#8243; button_one_use_icon=&#8221;default&#8221; button_one_icon_placement=&#8221;right&#8221; button_one_on_hover=&#8221;on&#8221; button_one_letter_spacing_hover=&#8221;0&#8243; custom_button_two=&#8221;off&#8221; button_two_letter_spacing=&#8221;0&#8243; button_two_use_icon=&#8221;default&#8221; button_two_icon_placement=&#8221;right&#8221; button_two_on_hover=&#8221;on&#8221; button_two_letter_spacing_hover=&#8221;0&#8243; logo_image_url=&#8221;https:\/\/i-bau.es\/wp-content\/uploads\/2016\/09\/logotipo.png&#8221; custom_css_logo=&#8221;max-width:40%;&#8221; logo_alt_text=&#8221;i-bau arquitectos&#8221;]<\/p>\n<p>[\/et_pb_fullwidth_header][\/et_pb_section][et_pb_section admin_label=&#8221;Secci\u00f3n&#8221; fullwidth=&#8221;off&#8221; specialty=&#8221;off&#8221; transparent_background=&#8221;off&#8221; allow_player_pause=&#8221;off&#8221; inner_shadow=&#8221;off&#8221; parallax=&#8221;off&#8221; parallax_method=&#8221;off&#8221; padding_mobile=&#8221;off&#8221; make_fullwidth=&#8221;off&#8221; use_custom_width=&#8221;off&#8221; width_unit=&#8221;on&#8221; make_equal=&#8221;off&#8221; use_custom_gutter=&#8221;off&#8221;][et_pb_row admin_label=&#8221;Fila&#8221; make_fullwidth=&#8221;off&#8221; use_custom_width=&#8221;off&#8221; width_unit=&#8221;on&#8221; use_custom_gutter=&#8221;off&#8221; custom_padding=&#8221;||0px|&#8221; padding_mobile=&#8221;on&#8221; allow_player_pause=&#8221;off&#8221; parallax=&#8221;off&#8221; parallax_method=&#8221;off&#8221; make_equal=&#8221;off&#8221; parallax_1=&#8221;off&#8221; parallax_method_1=&#8221;off&#8221; column_padding_mobile=&#8221;on&#8221; custom_css_main_1=&#8221;margin: 0;&#8221;][et_pb_column type=&#8221;4_4&#8243;][et_pb_text admin_label=&#8221;Texto&#8221; background_layout=&#8221;light&#8221; text_orientation=&#8221;center&#8221; use_border_color=&#8221;off&#8221; border_color=&#8221;#ffffff&#8221; border_style=&#8221;solid&#8221; text_font=&#8221;|||on|&#8221; custom_margin=&#8221;||2em|&#8221;]<\/p>\n<p><a style=\"color: #808080;\" href=\"https:\/\/i-bau.es\/deutsch\/projekte\/\">PROJEKTE<\/a> | <a style=\"color: #808080;\" href=\"https:\/\/i-bau.es\/deutsch\/projekte\/wohnheime-und-hotels\/\">WOHNHEIME UND HOTELS<\/a> | <strong>COLEGIO MAYOR SANTO TOM\u00c1S DE AQUINO &#8220;AQUINAS&#8221;. Madrid<\/strong><\/p>\n<p>[\/et_pb_text][\/et_pb_column][\/et_pb_row][et_pb_row admin_label=&#8221;Fila&#8221; make_fullwidth=&#8221;off&#8221; use_custom_width=&#8221;off&#8221; width_unit=&#8221;on&#8221; use_custom_gutter=&#8221;off&#8221; custom_padding=&#8221;0px|||&#8221; padding_mobile=&#8221;off&#8221; allow_player_pause=&#8221;off&#8221; parallax=&#8221;off&#8221; parallax_method=&#8221;off&#8221; make_equal=&#8221;on&#8221; parallax_1=&#8221;off&#8221; parallax_method_1=&#8221;off&#8221; parallax_2=&#8221;off&#8221; parallax_method_2=&#8221;off&#8221; column_padding_mobile=&#8221;on&#8221; bg_img_1=&#8221;https:\/\/i-bau.es\/wp-content\/uploads\/2016\/09\/1-6.jpg&#8221; custom_css_main_1=&#8221;border: 1px solid #DCDCDC;&#8221; custom_padding_tablet=&#8221;0px||0px|&#8221; custom_padding_last_edited=&#8221;on|phone&#8221; custom_css_main_2=&#8221;margin-bottom:0;&#8221; module_class_1=&#8221;imagen-central&#8221;][et_pb_column type=&#8221;1_2&#8243;][et_pb_code admin_label=&#8221;C\u00f3digo&#8221; custom_css_main_element=&#8221;width:100%;||height:100%;&#8221; module_class=&#8221;et_pb_gallery_image&#8221;]&lt;a href=&quot;https:\/\/i-bau.es\/wp-content\/uploads\/2016\/09\/1-6.jpg&quot; title=&quot;&quot; style=&quot;display:block;&quot;&gt;&lt;img src=&quot;https:\/\/i-bau.es\/wp-content\/uploads\/2016\/09\/blank.png&quot; style=&quot;width:100%; height:100%; padding:0 2px;&quot; \/&gt;&lt;span class=&quot;et_overlay et_pb_inline_icon&quot; data-icon=&quot;P&quot;&gt;&lt;\/span&gt;&lt;\/a&gt;[\/et_pb_code][\/et_pb_column][et_pb_column type=&#8221;1_2&#8243;][et_pb_text admin_label=&#8221;Texto&#8221; background_layout=&#8221;light&#8221; text_orientation=&#8221;left&#8221; use_border_color=&#8221;on&#8221; border_color=&#8221;#dcdcdc&#8221; border_style=&#8221;solid&#8221; custom_padding=&#8221;1em|1em|1em|1em&#8221; custom_margin=&#8221;||10.55%|&#8221; custom_margin_last_edited=&#8221;on|desktop&#8221; custom_css_main_element=&#8221;min-height:230px;&#8221; custom_margin_tablet=&#8221;||7.5%|&#8221;]<\/p>\n<p>Umbau und Sanierung des denkmalgesch\u00fctzten Geb\u00e4udekomplexes.<\/p>\n<p><span style=\"color: #adc2cd;\">Projekt erstellt mit BIM.<\/span><\/p>\n<p>Architekten: Rafael de La-Hoz Arderius and Jos\u00e9 Mar\u00eda Garc\u00eda de Paredes.<\/p>\n<p>Generalplanung und Bauleitung (inkl. Aparejador).<\/p>\n<p>BGF: 7.995 m\u00b2<\/p>\n<p>2010-2013<\/p>\n<p>[\/et_pb_text][et_pb_gallery admin_label=&#8221;Galer\u00eda&#8221; gallery_ids=&#8221;444,445&#8243; fullwidth=&#8221;off&#8221; show_title_and_caption=&#8221;off&#8221; show_pagination=&#8221;off&#8221; background_layout=&#8221;light&#8221; auto=&#8221;off&#8221; zoom_icon_color=&#8221;#3a3a3a&#8221; hover_overlay_color=&#8221;rgba(255,255,255,0.9)&#8221; hover_icon=&#8221;%%47%%&#8221; caption_all_caps=&#8221;off&#8221; use_border_color=&#8221;off&#8221; border_color=&#8221;#ffffff&#8221; border_style=&#8221;solid&#8221; posts_number=&#8221;2&#8243; module_class=&#8221;galeria_proyectos1&#8243; saved_tabs=&#8221;all&#8221;]<\/p>\n<p>[\/et_pb_gallery][\/et_pb_column][\/et_pb_row][et_pb_row admin_label=&#8221;Fila&#8221; make_fullwidth=&#8221;off&#8221; use_custom_width=&#8221;off&#8221; width_unit=&#8221;on&#8221; use_custom_gutter=&#8221;off&#8221; padding_mobile=&#8221;off&#8221; allow_player_pause=&#8221;off&#8221; parallax=&#8221;off&#8221; parallax_method=&#8221;off&#8221; make_equal=&#8221;off&#8221; parallax_1=&#8221;off&#8221; parallax_method_1=&#8221;off&#8221; column_padding_mobile=&#8221;on&#8221; custom_padding_last_edited=&#8221;on|phone&#8221; custom_padding_tablet=&#8221;0px|||&#8221;][et_pb_column type=&#8221;4_4&#8243;][et_pb_gallery admin_label=&#8221;Galer\u00eda&#8221; gallery_ids=&#8221;446,447,448,449,450,451,452,453,454,455,456,457,458,459,460,461,462&#8243; fullwidth=&#8221;off&#8221; show_title_and_caption=&#8221;off&#8221; show_pagination=&#8221;off&#8221; background_layout=&#8221;light&#8221; auto=&#8221;off&#8221; zoom_icon_color=&#8221;#3a3a3a&#8221; hover_overlay_color=&#8221;rgba(255,255,255,0.9)&#8221; hover_icon=&#8221;%%47%%&#8221; caption_all_caps=&#8221;off&#8221; use_border_color=&#8221;off&#8221; border_color=&#8221;#ffffff&#8221; border_style=&#8221;solid&#8221; posts_number=&#8221;17&#8243; module_class=&#8221;galeria_proyectos2&#8243; saved_tabs=&#8221;all&#8221;]<\/p>\n<p>[\/et_pb_gallery][\/et_pb_column][\/et_pb_row][\/et_pb_section][et_pb_section admin_label=&#8221;Secci\u00f3n&#8221; global_module=&#8221;961&#8243; fullwidth=&#8221;on&#8221; specialty=&#8221;off&#8221; transparent_background=&#8221;off&#8221; allow_player_pause=&#8221;off&#8221; inner_shadow=&#8221;off&#8221; parallax=&#8221;off&#8221; parallax_method=&#8221;off&#8221; padding_mobile=&#8221;off&#8221; make_fullwidth=&#8221;off&#8221; use_custom_width=&#8221;off&#8221; width_unit=&#8221;on&#8221; make_equal=&#8221;off&#8221; use_custom_gutter=&#8221;off&#8221; module_class=&#8221;volver-atras&#8221;][et_pb_fullwidth_code global_parent=&#8221;961&#8243; admin_label=&#8221;Enlace: Volver atr\u00e1s&#8221;]&lt;a href=&quot;https:\/\/i-bau.es\/deutsch\/projekte\/wohnheime-und-hotels\/&quot;&gt;&lt;\/a&gt;[\/et_pb_fullwidth_code][\/et_pb_section]<\/p>\n<p>OLD<\/p>\n<p>[et_pb_section admin_label=&#8221;Secci\u00f3n&#8221; global_module=&#8221;952&#8243; fullwidth=&#8221;on&#8221; specialty=&#8221;off&#8221; transparent_background=&#8221;off&#8221; allow_player_pause=&#8221;off&#8221; inner_shadow=&#8221;off&#8221; parallax=&#8221;off&#8221; parallax_method=&#8221;off&#8221; padding_mobile=&#8221;off&#8221; make_fullwidth=&#8221;off&#8221; use_custom_width=&#8221;off&#8221; width_unit=&#8221;on&#8221; make_equal=&#8221;off&#8221; use_custom_gutter=&#8221;off&#8221; module_class=&#8221;cabecera&#8221;][et_pb_fullwidth_header global_parent=&#8221;952&#8243; admin_label=&#8221;Cabecera \/ Logotipo&#8221; background_layout=&#8221;dark&#8221; text_orientation=&#8221;left&#8221; header_fullscreen=&#8221;off&#8221; header_scroll_down=&#8221;off&#8221; background_url=&#8221;https:\/\/i-bau.es\/wp-content\/uploads\/2016\/09\/cabecera03.jpg&#8221; parallax=&#8221;off&#8221; parallax_method=&#8221;off&#8221; content_orientation=&#8221;center&#8221; image_orientation=&#8221;bottom&#8221; custom_button_one=&#8221;off&#8221; button_one_letter_spacing=&#8221;0&#8243; button_one_use_icon=&#8221;default&#8221; button_one_icon_placement=&#8221;right&#8221; button_one_on_hover=&#8221;on&#8221; button_one_letter_spacing_hover=&#8221;0&#8243; custom_button_two=&#8221;off&#8221; button_two_letter_spacing=&#8221;0&#8243; button_two_use_icon=&#8221;default&#8221; button_two_icon_placement=&#8221;right&#8221; button_two_on_hover=&#8221;on&#8221; button_two_letter_spacing_hover=&#8221;0&#8243; logo_image_url=&#8221;https:\/\/i-bau.es\/wp-content\/uploads\/2016\/09\/logotipo.png&#8221; custom_css_logo=&#8221;max-width:40%;&#8221; logo_alt_text=&#8221;i-bau arquitectos&#8221;]<\/p>\n<p>[\/et_pb_fullwidth_header][\/et_pb_section][et_pb_section admin_label=&#8221;Secci\u00f3n&#8221; fullwidth=&#8221;off&#8221; specialty=&#8221;off&#8221; transparent_background=&#8221;off&#8221; allow_player_pause=&#8221;off&#8221; inner_shadow=&#8221;off&#8221; parallax=&#8221;off&#8221; parallax_method=&#8221;off&#8221; padding_mobile=&#8221;off&#8221; make_fullwidth=&#8221;off&#8221; use_custom_width=&#8221;off&#8221; width_unit=&#8221;on&#8221; make_equal=&#8221;off&#8221; use_custom_gutter=&#8221;off&#8221;][et_pb_row admin_label=&#8221;Fila&#8221; make_fullwidth=&#8221;off&#8221; use_custom_width=&#8221;off&#8221; width_unit=&#8221;on&#8221; use_custom_gutter=&#8221;off&#8221; custom_padding=&#8221;||0px|&#8221; padding_mobile=&#8221;on&#8221; allow_player_pause=&#8221;off&#8221; parallax=&#8221;off&#8221; parallax_method=&#8221;off&#8221; make_equal=&#8221;off&#8221; parallax_1=&#8221;off&#8221; parallax_method_1=&#8221;off&#8221; column_padding_mobile=&#8221;on&#8221; custom_css_main_1=&#8221;margin: 0;&#8221;][et_pb_column type=&#8221;4_4&#8243;][et_pb_text admin_label=&#8221;Texto&#8221; background_layout=&#8221;light&#8221; text_orientation=&#8221;center&#8221; use_border_color=&#8221;off&#8221; border_color=&#8221;#ffffff&#8221; border_style=&#8221;solid&#8221; text_font=&#8221;|||on|&#8221; custom_margin=&#8221;||2em|&#8221;]<\/p>\n<p><a style=\"color: #808080;\" href=\"https:\/\/i-bau.es\/deutsch\/projekte\/\">PROJEKTE<\/a> | <a style=\"color: #808080;\" href=\"https:\/\/i-bau.es\/deutsch\/projekte\/innenarchitektur\/\">INNENARCHITEKTUR<\/a> | <strong>COLEGIO MAYOR SANTO TOM\u00c1S DE AQUINO &#8220;AQUINAS&#8221;, Madrid<\/strong><\/p>\n<p>[\/et_pb_text][\/et_pb_column][\/et_pb_row][et_pb_row admin_label=&#8221;Fila&#8221; make_fullwidth=&#8221;off&#8221; use_custom_width=&#8221;off&#8221; width_unit=&#8221;on&#8221; use_custom_gutter=&#8221;off&#8221; custom_padding=&#8221;0px|||&#8221; padding_mobile=&#8221;off&#8221; allow_player_pause=&#8221;off&#8221; parallax=&#8221;off&#8221; parallax_method=&#8221;off&#8221; make_equal=&#8221;on&#8221; parallax_1=&#8221;off&#8221; parallax_method_1=&#8221;off&#8221; parallax_2=&#8221;off&#8221; parallax_method_2=&#8221;off&#8221; column_padding_mobile=&#8221;on&#8221; bg_img_1=&#8221;https:\/\/i-bau.es\/wp-content\/uploads\/2016\/09\/imgINTERIORISMO01.jpg&#8221; custom_css_main_1=&#8221;border: 1px solid #DCDCDC;&#8221; custom_padding_tablet=&#8221;0px||0px|&#8221; custom_padding_last_edited=&#8221;on|phone&#8221; custom_css_main_2=&#8221;margin-bottom:0;&#8221; module_class_1=&#8221;imagen-central&#8221;][et_pb_column type=&#8221;1_2&#8243;][et_pb_code admin_label=&#8221;C\u00f3digo&#8221; custom_css_main_element=&#8221;width:100%;||height:100%;&#8221; module_class=&#8221;et_pb_gallery_image&#8221;]&lt;a href=&quot;https:\/\/i-bau.es\/wp-content\/uploads\/2016\/09\/imgINTERIORISMO01.jpg&quot; title=&quot;&quot; style=&quot;display:block;&quot;&gt;&lt;img src=&quot;https:\/\/i-bau.es\/wp-content\/uploads\/2016\/09\/blank.png&quot; style=&quot;width:100%; height:100%; padding:0 2px;&quot; \/&gt;&lt;span class=&quot;et_overlay et_pb_inline_icon&quot; data-icon=&quot;P&quot;&gt;&lt;\/span&gt;&lt;\/a&gt;[\/et_pb_code][\/et_pb_column][et_pb_column type=&#8221;1_2&#8243;][et_pb_text admin_label=&#8221;Texto&#8221; background_layout=&#8221;light&#8221; text_orientation=&#8221;left&#8221; use_border_color=&#8221;on&#8221; border_color=&#8221;#dcdcdc&#8221; border_style=&#8221;solid&#8221; custom_padding=&#8221;1em|1em|1em|1em&#8221; custom_margin=&#8221;||10.55%|&#8221; custom_margin_last_edited=&#8221;on|desktop&#8221; custom_css_main_element=&#8221;min-height:230px;&#8221; custom_margin_tablet=&#8221;||7.5%|&#8221;]<\/p>\n<p>Innendekoration. <\/p>\n<p>2013-2014<\/p>\n<p>[\/et_pb_text][et_pb_gallery admin_label=&#8221;Galer\u00eda&#8221; gallery_ids=&#8221;833,834&#8243; fullwidth=&#8221;off&#8221; show_title_and_caption=&#8221;off&#8221; show_pagination=&#8221;off&#8221; background_layout=&#8221;light&#8221; auto=&#8221;off&#8221; zoom_icon_color=&#8221;#3a3a3a&#8221; hover_overlay_color=&#8221;rgba(255,255,255,0.9)&#8221; hover_icon=&#8221;%%47%%&#8221; caption_all_caps=&#8221;off&#8221; use_border_color=&#8221;off&#8221; border_color=&#8221;#ffffff&#8221; border_style=&#8221;solid&#8221; posts_number=&#8221;2&#8243; module_class=&#8221;galeria_proyectos1&#8243; saved_tabs=&#8221;all&#8221;]<\/p>\n<p>[\/et_pb_gallery][\/et_pb_column][\/et_pb_row][et_pb_row admin_label=&#8221;Fila&#8221; make_fullwidth=&#8221;off&#8221; use_custom_width=&#8221;off&#8221; width_unit=&#8221;on&#8221; use_custom_gutter=&#8221;off&#8221; padding_mobile=&#8221;off&#8221; allow_player_pause=&#8221;off&#8221; parallax=&#8221;off&#8221; parallax_method=&#8221;off&#8221; make_equal=&#8221;off&#8221; parallax_1=&#8221;off&#8221; parallax_method_1=&#8221;off&#8221; column_padding_mobile=&#8221;on&#8221; custom_padding_last_edited=&#8221;on|phone&#8221; custom_padding_tablet=&#8221;0px|||&#8221;][et_pb_column type=&#8221;4_4&#8243;][et_pb_gallery admin_label=&#8221;Galer\u00eda&#8221; gallery_ids=&#8221;835,837,836,838&#8243; fullwidth=&#8221;off&#8221; show_title_and_caption=&#8221;off&#8221; show_pagination=&#8221;off&#8221; background_layout=&#8221;light&#8221; auto=&#8221;off&#8221; zoom_icon_color=&#8221;#3a3a3a&#8221; hover_overlay_color=&#8221;rgba(255,255,255,0.9)&#8221; hover_icon=&#8221;%%47%%&#8221; caption_all_caps=&#8221;off&#8221; use_border_color=&#8221;off&#8221; border_color=&#8221;#ffffff&#8221; border_style=&#8221;solid&#8221; module_class=&#8221;galeria_proyectos2&#8243; saved_tabs=&#8221;all&#8221;]<\/p>\n<p>[\/et_pb_gallery][\/et_pb_column][\/et_pb_row][\/et_pb_section][et_pb_section admin_label=&#8221;Secci\u00f3n&#8221; global_module=&#8221;840&#8243; fullwidth=&#8221;on&#8221; specialty=&#8221;off&#8221; transparent_background=&#8221;off&#8221; allow_player_pause=&#8221;off&#8221; inner_shadow=&#8221;off&#8221; parallax=&#8221;off&#8221; parallax_method=&#8221;off&#8221; padding_mobile=&#8221;off&#8221; make_fullwidth=&#8221;off&#8221; use_custom_width=&#8221;off&#8221; width_unit=&#8221;on&#8221; make_equal=&#8221;off&#8221; use_custom_gutter=&#8221;off&#8221; module_class=&#8221;volver-atras&#8221;][et_pb_fullwidth_code global_parent=&#8221;840&#8243; admin_label=&#8221;Enlace: Volver atr\u00e1s&#8221;]&lt;a href=&quot;https:\/\/i-bau.es\/deutsch\/projekte\/innenarchitektur\/&quot;&gt;&lt;\/a&gt;[\/et_pb_fullwidth_code][\/et_pb_section]<\/p>\n","protected":false},"excerpt":{"rendered":"<p>PROJEKTE | WOHNHEIME UND HOTELS | COLEGIO MAYOR SANTO TOM\u00c1S DE AQUINO &#8220;AQUINAS&#8221;. Madrid Umbau und Sanierung des denkmalgesch\u00fctzten Geb\u00e4udekomplexes. Projekt erstellt mit BIM. Architekten: Rafael de La-Hoz Arderius and Jos\u00e9 Mar\u00eda Garc\u00eda de Paredes. Generalplanung und Bauleitung (inkl. Aparejador). BGF: 7.995 m\u00b2 2010-2013 OLD PROJEKTE | INNENARCHITEKTUR | COLEGIO MAYOR SANTO TOM\u00c1S DE AQUINO [&hellip;]<\/p>\n","protected":false},"author":1,"featured_media":0,"parent":56,"menu_order":0,"comment_status":"closed","ping_status":"closed","template":"","meta":{"_et_pb_use_builder":"on","_et_pb_old_content":"","_et_gb_content_width":"","footnotes":""},"class_list":["post-111","page","type-page","status-publish","hentry"],"yoast_head":"<!-- This site is optimized with the Yoast SEO plugin v26.9 - https:\/\/yoast.com\/product\/yoast-seo-wordpress\/ -->\n<title>SANTO TOM\u00c1S DE AQUINO &quot;AQUINAS&quot; RESIDENCE HALL - i-bau Architects<\/title>\n<meta name=\"robots\" content=\"index, follow, max-snippet:-1, max-image-preview:large, max-video-preview:-1\" \/>\n<link rel=\"canonical\" href=\"https:\/\/i-bau.es\/english\/projects\/interior-design\/santo-tomas-de-aquino-aquinas-residence-hall-madrid\/\" \/>\n<meta property=\"og:locale\" content=\"en_GB\" \/>\n<meta property=\"og:type\" content=\"article\" \/>\n<meta property=\"og:title\" content=\"SANTO TOM\u00c1S DE AQUINO &quot;AQUINAS&quot; RESIDENCE HALL - i-bau Architects\" \/>\n<meta property=\"og:description\" content=\"PROJEKTE | WOHNHEIME UND HOTELS | COLEGIO MAYOR SANTO TOM\u00c1S DE AQUINO &quot;AQUINAS&quot;. Madrid Umbau und Sanierung des denkmalgesch\u00fctzten Geb\u00e4udekomplexes. Projekt erstellt mit BIM. Architekten: Rafael de La-Hoz Arderius and Jos\u00e9 Mar\u00eda Garc\u00eda de Paredes. Generalplanung und Bauleitung (inkl. Aparejador). BGF: 7.995 m\u00b2 2010-2013 OLD PROJEKTE | INNENARCHITEKTUR | COLEGIO MAYOR SANTO TOM\u00c1S DE AQUINO [&hellip;]\" \/>\n<meta property=\"og:url\" content=\"https:\/\/i-bau.es\/english\/projects\/interior-design\/santo-tomas-de-aquino-aquinas-residence-hall-madrid\/\" \/>\n<meta property=\"og:site_name\" content=\"i-bau Architects\" \/>\n<meta property=\"article:modified_time\" content=\"2020-09-22T10:34:17+00:00\" \/>\n<meta name=\"twitter:card\" content=\"summary_large_image\" \/>\n<meta name=\"twitter:label1\" content=\"Estimated reading time\" \/>\n\t<meta name=\"twitter:data1\" content=\"9 minutes\" \/>\n<script type=\"application\/ld+json\" class=\"yoast-schema-graph\">{\"@context\":\"https:\/\/schema.org\",\"@graph\":[{\"@type\":\"WebPage\",\"@id\":\"https:\/\/i-bau.es\/english\/projects\/interior-design\/santo-tomas-de-aquino-aquinas-residence-hall-madrid\/\",\"url\":\"https:\/\/i-bau.es\/english\/projects\/interior-design\/santo-tomas-de-aquino-aquinas-residence-hall-madrid\/\",\"name\":\"SANTO TOM\u00c1S DE AQUINO \\\"AQUINAS\\\" RESIDENCE HALL - i-bau Architects\",\"isPartOf\":{\"@id\":\"https:\/\/i-bau.es\/english\/#website\"},\"datePublished\":\"2016-09-28T12:48:42+00:00\",\"dateModified\":\"2020-09-22T10:34:17+00:00\",\"breadcrumb\":{\"@id\":\"https:\/\/i-bau.es\/english\/projects\/interior-design\/santo-tomas-de-aquino-aquinas-residence-hall-madrid\/#breadcrumb\"},\"inLanguage\":\"en-GB\",\"potentialAction\":[{\"@type\":\"ReadAction\",\"target\":[\"https:\/\/i-bau.es\/english\/projects\/interior-design\/santo-tomas-de-aquino-aquinas-residence-hall-madrid\/\"]}]},{\"@type\":\"BreadcrumbList\",\"@id\":\"https:\/\/i-bau.es\/english\/projects\/interior-design\/santo-tomas-de-aquino-aquinas-residence-hall-madrid\/#breadcrumb\",\"itemListElement\":[{\"@type\":\"ListItem\",\"position\":1,\"name\":\"Portada\",\"item\":\"https:\/\/i-bau.es\/english\/\"},{\"@type\":\"ListItem\",\"position\":2,\"name\":\"PROJECTS\",\"item\":\"https:\/\/i-bau.es\/english\/projects\/\"},{\"@type\":\"ListItem\",\"position\":3,\"name\":\"INTERIOR DESIGN\",\"item\":\"https:\/\/i-bau.es\/english\/projects\/interior-design\/\"},{\"@type\":\"ListItem\",\"position\":4,\"name\":\"SANTO TOM\u00c1S DE AQUINO &#8220;AQUINAS&#8221; RESIDENCE HALL\"}]},{\"@type\":\"WebSite\",\"@id\":\"https:\/\/i-bau.es\/english\/#website\",\"url\":\"https:\/\/i-bau.es\/english\/\",\"name\":\"i-bau Architects\",\"description\":\"German-Spanish Architecture Studio in Madrid and Mallorca.\",\"potentialAction\":[{\"@type\":\"SearchAction\",\"target\":{\"@type\":\"EntryPoint\",\"urlTemplate\":\"https:\/\/i-bau.es\/english\/?s={search_term_string}\"},\"query-input\":{\"@type\":\"PropertyValueSpecification\",\"valueRequired\":true,\"valueName\":\"search_term_string\"}}],\"inLanguage\":\"en-GB\"}]}<\/script>\n<!-- \/ Yoast SEO plugin. -->","yoast_head_json":{"title":"SANTO TOM\u00c1S DE AQUINO \"AQUINAS\" RESIDENCE HALL - i-bau Architects","robots":{"index":"index","follow":"follow","max-snippet":"max-snippet:-1","max-image-preview":"max-image-preview:large","max-video-preview":"max-video-preview:-1"},"canonical":"https:\/\/i-bau.es\/english\/projects\/interior-design\/santo-tomas-de-aquino-aquinas-residence-hall-madrid\/","og_locale":"en_GB","og_type":"article","og_title":"SANTO TOM\u00c1S DE AQUINO \"AQUINAS\" RESIDENCE HALL - i-bau Architects","og_description":"PROJEKTE | WOHNHEIME UND HOTELS | COLEGIO MAYOR SANTO TOM\u00c1S DE AQUINO \"AQUINAS\". Madrid Umbau und Sanierung des denkmalgesch\u00fctzten Geb\u00e4udekomplexes. Projekt erstellt mit BIM. Architekten: Rafael de La-Hoz Arderius and Jos\u00e9 Mar\u00eda Garc\u00eda de Paredes. Generalplanung und Bauleitung (inkl. Aparejador). BGF: 7.995 m\u00b2 2010-2013 OLD PROJEKTE | INNENARCHITEKTUR | COLEGIO MAYOR SANTO TOM\u00c1S DE AQUINO [&hellip;]","og_url":"https:\/\/i-bau.es\/english\/projects\/interior-design\/santo-tomas-de-aquino-aquinas-residence-hall-madrid\/","og_site_name":"i-bau Architects","article_modified_time":"2020-09-22T10:34:17+00:00","twitter_card":"summary_large_image","twitter_misc":{"Estimated reading time":"9 minutes"},"schema":{"@context":"https:\/\/schema.org","@graph":[{"@type":"WebPage","@id":"https:\/\/i-bau.es\/english\/projects\/interior-design\/santo-tomas-de-aquino-aquinas-residence-hall-madrid\/","url":"https:\/\/i-bau.es\/english\/projects\/interior-design\/santo-tomas-de-aquino-aquinas-residence-hall-madrid\/","name":"SANTO TOM\u00c1S DE AQUINO \"AQUINAS\" RESIDENCE HALL - i-bau Architects","isPartOf":{"@id":"https:\/\/i-bau.es\/english\/#website"},"datePublished":"2016-09-28T12:48:42+00:00","dateModified":"2020-09-22T10:34:17+00:00","breadcrumb":{"@id":"https:\/\/i-bau.es\/english\/projects\/interior-design\/santo-tomas-de-aquino-aquinas-residence-hall-madrid\/#breadcrumb"},"inLanguage":"en-GB","potentialAction":[{"@type":"ReadAction","target":["https:\/\/i-bau.es\/english\/projects\/interior-design\/santo-tomas-de-aquino-aquinas-residence-hall-madrid\/"]}]},{"@type":"BreadcrumbList","@id":"https:\/\/i-bau.es\/english\/projects\/interior-design\/santo-tomas-de-aquino-aquinas-residence-hall-madrid\/#breadcrumb","itemListElement":[{"@type":"ListItem","position":1,"name":"Portada","item":"https:\/\/i-bau.es\/english\/"},{"@type":"ListItem","position":2,"name":"PROJECTS","item":"https:\/\/i-bau.es\/english\/projects\/"},{"@type":"ListItem","position":3,"name":"INTERIOR DESIGN","item":"https:\/\/i-bau.es\/english\/projects\/interior-design\/"},{"@type":"ListItem","position":4,"name":"SANTO TOM\u00c1S DE AQUINO &#8220;AQUINAS&#8221; RESIDENCE HALL"}]},{"@type":"WebSite","@id":"https:\/\/i-bau.es\/english\/#website","url":"https:\/\/i-bau.es\/english\/","name":"i-bau Architects","description":"German-Spanish Architecture Studio in Madrid and Mallorca.","potentialAction":[{"@type":"SearchAction","target":{"@type":"EntryPoint","urlTemplate":"https:\/\/i-bau.es\/english\/?s={search_term_string}"},"query-input":{"@type":"PropertyValueSpecification","valueRequired":true,"valueName":"search_term_string"}}],"inLanguage":"en-GB"}]}},"_links":{"self":[{"href":"https:\/\/i-bau.es\/english\/wp-json\/wp\/v2\/pages\/111","targetHints":{"allow":["GET"]}}],"collection":[{"href":"https:\/\/i-bau.es\/english\/wp-json\/wp\/v2\/pages"}],"about":[{"href":"https:\/\/i-bau.es\/english\/wp-json\/wp\/v2\/types\/page"}],"author":[{"embeddable":true,"href":"https:\/\/i-bau.es\/english\/wp-json\/wp\/v2\/users\/1"}],"replies":[{"embeddable":true,"href":"https:\/\/i-bau.es\/english\/wp-json\/wp\/v2\/comments?post=111"}],"version-history":[{"count":6,"href":"https:\/\/i-bau.es\/english\/wp-json\/wp\/v2\/pages\/111\/revisions"}],"predecessor-version":[{"id":1056,"href":"https:\/\/i-bau.es\/english\/wp-json\/wp\/v2\/pages\/111\/revisions\/1056"}],"up":[{"embeddable":true,"href":"https:\/\/i-bau.es\/english\/wp-json\/wp\/v2\/pages\/56"}],"wp:attachment":[{"href":"https:\/\/i-bau.es\/english\/wp-json\/wp\/v2\/media?parent=111"}],"curies":[{"name":"wp","href":"https:\/\/api.w.org\/{rel}","templated":true}]}}