{"id":3402,"date":"2022-05-18T17:01:59","date_gmt":"2022-05-18T15:01:59","guid":{"rendered":"https:\/\/i-bau.es\/english\/?page_id=3402"},"modified":"2025-07-18T14:59:38","modified_gmt":"2025-07-18T12:59:38","slug":"single-family-home-north-area-madrid","status":"publish","type":"page","link":"https:\/\/i-bau.es\/english\/projects\/housing\/single-family-home-north-area-madrid\/","title":{"rendered":"HOUSE NORTH AREA MADRID"},"content":{"rendered":"<p>[et_pb_section admin_label=&#8221;Secci\u00f3n&#8221; transparent_background=&#8221;off&#8221; allow_player_pause=&#8221;off&#8221; inner_shadow=&#8221;off&#8221; parallax=&#8221;off&#8221; parallax_method=&#8221;on&#8221; padding_mobile=&#8221;off&#8221; make_fullwidth=&#8221;off&#8221; use_custom_width=&#8221;off&#8221; width_unit=&#8221;off&#8221; custom_width_px=&#8221;1080px&#8221; custom_width_percent=&#8221;80%&#8221; make_equal=&#8221;off&#8221; use_custom_gutter=&#8221;off&#8221; fullwidth=&#8221;on&#8221; specialty=&#8221;off&#8221; disabled=&#8221;off&#8221;][et_pb_fullwidth_header admin_label=&#8221;Cabecera \/ Logotipo&#8221; background_layout=&#8221;light&#8221; text_orientation=&#8221;left&#8221; header_fullscreen=&#8221;off&#8221; header_scroll_down=&#8221;off&#8221; scroll_down_icon=&#8221;%%3%%&#8221; background_url=&#8221;https:\/\/i-bau.es\/wp-content\/uploads\/2016\/09\/cabecera03.jpg&#8221; parallax=&#8221;off&#8221; parallax_method=&#8221;off&#8221; logo_image_url=&#8221;https:\/\/i-bau.es\/wp-content\/uploads\/2016\/09\/logotipo.png&#8221; logo_alt_text=&#8221;i-bau arquitectos&#8221; content_orientation=&#8221;center&#8221; image_orientation=&#8221;bottom&#8221; title_font_size=&#8221;30px&#8221; content_font_size=&#8221;14px&#8221; custom_button_one=&#8221;off&#8221; button_one_text_size=&#8221;20&#8243; button_one_letter_spacing=&#8221;0&#8243; button_one_use_icon=&#8221;default&#8221; button_one_icon_placement=&#8221;right&#8221; button_one_on_hover=&#8221;on&#8221; button_one_letter_spacing_hover=&#8221;0&#8243; custom_button_two=&#8221;off&#8221; button_two_text_size=&#8221;20&#8243; button_two_letter_spacing=&#8221;0&#8243; button_two_use_icon=&#8221;default&#8221; button_two_icon_placement=&#8221;right&#8221; button_two_on_hover=&#8221;on&#8221; button_two_letter_spacing_hover=&#8221;0&#8243; disabled=&#8221;off&#8221;]<\/p>\n<p>[\/et_pb_fullwidth_header][\/et_pb_section][et_pb_section admin_label=&#8221;section&#8221; transparent_background=&#8221;off&#8221; allow_player_pause=&#8221;off&#8221; inner_shadow=&#8221;off&#8221; parallax=&#8221;off&#8221; parallax_method=&#8221;on&#8221; padding_mobile=&#8221;off&#8221; make_fullwidth=&#8221;off&#8221; use_custom_width=&#8221;off&#8221; width_unit=&#8221;off&#8221; custom_width_px=&#8221;1080px&#8221; custom_width_percent=&#8221;80%&#8221; make_equal=&#8221;off&#8221; use_custom_gutter=&#8221;off&#8221; fullwidth=&#8221;off&#8221; specialty=&#8221;off&#8221; disabled=&#8221;off&#8221;][et_pb_row admin_label=&#8221;row&#8221; make_fullwidth=&#8221;off&#8221; use_custom_width=&#8221;off&#8221; width_unit=&#8221;off&#8221; custom_width_px=&#8221;1080px&#8221; custom_width_percent=&#8221;80%&#8221; use_custom_gutter=&#8221;off&#8221; gutter_width=&#8221;3&#8243; padding_mobile=&#8221;off&#8221; allow_player_pause=&#8221;off&#8221; parallax=&#8221;off&#8221; parallax_method=&#8221;on&#8221; make_equal=&#8221;off&#8221; column_padding_mobile=&#8221;on&#8221; parallax_1=&#8221;off&#8221; parallax_method_1=&#8221;on&#8221; parallax_2=&#8221;off&#8221; parallax_method_2=&#8221;on&#8221; parallax_3=&#8221;off&#8221; parallax_method_3=&#8221;on&#8221; parallax_4=&#8221;off&#8221; parallax_method_4=&#8221;on&#8221; disabled=&#8221;off&#8221;][et_pb_column type=&#8221;4_4&#8243;][et_pb_text admin_label=&#8221;Texto&#8221; background_layout=&#8221;light&#8221; text_orientation=&#8221;left&#8221; use_border_color=&#8221;off&#8221; border_style=&#8221;solid&#8221; disabled=&#8221;off&#8221; border_color=&#8221;#ffffff&#8221;]<\/p>\n<p style=\"text-align: center;\"><span style=\"color: #808080;\"><a style=\"color: #808080;\" href=\"https:\/\/i-bau.es\/english\/projects\/\">PROJECTS<\/a>&nbsp;|&nbsp;<a style=\"color: #808080;\" href=\"https:\/\/i-bau.es\/english\/projects\/housing\/\">HOUSING<\/a>&nbsp;| <strong>SINGLE FAMILY HOME IN THE NORTH AREA OF MADRID<\/strong><\/span><\/p>\n<p>[\/et_pb_text][\/et_pb_column][\/et_pb_row][et_pb_row admin_label=&#8221;Fila&#8221; make_fullwidth=&#8221;off&#8221; use_custom_width=&#8221;off&#8221; width_unit=&#8221;off&#8221; custom_width_px=&#8221;1080px&#8221; custom_width_percent=&#8221;80%&#8221; use_custom_gutter=&#8221;off&#8221; gutter_width=&#8221;3&#8243; padding_mobile=&#8221;off&#8221; allow_player_pause=&#8221;off&#8221; parallax=&#8221;off&#8221; parallax_method=&#8221;on&#8221; make_equal=&#8221;off&#8221; column_padding_mobile=&#8221;on&#8221; parallax_1=&#8221;off&#8221; parallax_method_1=&#8221;on&#8221; parallax_2=&#8221;off&#8221; parallax_method_2=&#8221;on&#8221; parallax_3=&#8221;off&#8221; parallax_method_3=&#8221;on&#8221; parallax_4=&#8221;off&#8221; parallax_method_4=&#8221;on&#8221; disabled=&#8221;off&#8221;][et_pb_column type=&#8221;1_2&#8243;][et_pb_image admin_label=&#8221;Imagen&#8221; src=&#8221;https:\/\/i-bau.es\/english\/wp-content\/uploads\/sites\/3\/2022\/05\/0_PORTADA-CUADRADA.jpg&#8221; show_in_lightbox=&#8221;off&#8221; url_new_window=&#8221;off&#8221; use_overlay=&#8221;off&#8221; animation=&#8221;fade_in&#8221; sticky=&#8221;off&#8221; align=&#8221;left&#8221; force_fullwidth=&#8221;off&#8221; always_center_on_mobile=&#8221;on&#8221; use_border_color=&#8221;off&#8221; border_color=&#8221;#ffffff&#8221; border_style=&#8221;solid&#8221; disabled=&#8221;off&#8221;]<\/p>\n<p>[\/et_pb_image][\/et_pb_column][et_pb_column type=&#8221;1_2&#8243;][et_pb_text admin_label=&#8221;Texto&#8221; background_layout=&#8221;light&#8221; text_orientation=&#8221;left&#8221; use_border_color=&#8221;on&#8221; border_color=&#8221;#dcdcdc&#8221; border_style=&#8221;solid&#8221; custom_padding=&#8221;1em|1em|1em|1em&#8221; disabled=&#8221;off&#8221;]<\/p>\n<p>Single Family Home in the North area of Madrid<\/p>\n<p>Design, construction supervision and technical construction supervision<\/p>\n<p>House Area: 466 sqm<\/p>\n<p>Plotside: 892 sqm<\/p>\n<p>2021 \u2013 2023<\/p>\n<p><span style=\"color: #5ebbd4;\">BIM\u00a0Project<\/span><\/p>\n<p>[\/et_pb_text][\/et_pb_column][\/et_pb_row][et_pb_row admin_label=&#8221;Fila&#8221; make_fullwidth=&#8221;off&#8221; use_custom_width=&#8221;off&#8221; width_unit=&#8221;off&#8221; custom_width_px=&#8221;1080px&#8221; custom_width_percent=&#8221;80%&#8221; use_custom_gutter=&#8221;off&#8221; gutter_width=&#8221;3&#8243; padding_mobile=&#8221;off&#8221; allow_player_pause=&#8221;off&#8221; parallax=&#8221;off&#8221; parallax_method=&#8221;on&#8221; make_equal=&#8221;off&#8221; column_padding_mobile=&#8221;on&#8221; parallax_1=&#8221;off&#8221; parallax_method_1=&#8221;on&#8221; parallax_2=&#8221;off&#8221; parallax_method_2=&#8221;on&#8221; parallax_3=&#8221;off&#8221; parallax_method_3=&#8221;on&#8221; parallax_4=&#8221;off&#8221; parallax_method_4=&#8221;on&#8221; custom_css_main_element=&#8221;padding-top:0px;&#8221; disabled=&#8221;off&#8221;][et_pb_column type=&#8221;4_4&#8243;][et_pb_gallery admin_label=&#8221;Galer\u00eda&#8221; gallery_ids=&#8221;3409,3406,3407,3408,3424&#8243; fullwidth=&#8221;off&#8221; posts_number=&#8221;36&#8243; show_title_and_caption=&#8221;off&#8221; show_pagination=&#8221;off&#8221; background_layout=&#8221;light&#8221; auto=&#8221;off&#8221; auto_speed=&#8221;7000&#8243; caption_all_caps=&#8221;off&#8221; use_border_color=&#8221;off&#8221; border_color=&#8221;#ffffff&#8221; border_style=&#8221;solid&#8221; disabled=&#8221;off&#8221; hover_overlay_color=&#8221;rgba(255,255,255,0.9)&#8221;]<\/p>\n<p>[\/et_pb_gallery][\/et_pb_column][\/et_pb_row][\/et_pb_section][et_pb_section admin_label=&#8221;Secci\u00f3n&#8221; transparent_background=&#8221;off&#8221; allow_player_pause=&#8221;off&#8221; inner_shadow=&#8221;off&#8221; parallax=&#8221;off&#8221; parallax_method=&#8221;off&#8221; padding_mobile=&#8221;off&#8221; make_fullwidth=&#8221;off&#8221; use_custom_width=&#8221;off&#8221; width_unit=&#8221;on&#8221; custom_width_px=&#8221;1080px&#8221; custom_width_percent=&#8221;80%&#8221; make_equal=&#8221;off&#8221; use_custom_gutter=&#8221;off&#8221; fullwidth=&#8221;on&#8221; specialty=&#8221;off&#8221; module_class=&#8221;volver-atras&#8221; disabled=&#8221;off&#8221;][et_pb_fullwidth_code admin_label=&#8221;Enlace: Volver atr\u00e1s&#8221; disabled=&#8221;off&#8221;]&lt;a href=&quot;https:\/\/i-bau.es\/english\/projects\/housing\/&quot;&gt;&lt;\/a&gt;[\/et_pb_fullwidth_code][\/et_pb_section]<\/p>\n","protected":false},"excerpt":{"rendered":"<p>PROJECTS&nbsp;|&nbsp;HOUSING&nbsp;| SINGLE FAMILY HOME IN THE NORTH AREA OF MADRID Single Family Home in the North area of Madrid Design, construction supervision and technical construction supervision House Area: 466 sqm Plotside: 892 sqm 2021 \u2013 2023 BIM\u00a0Project<\/p>\n","protected":false},"author":4,"featured_media":0,"parent":55,"menu_order":0,"comment_status":"closed","ping_status":"closed","template":"","meta":{"_et_pb_use_builder":"on","_et_pb_old_content":"[et_pb_section admin_label=\"Secci\u00f3n\" transparent_background=\"off\" allow_player_pause=\"off\" inner_shadow=\"off\" parallax=\"off\" parallax_method=\"on\" padding_mobile=\"off\" make_fullwidth=\"off\" use_custom_width=\"off\" width_unit=\"off\" custom_width_px=\"1080px\" custom_width_percent=\"80%\" make_equal=\"off\" use_custom_gutter=\"off\" fullwidth=\"on\" specialty=\"off\" disabled=\"off\"][et_pb_fullwidth_header admin_label=\"Cabecera \/ Logotipo\" background_layout=\"light\" text_orientation=\"left\" header_fullscreen=\"off\" header_scroll_down=\"off\" scroll_down_icon=\"%%3%%\" background_url=\"https:\/\/i-bau.es\/wp-content\/uploads\/2016\/09\/cabecera03.jpg\" parallax=\"off\" parallax_method=\"off\" logo_image_url=\"https:\/\/i-bau.es\/wp-content\/uploads\/2016\/09\/logotipo.png\" logo_alt_text=\"i-bau arquitectos\" content_orientation=\"center\" image_orientation=\"bottom\" title_font_size=\"30px\" content_font_size=\"14px\" custom_button_one=\"off\" button_one_text_size=\"20\" button_one_letter_spacing=\"0\" button_one_use_icon=\"default\" button_one_icon_placement=\"right\" button_one_on_hover=\"on\" button_one_letter_spacing_hover=\"0\" custom_button_two=\"off\" button_two_text_size=\"20\" button_two_letter_spacing=\"0\" button_two_use_icon=\"default\" button_two_icon_placement=\"right\" button_two_on_hover=\"on\" button_two_letter_spacing_hover=\"0\" disabled=\"off\"]\r\n\r\n\r\n\r\n[\/et_pb_fullwidth_header][\/et_pb_section][et_pb_section admin_label=\"section\" transparent_background=\"off\" allow_player_pause=\"off\" inner_shadow=\"off\" parallax=\"off\" parallax_method=\"on\" padding_mobile=\"off\" make_fullwidth=\"off\" use_custom_width=\"off\" width_unit=\"off\" custom_width_px=\"1080px\" custom_width_percent=\"80%\" make_equal=\"off\" use_custom_gutter=\"off\" fullwidth=\"off\" specialty=\"off\" disabled=\"off\"][et_pb_row admin_label=\"row\" make_fullwidth=\"off\" use_custom_width=\"off\" width_unit=\"off\" custom_width_px=\"1080px\" custom_width_percent=\"80%\" use_custom_gutter=\"off\" gutter_width=\"3\" padding_mobile=\"off\" allow_player_pause=\"off\" parallax=\"off\" parallax_method=\"on\" make_equal=\"off\" column_padding_mobile=\"on\" parallax_1=\"off\" parallax_method_1=\"on\" parallax_2=\"off\" parallax_method_2=\"on\" parallax_3=\"off\" parallax_method_3=\"on\" parallax_4=\"off\" parallax_method_4=\"on\" disabled=\"off\"][et_pb_column type=\"4_4\"][et_pb_text admin_label=\"Texto\" background_layout=\"light\" text_orientation=\"left\" use_border_color=\"off\" border_style=\"solid\" disabled=\"off\" border_color=\"#ffffff\"]\r\n\r\n<p style=\"text-align: center;\"><span style=\"color: #808080;\"><a style=\"color: #808080;\" href=\"..\/..\/\">PROYECTOS<\/a>\u00a0|\u00a0<a style=\"color: #808080;\" href=\"..\/\">VIVIENDAS<\/a>\u00a0|\u00a0<strong>VIVIENDA NORTE DE MADRID<\/strong><\/span><\/p>\r\n\r\n[\/et_pb_text][\/et_pb_column][\/et_pb_row][et_pb_row admin_label=\"Fila\" make_fullwidth=\"off\" use_custom_width=\"off\" width_unit=\"off\" custom_width_px=\"1080px\" custom_width_percent=\"80%\" use_custom_gutter=\"off\" gutter_width=\"3\" padding_mobile=\"off\" allow_player_pause=\"off\" parallax=\"off\" parallax_method=\"on\" make_equal=\"off\" column_padding_mobile=\"on\" parallax_1=\"off\" parallax_method_1=\"on\" parallax_2=\"off\" parallax_method_2=\"on\" parallax_3=\"off\" parallax_method_3=\"on\" parallax_4=\"off\" parallax_method_4=\"on\" disabled=\"off\"][et_pb_column type=\"1_2\"][et_pb_image admin_label=\"Imagen\" src=\"https:\/\/i-bau.es\/wp-content\/uploads\/2021\/12\/R02_00_PORTADA-CUADRADA-1.jpg\" show_in_lightbox=\"off\" url_new_window=\"off\" use_overlay=\"off\" animation=\"fade_in\" sticky=\"off\" align=\"left\" force_fullwidth=\"off\" always_center_on_mobile=\"on\" use_border_color=\"off\" border_color=\"#ffffff\" border_style=\"solid\" disabled=\"off\"]\r\n\r\n\r\n\r\n[\/et_pb_image][\/et_pb_column][et_pb_column type=\"1_2\"][et_pb_text admin_label=\"Texto\" background_layout=\"light\" text_orientation=\"left\" use_border_color=\"on\" border_color=\"#dcdcdc\" border_style=\"solid\" custom_padding=\"1em|1em|1em|1em\" disabled=\"off\"]\r\n\r\nVIVIENDA NORTE DE MADRID: Nueva Construcci\u00f3n de Vivienda Unifamiliar con piscina y jard\u00edn en la zona Norte de Madrid.\r\n\r\nAnteproyecto, Proyecto B\u00e1sico, Proyecto de Ejecuci\u00f3n y Direcci\u00f3n de Obra y Direcci\u00f3n de Ejecuci\u00f3n de Obra\r\n\r\nSuperficie vivienda: 466 m\u00b2\r\n\r\nSuperficie parcela: 892 m\u00b2\r\n\r\n2021 \u2013 2023\r\n\r\n<span style=\"color: #5ebbd4;\">Realizado en BIM<\/span>\r\n\r\n[\/et_pb_text][\/et_pb_column][\/et_pb_row][et_pb_row admin_label=\"Fila\" make_fullwidth=\"off\" use_custom_width=\"off\" width_unit=\"off\" custom_width_px=\"1080px\" custom_width_percent=\"80%\" use_custom_gutter=\"off\" gutter_width=\"3\" padding_mobile=\"off\" allow_player_pause=\"off\" parallax=\"off\" parallax_method=\"on\" make_equal=\"off\" column_padding_mobile=\"on\" parallax_1=\"off\" parallax_method_1=\"on\" parallax_2=\"off\" parallax_method_2=\"on\" parallax_3=\"off\" parallax_method_3=\"on\" parallax_4=\"off\" parallax_method_4=\"on\" custom_css_main_element=\"padding-top:0px;\" disabled=\"off\"][et_pb_column type=\"4_4\"][et_pb_gallery admin_label=\"Galer\u00eda\" gallery_ids=\"6075,6072,6073,6076,6074\" fullwidth=\"off\" posts_number=\"36\" show_title_and_caption=\"off\" show_pagination=\"off\" background_layout=\"light\" auto=\"off\" auto_speed=\"7000\" caption_all_caps=\"off\" use_border_color=\"off\" border_color=\"#ffffff\" border_style=\"solid\" disabled=\"off\" hover_overlay_color=\"rgba(255,255,255,0.9)\"]\r\n\r\n\r\n\r\n[\/et_pb_gallery][\/et_pb_column][\/et_pb_row][\/et_pb_section][et_pb_section admin_label=\"Secci\u00f3n\" transparent_background=\"off\" allow_player_pause=\"off\" inner_shadow=\"off\" parallax=\"off\" parallax_method=\"off\" padding_mobile=\"off\" make_fullwidth=\"off\" use_custom_width=\"off\" width_unit=\"on\" custom_width_px=\"1080px\" custom_width_percent=\"80%\" make_equal=\"off\" use_custom_gutter=\"off\" fullwidth=\"on\" specialty=\"off\" module_class=\"volver-atras\" disabled=\"off\"][et_pb_fullwidth_code admin_label=\"Enlace: Volver atr\u00e1s\" disabled=\"off\"]<a href=\"https:\/\/i-bau.es\/proyectos\/viviendas\/\"><\/a>[\/et_pb_fullwidth_code][\/et_pb_section]","_et_gb_content_width":"","footnotes":""},"class_list":["post-3402","page","type-page","status-publish","hentry"],"yoast_head":"<!-- This site is optimized with the Yoast SEO plugin v26.9 - https:\/\/yoast.com\/product\/yoast-seo-wordpress\/ -->\n<title>HOUSE NORTH AREA MADRID - i-bau Architects<\/title>\n<meta name=\"robots\" content=\"index, follow, max-snippet:-1, max-image-preview:large, max-video-preview:-1\" \/>\n<link rel=\"canonical\" href=\"https:\/\/i-bau.es\/english\/projects\/housing\/single-family-home-north-area-madrid\/\" \/>\n<meta property=\"og:locale\" content=\"en_GB\" \/>\n<meta property=\"og:type\" content=\"article\" \/>\n<meta property=\"og:title\" content=\"HOUSE NORTH AREA MADRID - i-bau Architects\" \/>\n<meta property=\"og:description\" content=\"PROJECTS&nbsp;|&nbsp;HOUSING&nbsp;| SINGLE FAMILY HOME IN THE NORTH AREA OF MADRID Single Family Home in the North area of Madrid Design, construction supervision and technical construction supervision House Area: 466 sqm Plotside: 892 sqm 2021 \u2013 2023 BIM\u00a0Project\" \/>\n<meta property=\"og:url\" content=\"https:\/\/i-bau.es\/english\/projects\/housing\/single-family-home-north-area-madrid\/\" \/>\n<meta property=\"og:site_name\" content=\"i-bau Architects\" \/>\n<meta property=\"article:modified_time\" content=\"2025-07-18T12:59:38+00:00\" \/>\n<meta name=\"twitter:card\" content=\"summary_large_image\" \/>\n<meta name=\"twitter:label1\" content=\"Estimated reading time\" \/>\n\t<meta name=\"twitter:data1\" content=\"4 minutes\" \/>\n<script type=\"application\/ld+json\" class=\"yoast-schema-graph\">{\"@context\":\"https:\/\/schema.org\",\"@graph\":[{\"@type\":\"WebPage\",\"@id\":\"https:\/\/i-bau.es\/english\/projects\/housing\/single-family-home-north-area-madrid\/\",\"url\":\"https:\/\/i-bau.es\/english\/projects\/housing\/single-family-home-north-area-madrid\/\",\"name\":\"HOUSE NORTH AREA MADRID - i-bau Architects\",\"isPartOf\":{\"@id\":\"https:\/\/i-bau.es\/english\/#website\"},\"datePublished\":\"2022-05-18T15:01:59+00:00\",\"dateModified\":\"2025-07-18T12:59:38+00:00\",\"breadcrumb\":{\"@id\":\"https:\/\/i-bau.es\/english\/projects\/housing\/single-family-home-north-area-madrid\/#breadcrumb\"},\"inLanguage\":\"en-GB\",\"potentialAction\":[{\"@type\":\"ReadAction\",\"target\":[\"https:\/\/i-bau.es\/english\/projects\/housing\/single-family-home-north-area-madrid\/\"]}]},{\"@type\":\"BreadcrumbList\",\"@id\":\"https:\/\/i-bau.es\/english\/projects\/housing\/single-family-home-north-area-madrid\/#breadcrumb\",\"itemListElement\":[{\"@type\":\"ListItem\",\"position\":1,\"name\":\"Portada\",\"item\":\"https:\/\/i-bau.es\/english\/\"},{\"@type\":\"ListItem\",\"position\":2,\"name\":\"PROJECTS\",\"item\":\"https:\/\/i-bau.es\/english\/projects\/\"},{\"@type\":\"ListItem\",\"position\":3,\"name\":\"HOUSING\",\"item\":\"https:\/\/i-bau.es\/english\/projects\/housing\/\"},{\"@type\":\"ListItem\",\"position\":4,\"name\":\"HOUSE NORTH AREA MADRID\"}]},{\"@type\":\"WebSite\",\"@id\":\"https:\/\/i-bau.es\/english\/#website\",\"url\":\"https:\/\/i-bau.es\/english\/\",\"name\":\"i-bau Architects\",\"description\":\"German-Spanish Architecture Studio in Madrid and Mallorca.\",\"potentialAction\":[{\"@type\":\"SearchAction\",\"target\":{\"@type\":\"EntryPoint\",\"urlTemplate\":\"https:\/\/i-bau.es\/english\/?s={search_term_string}\"},\"query-input\":{\"@type\":\"PropertyValueSpecification\",\"valueRequired\":true,\"valueName\":\"search_term_string\"}}],\"inLanguage\":\"en-GB\"}]}<\/script>\n<!-- \/ Yoast SEO plugin. -->","yoast_head_json":{"title":"HOUSE NORTH AREA MADRID - i-bau Architects","robots":{"index":"index","follow":"follow","max-snippet":"max-snippet:-1","max-image-preview":"max-image-preview:large","max-video-preview":"max-video-preview:-1"},"canonical":"https:\/\/i-bau.es\/english\/projects\/housing\/single-family-home-north-area-madrid\/","og_locale":"en_GB","og_type":"article","og_title":"HOUSE NORTH AREA MADRID - i-bau Architects","og_description":"PROJECTS&nbsp;|&nbsp;HOUSING&nbsp;| SINGLE FAMILY HOME IN THE NORTH AREA OF MADRID Single Family Home in the North area of Madrid Design, construction supervision and technical construction supervision House Area: 466 sqm Plotside: 892 sqm 2021 \u2013 2023 BIM\u00a0Project","og_url":"https:\/\/i-bau.es\/english\/projects\/housing\/single-family-home-north-area-madrid\/","og_site_name":"i-bau Architects","article_modified_time":"2025-07-18T12:59:38+00:00","twitter_card":"summary_large_image","twitter_misc":{"Estimated reading time":"4 minutes"},"schema":{"@context":"https:\/\/schema.org","@graph":[{"@type":"WebPage","@id":"https:\/\/i-bau.es\/english\/projects\/housing\/single-family-home-north-area-madrid\/","url":"https:\/\/i-bau.es\/english\/projects\/housing\/single-family-home-north-area-madrid\/","name":"HOUSE NORTH AREA MADRID - i-bau Architects","isPartOf":{"@id":"https:\/\/i-bau.es\/english\/#website"},"datePublished":"2022-05-18T15:01:59+00:00","dateModified":"2025-07-18T12:59:38+00:00","breadcrumb":{"@id":"https:\/\/i-bau.es\/english\/projects\/housing\/single-family-home-north-area-madrid\/#breadcrumb"},"inLanguage":"en-GB","potentialAction":[{"@type":"ReadAction","target":["https:\/\/i-bau.es\/english\/projects\/housing\/single-family-home-north-area-madrid\/"]}]},{"@type":"BreadcrumbList","@id":"https:\/\/i-bau.es\/english\/projects\/housing\/single-family-home-north-area-madrid\/#breadcrumb","itemListElement":[{"@type":"ListItem","position":1,"name":"Portada","item":"https:\/\/i-bau.es\/english\/"},{"@type":"ListItem","position":2,"name":"PROJECTS","item":"https:\/\/i-bau.es\/english\/projects\/"},{"@type":"ListItem","position":3,"name":"HOUSING","item":"https:\/\/i-bau.es\/english\/projects\/housing\/"},{"@type":"ListItem","position":4,"name":"HOUSE NORTH AREA MADRID"}]},{"@type":"WebSite","@id":"https:\/\/i-bau.es\/english\/#website","url":"https:\/\/i-bau.es\/english\/","name":"i-bau Architects","description":"German-Spanish Architecture Studio in Madrid and Mallorca.","potentialAction":[{"@type":"SearchAction","target":{"@type":"EntryPoint","urlTemplate":"https:\/\/i-bau.es\/english\/?s={search_term_string}"},"query-input":{"@type":"PropertyValueSpecification","valueRequired":true,"valueName":"search_term_string"}}],"inLanguage":"en-GB"}]}},"_links":{"self":[{"href":"https:\/\/i-bau.es\/english\/wp-json\/wp\/v2\/pages\/3402","targetHints":{"allow":["GET"]}}],"collection":[{"href":"https:\/\/i-bau.es\/english\/wp-json\/wp\/v2\/pages"}],"about":[{"href":"https:\/\/i-bau.es\/english\/wp-json\/wp\/v2\/types\/page"}],"author":[{"embeddable":true,"href":"https:\/\/i-bau.es\/english\/wp-json\/wp\/v2\/users\/4"}],"replies":[{"embeddable":true,"href":"https:\/\/i-bau.es\/english\/wp-json\/wp\/v2\/comments?post=3402"}],"version-history":[{"count":6,"href":"https:\/\/i-bau.es\/english\/wp-json\/wp\/v2\/pages\/3402\/revisions"}],"predecessor-version":[{"id":3745,"href":"https:\/\/i-bau.es\/english\/wp-json\/wp\/v2\/pages\/3402\/revisions\/3745"}],"up":[{"embeddable":true,"href":"https:\/\/i-bau.es\/english\/wp-json\/wp\/v2\/pages\/55"}],"wp:attachment":[{"href":"https:\/\/i-bau.es\/english\/wp-json\/wp\/v2\/media?parent=3402"}],"curies":[{"name":"wp","href":"https:\/\/api.w.org\/{rel}","templated":true}]}}