{"id":49,"date":"2016-09-28T12:48:42","date_gmt":"2016-09-28T12:48:42","guid":{"rendered":"https:\/\/i-bau.es\/english\/?page_id=49"},"modified":"2025-06-10T11:32:44","modified_gmt":"2025-06-10T09:32:44","slug":"privacy-policy","status":"publish","type":"page","link":"https:\/\/i-bau.es\/english\/privacy-policy\/","title":{"rendered":"PRIVACY POLICY"},"content":{"rendered":"<p>[et_pb_section admin_label=&#8221;Secci\u00f3n&#8221; global_module=&#8221;970&#8243; transparent_background=&#8221;off&#8221; allow_player_pause=&#8221;off&#8221; inner_shadow=&#8221;off&#8221; parallax=&#8221;off&#8221; parallax_method=&#8221;off&#8221; padding_mobile=&#8221;off&#8221; make_fullwidth=&#8221;off&#8221; use_custom_width=&#8221;off&#8221; width_unit=&#8221;on&#8221; custom_width_px=&#8221;1080px&#8221; custom_width_percent=&#8221;80%&#8221; make_equal=&#8221;off&#8221; use_custom_gutter=&#8221;off&#8221; fullwidth=&#8221;on&#8221; specialty=&#8221;off&#8221; module_class=&#8221;cabecera&#8221; disabled=&#8221;off&#8221;][et_pb_fullwidth_header global_parent=&#8221;970&#8243; admin_label=&#8221;Cabecera \/ Logotipo&#8221; background_layout=&#8221;dark&#8221; text_orientation=&#8221;left&#8221; header_fullscreen=&#8221;off&#8221; header_scroll_down=&#8221;off&#8221; background_url=&#8221;https:\/\/i-bau.es\/wp-content\/uploads\/2016\/09\/cabecera03.jpg&#8221; parallax=&#8221;off&#8221; parallax_method=&#8221;off&#8221; logo_image_url=&#8221;https:\/\/i-bau.es\/wp-content\/uploads\/2016\/09\/logotipo.png&#8221; logo_alt_text=&#8221;i-bau arquitectos&#8221; content_orientation=&#8221;center&#8221; image_orientation=&#8221;bottom&#8221; custom_button_one=&#8221;off&#8221; button_one_letter_spacing=&#8221;0&#8243; button_one_use_icon=&#8221;default&#8221; button_one_icon_placement=&#8221;right&#8221; button_one_on_hover=&#8221;on&#8221; button_one_letter_spacing_hover=&#8221;0&#8243; custom_button_two=&#8221;off&#8221; button_two_letter_spacing=&#8221;0&#8243; button_two_use_icon=&#8221;default&#8221; button_two_icon_placement=&#8221;right&#8221; button_two_on_hover=&#8221;on&#8221; button_two_letter_spacing_hover=&#8221;0&#8243; custom_css_logo=&#8221;max-width:40%;&#8221; disabled=&#8221;off&#8221; locked=&#8221;off&#8221;]<\/p>\n<p>[\/et_pb_fullwidth_header][\/et_pb_section][et_pb_section admin_label=&#8221;section&#8221;][et_pb_row admin_label=&#8221;row&#8221; make_fullwidth=&#8221;off&#8221; use_custom_width=&#8221;on&#8221; width_unit=&#8221;on&#8221; custom_width_px=&#8221;560px&#8221; use_custom_gutter=&#8221;off&#8221; padding_mobile=&#8221;off&#8221; allow_player_pause=&#8221;off&#8221; parallax=&#8221;off&#8221; parallax_method=&#8221;off&#8221; make_equal=&#8221;off&#8221; parallax_1=&#8221;off&#8221; parallax_method_1=&#8221;off&#8221; column_padding_mobile=&#8221;on&#8221;][et_pb_column type=&#8221;4_4&#8243;][et_pb_text admin_label=&#8221;Texto&#8221; background_layout=&#8221;light&#8221; text_orientation=&#8221;center&#8221; text_font=&#8221;|||on|&#8221; text_font_size=&#8221;16&#8243; use_border_color=&#8221;off&#8221; border_color=&#8221;#ffffff&#8221; border_style=&#8221;solid&#8221; custom_padding=&#8221;||2em|&#8221;]<\/p>\n<p>Privacy policy<\/p>\n<p>[\/et_pb_text][et_pb_text admin_label=&#8221;Texto&#8221; background_layout=&#8221;light&#8221; text_orientation=&#8221;justified&#8221; use_border_color=&#8221;off&#8221; border_color=&#8221;#ffffff&#8221; border_style=&#8221;solid&#8221;]<\/p>\n<p><strong>1. \u00bfQui\u00e9n es el responsable de tratamiento de sus datos?<\/strong><br \/>\ni-bau Arquitectos y Consultores, S.L.P.<br \/>\nB85970705<br \/>\nAv. de los Toreros, 26 1C. 28028 Madrid, Espa\u00f1a<br \/>\n<a style=\"color: #666666;\" href=\"tel:+34917256790\">00 34 917 256 790<\/a><br \/>\n<a style=\"color: #666666;\" href=\"mailto:admin@i-bau.es\">admin@i-bau.es<\/a><\/p>\n<p>&nbsp;<\/p>\n<p><strong>2. \u00bfQu\u00e9 tipo de datos tenemos sobre su persona y c\u00f3mo los hemos obtenido?<\/strong><br \/>\nLas categor\u00edas de datos personales que tratamos de clientes y proveedores son:<\/p>\n<ul>\n<ul>\n<li type=\"I\">Datos de identificaci\u00f3n<\/li>\n<li type=\"I\">Direcciones postales o electr\u00f3nicas<\/li>\n<li type=\"I\">Informaci\u00f3n comercial<\/li>\n<li type=\"I\">Datos econ\u00f3micos y de transacciones<\/li>\n<li type=\"I\">Datos de navegaci\u00f3n<\/li>\n<li type=\"I\">Imagen\/voz<\/li>\n<\/ul>\n<\/ul>\n<p>Todos los datos arriba mencionados los hemos obtenido o directamente de usted mediante la presentaci\u00f3n de una oferta comercial, propuesta contractual, etc. o mediante su empresa al facilitarnos los datos de identificaci\u00f3n y dem\u00e1s informaci\u00f3n necesaria para llevar al cabo el objeto de la relaci\u00f3n contractual entre las partes. Ser\u00e1 una obligaci\u00f3n suya o de su empresa facilitarnos los datos actualizados en caso de modificaci\u00f3n.<\/p>\n<p>&nbsp;<\/p>\n<p><strong>3. \u00bfCon qu\u00e9 finalidad tratamos sus datos?<br \/>\n<\/strong>Tratamos los datos que nos facilitan las personas interesadas con el fin de gestionar distintas actividades derivadas de procedimientos espec\u00edficos realizados en materia de ventas, servicio post venta, gesti\u00f3n de proveedores, calidad de servicios, etc. De esta manera, utilizaremos sus datos para llevar a cabo alguna de las siguientes acciones:<\/p>\n<ul>\n<ul>\n<li type=\"I\">Prestaci\u00f3n de los servicios solicitados o entrega del producto adquirido.<\/li>\n<li type=\"I\">Env\u00edo de la informaci\u00f3n que nos soliciten mediante el formulario de contacto de nuestra p\u00e1gina web o cualquier otro medio de contacto con nuestra empresa.<\/li>\n<li type=\"I\">Facilitar tanto a los clientes potenciales como a nuestros clientes, ofertas de productos y servicios de su inter\u00e9s.<\/li>\n<li type=\"I\">Llevar a cabo la gesti\u00f3n administrativa, fiscal y contable de nuestros clientes y\/o proveedores.<\/li>\n<li type=\"I\">Llevar a cabo encuestas de satisfacci\u00f3n, estudios de mercado, etc. con el fin de poder ofrecerle las ofertas m\u00e1s adecuadas y una calidad optimizada de servicio, etc.<\/li>\n<\/ul>\n<\/ul>\n<p>Para llevar a cabo cualquiera de estas finalidades podr\u00e1n utilizarse medios electr\u00f3nicos como email, WhatsApp, etc.<\/p>\n<p>&nbsp;<\/p>\n<p><strong>4. \u00bfPor cu\u00e1nto tiempo conservaremos sus datos?<\/strong><\/p>\n<p>Los datos personales relativos a personas f\u00edsicas vinculadas a clientes potenciales, clientes y proveedores que recopilemos mediante los distintos formularios de contacto y\/o recogida de informaci\u00f3n (incluidos los datos recabados a trav\u00e9s de las cookies, si procediera) se conservar\u00e1n mientras no se solicite su supresi\u00f3n por el interesado. Los datos proporcionados por nuestros clientes y proveedores se conservar\u00e1n mientras se mantenga la relaci\u00f3n mercantil entre las partes respetando en cualquier caso los plazos m\u00ednimos legales de conservaci\u00f3n seg\u00fan la materia.<\/p>\n<p>En el caso de las im\u00e1genes obtenidas por el sistema de videovigilancia, el plazo de conservaci\u00f3n de las mismas ser\u00e1 de 1 mes, de conformidad con lo establecido en el art\u00edculo 22.3 de la LOPDGDD, salvo que debieran ser conservados para su entrega a las autoridades competentes.<\/p>\n<p>En cualquier caso, guardaremos sus datos personales durante el per\u00edodo de tiempo que sea razonablemente necesario teniendo en cuenta nuestras necesidades de dar respuesta a cuestiones que se planteen o resolver problemas, realizar mejoras, activar nuevos servicios y cumplir los requisitos que exija la legislaci\u00f3n aplicable. Esto significa que podemos conservar tus datos personales durante un per\u00edodo de tiempo razonable incluso despu\u00e9s de que haya dejado de usar nuestros productos o de que haya dejado de usar esta p\u00e1gina web. Despu\u00e9s de este per\u00edodo, sus datos personales ser\u00e1n eliminados de todos nuestros sistemas.<\/p>\n<p>&nbsp;<\/p>\n<p><strong>5. \u00bfCu\u00e1l es la base de legitimaci\u00f3n para el tratamiento de sus datos?<\/strong><br \/>\nSeg\u00fan tipo de tratamiento de datos la base de legitimaci\u00f3n es la siguiente:<\/p>\n<table style=\"border: 1px solid #666666; border-collapse: collapse;\">\n<tbody>\n<tr style=\"height: 32px;\">\n<td style=\"border: 1px solid #666666; padding: 8px; text-align: center; height: 32px;\" width=\"426\"><strong>TRATAMIENTO<\/strong><\/td>\n<td style=\"border: 1px solid #666666; padding: 8px; text-align: center; height: 32px;\" width=\"426\"><strong>B<\/strong><strong>ASE DE LEGITIMACI\u00d3N<\/strong><\/td>\n<\/tr>\n<tr style=\"height: 70px;\">\n<td style=\"border: 1px solid #666666; padding: 8px; text-align: justify; height: 70px;\" width=\"426\"><strong>Gesti\u00f3n Contable:<\/strong> gesti\u00f3n de facturaci\u00f3n con clientes y\/o proveedores<\/td>\n<td style=\"border: 1px solid #666666; padding: 8px; text-align: justify; height: 70px;\" width=\"426\">Mantenimiento, desarrollo y control de la relaci\u00f3n contractual entre las partes<\/td>\n<\/tr>\n<tr style=\"text-align: justify; height: 89px;\">\n<td style=\"border: 1px solid #666666; padding: 8px; height: 89px;\" width=\"426\"><strong>Gesti\u00f3n fiscal:<\/strong> aplicaci\u00f3n de retenciones, bonificaciones, etc.<\/td>\n<td style=\"border: 1px solid #666666; padding: 8px; height: 89px;\" width=\"426\">Mantenimiento, desarrollo y control de la relaci\u00f3n contractual entre las partes; Cumplimiento obligaciones legales<\/td>\n<\/tr>\n<tr style=\"border: 1px solid #666666; padding: 8px; text-align: justify; height: 89px;\">\n<td style=\"border: 1px solid #666666; padding: 8px; height: 89px;\" width=\"426\"><strong>Gesti\u00f3n administrativa:<\/strong> gesti\u00f3n de log\u00edstica, almac\u00e9n, entregas al cliente, recepci\u00f3n de mercanc\u00edas, etc.<\/td>\n<td style=\"border: 1px solid #666666; padding: 8px; height: 89px;\" width=\"426\">Mantenimiento, desarrollo y control de la relaci\u00f3n contractual entre las partes<\/td>\n<\/tr>\n<tr style=\"text-align: justify; height: 241.391px;\">\n<td style=\"border: 1px solid #666666; padding: 8px; height: 241.391px;\" width=\"426\"><strong>Marketing:<\/strong> Acciones comerciales sobre nuestros productos o servicios dirigidas a nuestros clientes o aquellas personas que nos han solicitado informaci\u00f3n relativa a nuestros productos y servicios en el pasado, incluyendo la realizaci\u00f3n de encuestas de satisfacci\u00f3n a nuestros clientes.<\/td>\n<td style=\"border: 1px solid #666666; padding: 8px; height: 241.391px;\" width=\"426\">Consentimiento libre e inequ\u00edvoco del propio interesado (clientes potenciales), le hacemos constar que la retirada de este consentimiento en ning\u00fan caso puede condicionar la ejecuci\u00f3n del contrato que hubiera entre las partes; inter\u00e9s leg\u00edtimo de la compa\u00f1\u00eda sobre la promoci\u00f3n y comercializaci\u00f3n de productos o servicios similares a los obtenidos o solicitados por las personas interesadas en el pasado.<\/td>\n<\/tr>\n<tr style=\"height: 89px;\">\n<td style=\"border: 1px solid #666666; padding: 8px; text-align: justify; height: 89px;\" width=\"426\"><strong>Datos de navegaci\u00f3n: <\/strong>derivados del uso de cookies<strong><br \/>\n<\/strong><\/td>\n<td style=\"border: 1px solid #666666; padding: 8px; text-align: justify; height: 89px;\" width=\"426\">Consentimiento expreso del interesado.<br \/>\nEjecuci\u00f3n de un contrato para el caso de cookies t\u00e9cnicas necesarias.<\/td>\n<\/tr>\n<tr style=\"height: 89px;\">\n<td style=\"border: 1px solid #666666; padding: 8px; text-align: justify; height: 89px;\" width=\"426\"><strong>Im\u00e1genes\/voz de clientes: <\/strong>publicaci\u00f3n de im\u00e1genes\/voz en web de la empresa, libros que publique la empresa, RRSS, etc.<\/td>\n<td style=\"border: 1px solid #666666; padding: 8px; text-align: justify; height: 89px;\" width=\"426\">Consentimiento expreso del interesado.<\/td>\n<\/tr>\n<\/tbody>\n<\/table>\n<p>En el supuesto de que no facilite sus datos de car\u00e1cter personal no se podr\u00e1 ejecutar su contrato, cumplir las obligaciones legales o derivadas de los poderes p\u00fablicos.<\/p>\n<p>&nbsp;<\/p>\n<p><strong>6. \u00bfA qu\u00e9 destinatarios se comunicar\u00e1n sus datos?<\/strong><\/p>\n<p>No cederemos sus datos personales a ninguna empresa tercera que pretenda utilizarlos en sus acciones de marketing directo, excepto en el caso de que nos haya autorizado expresamente a ello.<\/p>\n<p>Le informamos que podemos facilitar sus datos personales a organismos de la Administraci\u00f3n P\u00fablica y Autoridades competentes en aquellos casos en que nos requieran legalmente o en los casos en que, actuando de buena fe, consideremos que tal acci\u00f3n es razonablemente necesaria para cumplir con un proceso judicial; para contestar cualquier reclamaci\u00f3n o demanda jur\u00eddica; o para proteger los derechos de la empresa o sus clientes y el p\u00fablico en general.<\/p>\n<p>Le informamos que sus datos no van a ser cedidos o comunicados a terceros, la empresa es la \u00fanica responsable para su tratamiento y custodia.<\/p>\n<p>S\u00ed proporcionaremos sus datos personales a terceras personas (Ej. proveedores de servicios de Internet que nos ayudan a administrar nuestra p\u00e1gina web o llevar a cabo los servicios contratados, empresas de soporte y mantenimiento inform\u00e1tico, empresas de log\u00edstica, gestor\u00edas y asesoramiento fiscal y contable, etc.). En cualquier caso, estas terceras personas deben mantener, en todo momento, los mismos niveles de seguridad que nosotros en relaci\u00f3n a sus datos personales y, cuando sea necesario, estar\u00e1n vinculadas por compromisos legales a fin de guardar sus datos personales de forma privada y segura, y tambi\u00e9n para utilizar \u00fanicamente la informaci\u00f3n siguiendo instrucciones espec\u00edficas de la empresa.<\/p>\n<p>&nbsp;<\/p>\n<p><strong>7. \u00bfTransferencias de datos a terceros pa\u00edses?<\/strong><br \/>\nNo est\u00e1n previstas transferencias de datos a terceros pa\u00edses.<\/p>\n<p>&nbsp;<\/p>\n<p><strong>8. \u00bfCu\u00e1les son sus derechos como interesado?<\/strong><\/p>\n<p>Cualquier persona tiene derecho a obtener confirmaci\u00f3n sobre si estamos tratando datos personales que le conciernan, o no.<\/p>\n<p>En concreto, las personas interesadas pueden solicitar el derecho de acceso a sus datos personales, as\u00ed como recibirlos en un formato com\u00fan y lectura mecanizada si el tratamiento se efect\u00faa por medios electr\u00f3nicos (derecho de portabilidad).<\/p>\n<p>Asimismo, las personas interesadas pueden solicitar el derecho de rectificaci\u00f3n de los datos inexactos o, en su caso, solicitar su supresi\u00f3n cuando, entre otros motivos, los datos ya no sean necesarios para los fines que fueron recogidos.<\/p>\n<p>Complementariamente, en determinadas circunstancias, los interesados podr\u00e1n solicitar la limitaci\u00f3n del tratamiento de sus datos, o en determinadas circunstancias y por motivos relacionados con su situaci\u00f3n particular, los interesados podr\u00e1n ejercitar su derecho a oponerse al tratamiento de sus datos. Dejaremos de tratar los datos, salvo por motivos leg\u00edtimos imperiosos, o el ejercicio o la defensa de posibles reclamaciones o en aquellas excepciones establecidas en la normativa aplicable.<\/p>\n<p>Asimismo, le informamos que tiene derecho a retirar sus consentimientos otorgados en cualquier momento, sin que ello afecte a la licitud del tratamiento basado en el consentimiento previo a su retirada.<\/p>\n<p>As\u00ed mismo se informa al Usuario que en cualquier momento puede ejercitar los mencionados derechos dirigi\u00e9ndose por escrito a nosotros utilizando los datos de contacto que aparecen en el punto 1. Cuando el responsable del tratamiento tenga dudas razonables en relaci\u00f3n con la identidad de la persona f\u00edsica que cursa la solicitud, podr\u00e1 solicitar que se facilite la informaci\u00f3n adicional necesaria para confirmar su identidad.<\/p>\n<p>Usted tambi\u00e9n tendr\u00e1 el derecho a presentar una reclamaci\u00f3n ante la Agencia Espa\u00f1ola de Protecci\u00f3n de datos, especialmente cuando no haya obtenido satisfacci\u00f3n en el ejercicio de sus derechos.<\/p>\n<p style=\"text-align: center;\"><a href=\"http:\/\/www.agpd.es\/portalwebAGPD\/index-ides-idphp.php\">http:\/\/www.agpd.es\/portalwebAGPD\/index-ides-idphp.php<\/a><\/p>\n<p>Por otro lado, de acuerdo con lo dispuesto en la Ley 34\/2002, de 11 de Julio, de Servicios de la Sociedad de Informaci\u00f3n y de Comercio Electr\u00f3nico, nos comprometemos no enviar informaci\u00f3n comercial si usted as\u00ed nos lo ha hecho saber.<\/p>\n<p>[\/et_pb_text][\/et_pb_column][\/et_pb_row][\/et_pb_section]<\/p>\n","protected":false},"excerpt":{"rendered":"<p>Privacy policy 1. \u00bfQui\u00e9n es el responsable de tratamiento de sus datos? i-bau Arquitectos y Consultores, S.L.P. B85970705 Av. de los Toreros, 26 1C. 28028 Madrid, Espa\u00f1a 00 34 917 256 790 admin@i-bau.es &nbsp; 2. \u00bfQu\u00e9 tipo de datos tenemos sobre su persona y c\u00f3mo los hemos obtenido? Las categor\u00edas de datos personales que tratamos [&hellip;]<\/p>\n","protected":false},"author":2,"featured_media":0,"parent":0,"menu_order":22,"comment_status":"closed","ping_status":"closed","template":"","meta":{"_et_pb_use_builder":"on","_et_pb_old_content":"","_et_gb_content_width":"","footnotes":""},"class_list":["post-49","page","type-page","status-publish","hentry"],"yoast_head":"<!-- This site is optimized with the Yoast SEO plugin v26.9 - https:\/\/yoast.com\/product\/yoast-seo-wordpress\/ -->\n<title>PRIVACY POLICY - i-bau Architects<\/title>\n<meta name=\"robots\" content=\"index, follow, max-snippet:-1, max-image-preview:large, max-video-preview:-1\" \/>\n<link rel=\"canonical\" href=\"https:\/\/i-bau.es\/english\/privacy-policy\/\" \/>\n<meta property=\"og:locale\" content=\"en_GB\" \/>\n<meta property=\"og:type\" content=\"article\" \/>\n<meta property=\"og:title\" content=\"PRIVACY POLICY - i-bau Architects\" \/>\n<meta property=\"og:description\" content=\"Privacy policy 1. \u00bfQui\u00e9n es el responsable de tratamiento de sus datos? i-bau Arquitectos y Consultores, S.L.P. B85970705 Av. de los Toreros, 26 1C. 28028 Madrid, Espa\u00f1a 00 34 917 256 790 admin@i-bau.es &nbsp; 2. \u00bfQu\u00e9 tipo de datos tenemos sobre su persona y c\u00f3mo los hemos obtenido? Las categor\u00edas de datos personales que tratamos [&hellip;]\" \/>\n<meta property=\"og:url\" content=\"https:\/\/i-bau.es\/english\/privacy-policy\/\" \/>\n<meta property=\"og:site_name\" content=\"i-bau Architects\" \/>\n<meta property=\"article:modified_time\" content=\"2025-06-10T09:32:44+00:00\" \/>\n<meta name=\"twitter:card\" content=\"summary_large_image\" \/>\n<meta name=\"twitter:label1\" content=\"Estimated reading time\" \/>\n\t<meta name=\"twitter:data1\" content=\"9 minutes\" \/>\n<script type=\"application\/ld+json\" class=\"yoast-schema-graph\">{\"@context\":\"https:\/\/schema.org\",\"@graph\":[{\"@type\":\"WebPage\",\"@id\":\"https:\/\/i-bau.es\/english\/privacy-policy\/\",\"url\":\"https:\/\/i-bau.es\/english\/privacy-policy\/\",\"name\":\"PRIVACY POLICY - i-bau Architects\",\"isPartOf\":{\"@id\":\"https:\/\/i-bau.es\/english\/#website\"},\"datePublished\":\"2016-09-28T12:48:42+00:00\",\"dateModified\":\"2025-06-10T09:32:44+00:00\",\"breadcrumb\":{\"@id\":\"https:\/\/i-bau.es\/english\/privacy-policy\/#breadcrumb\"},\"inLanguage\":\"en-GB\",\"potentialAction\":[{\"@type\":\"ReadAction\",\"target\":[\"https:\/\/i-bau.es\/english\/privacy-policy\/\"]}]},{\"@type\":\"BreadcrumbList\",\"@id\":\"https:\/\/i-bau.es\/english\/privacy-policy\/#breadcrumb\",\"itemListElement\":[{\"@type\":\"ListItem\",\"position\":1,\"name\":\"Portada\",\"item\":\"https:\/\/i-bau.es\/english\/\"},{\"@type\":\"ListItem\",\"position\":2,\"name\":\"PRIVACY POLICY\"}]},{\"@type\":\"WebSite\",\"@id\":\"https:\/\/i-bau.es\/english\/#website\",\"url\":\"https:\/\/i-bau.es\/english\/\",\"name\":\"i-bau Architects\",\"description\":\"German-Spanish Architecture Studio in Madrid and Mallorca.\",\"potentialAction\":[{\"@type\":\"SearchAction\",\"target\":{\"@type\":\"EntryPoint\",\"urlTemplate\":\"https:\/\/i-bau.es\/english\/?s={search_term_string}\"},\"query-input\":{\"@type\":\"PropertyValueSpecification\",\"valueRequired\":true,\"valueName\":\"search_term_string\"}}],\"inLanguage\":\"en-GB\"}]}<\/script>\n<!-- \/ Yoast SEO plugin. -->","yoast_head_json":{"title":"PRIVACY POLICY - i-bau Architects","robots":{"index":"index","follow":"follow","max-snippet":"max-snippet:-1","max-image-preview":"max-image-preview:large","max-video-preview":"max-video-preview:-1"},"canonical":"https:\/\/i-bau.es\/english\/privacy-policy\/","og_locale":"en_GB","og_type":"article","og_title":"PRIVACY POLICY - i-bau Architects","og_description":"Privacy policy 1. \u00bfQui\u00e9n es el responsable de tratamiento de sus datos? i-bau Arquitectos y Consultores, S.L.P. B85970705 Av. de los Toreros, 26 1C. 28028 Madrid, Espa\u00f1a 00 34 917 256 790 admin@i-bau.es &nbsp; 2. \u00bfQu\u00e9 tipo de datos tenemos sobre su persona y c\u00f3mo los hemos obtenido? Las categor\u00edas de datos personales que tratamos [&hellip;]","og_url":"https:\/\/i-bau.es\/english\/privacy-policy\/","og_site_name":"i-bau Architects","article_modified_time":"2025-06-10T09:32:44+00:00","twitter_card":"summary_large_image","twitter_misc":{"Estimated reading time":"9 minutes"},"schema":{"@context":"https:\/\/schema.org","@graph":[{"@type":"WebPage","@id":"https:\/\/i-bau.es\/english\/privacy-policy\/","url":"https:\/\/i-bau.es\/english\/privacy-policy\/","name":"PRIVACY POLICY - i-bau Architects","isPartOf":{"@id":"https:\/\/i-bau.es\/english\/#website"},"datePublished":"2016-09-28T12:48:42+00:00","dateModified":"2025-06-10T09:32:44+00:00","breadcrumb":{"@id":"https:\/\/i-bau.es\/english\/privacy-policy\/#breadcrumb"},"inLanguage":"en-GB","potentialAction":[{"@type":"ReadAction","target":["https:\/\/i-bau.es\/english\/privacy-policy\/"]}]},{"@type":"BreadcrumbList","@id":"https:\/\/i-bau.es\/english\/privacy-policy\/#breadcrumb","itemListElement":[{"@type":"ListItem","position":1,"name":"Portada","item":"https:\/\/i-bau.es\/english\/"},{"@type":"ListItem","position":2,"name":"PRIVACY POLICY"}]},{"@type":"WebSite","@id":"https:\/\/i-bau.es\/english\/#website","url":"https:\/\/i-bau.es\/english\/","name":"i-bau Architects","description":"German-Spanish Architecture Studio in Madrid and Mallorca.","potentialAction":[{"@type":"SearchAction","target":{"@type":"EntryPoint","urlTemplate":"https:\/\/i-bau.es\/english\/?s={search_term_string}"},"query-input":{"@type":"PropertyValueSpecification","valueRequired":true,"valueName":"search_term_string"}}],"inLanguage":"en-GB"}]}},"_links":{"self":[{"href":"https:\/\/i-bau.es\/english\/wp-json\/wp\/v2\/pages\/49","targetHints":{"allow":["GET"]}}],"collection":[{"href":"https:\/\/i-bau.es\/english\/wp-json\/wp\/v2\/pages"}],"about":[{"href":"https:\/\/i-bau.es\/english\/wp-json\/wp\/v2\/types\/page"}],"author":[{"embeddable":true,"href":"https:\/\/i-bau.es\/english\/wp-json\/wp\/v2\/users\/2"}],"replies":[{"embeddable":true,"href":"https:\/\/i-bau.es\/english\/wp-json\/wp\/v2\/comments?post=49"}],"version-history":[{"count":7,"href":"https:\/\/i-bau.es\/english\/wp-json\/wp\/v2\/pages\/49\/revisions"}],"predecessor-version":[{"id":3860,"href":"https:\/\/i-bau.es\/english\/wp-json\/wp\/v2\/pages\/49\/revisions\/3860"}],"wp:attachment":[{"href":"https:\/\/i-bau.es\/english\/wp-json\/wp\/v2\/media?parent=49"}],"curies":[{"name":"wp","href":"https:\/\/api.w.org\/{rel}","templated":true}]}}